{"id":996,"date":"2021-12-03T21:17:01","date_gmt":"2021-12-03T21:17:01","guid":{"rendered":"http:\/\/dev.keddstudio.com\/?page_id=996"},"modified":"2025-03-07T17:24:14","modified_gmt":"2025-03-07T17:24:14","slug":"kuflik_1","status":"publish","type":"page","link":"https:\/\/www.keddstudio.com\/index.php\/kuflik_1\/","title":{"rendered":"Kuflis 1"},"content":{"rendered":"\t\t<div data-elementor-type=\"wp-page\" data-elementor-id=\"996\" class=\"elementor elementor-996\" data-elementor-post-type=\"page\">\n\t\t\t\t\t\t<section class=\"elementor-section elementor-top-section elementor-element elementor-element-14b4f24 elementor-section-full_width elementor-section-height-default elementor-section-height-default\" data-id=\"14b4f24\" data-element_type=\"section\">\n\t\t\t\t\t\t<div class=\"elementor-container elementor-column-gap-no\">\n\t\t\t\t\t<div class=\"elementor-column elementor-col-100 elementor-top-column elementor-element elementor-element-4b10644\" data-id=\"4b10644\" data-element_type=\"column\">\n\t\t\t<div class=\"elementor-widget-wrap elementor-element-populated\">\n\t\t\t\t\t\t<div class=\"elementor-element elementor-element-89072fa elementor-widget elementor-widget-image\" data-id=\"89072fa\" data-element_type=\"widget\" data-widget_type=\"image.default\">\n\t\t\t\t<div class=\"elementor-widget-container\">\n\t\t\t\t\t\t\t\t\t\t\t\t\t\t\t<img fetchpriority=\"high\" decoding=\"async\" width=\"1920\" height=\"650\" src=\"https:\/\/www.keddstudio.com\/wp-content\/uploads\/2023\/09\/The_Kuflis_oldalforito.jpg\" class=\"attachment-2048x2048 size-2048x2048 wp-image-4297\" alt=\"\" srcset=\"https:\/\/www.keddstudio.com\/wp-content\/uploads\/2023\/09\/The_Kuflis_oldalforito.jpg 1920w, https:\/\/www.keddstudio.com\/wp-content\/uploads\/2023\/09\/The_Kuflis_oldalforito-300x102.jpg 300w, https:\/\/www.keddstudio.com\/wp-content\/uploads\/2023\/09\/The_Kuflis_oldalforito-1024x347.jpg 1024w, https:\/\/www.keddstudio.com\/wp-content\/uploads\/2023\/09\/The_Kuflis_oldalforito-768x260.jpg 768w, https:\/\/www.keddstudio.com\/wp-content\/uploads\/2023\/09\/The_Kuflis_oldalforito-1536x520.jpg 1536w, https:\/\/www.keddstudio.com\/wp-content\/uploads\/2023\/09\/The_Kuflis_oldalforito-1170x396.jpg 1170w, https:\/\/www.keddstudio.com\/wp-content\/uploads\/2023\/09\/The_Kuflis_oldalforito-370x125.jpg 370w, https:\/\/www.keddstudio.com\/wp-content\/uploads\/2023\/09\/The_Kuflis_oldalforito-870x295.jpg 870w, https:\/\/www.keddstudio.com\/wp-content\/uploads\/2023\/09\/The_Kuflis_oldalforito-390x132.jpg 390w\" sizes=\"(max-width: 1920px) 100vw, 1920px\" \/>\t\t\t\t\t\t\t\t\t\t\t\t\t\t\t<\/div>\n\t\t\t\t<\/div>\n\t\t\t\t<div class=\"elementor-element elementor-element-e7435c4 elementor-widget elementor-widget-heading\" data-id=\"e7435c4\" data-element_type=\"widget\" data-widget_type=\"heading.default\">\n\t\t\t\t<div class=\"elementor-widget-container\">\n\t\t\t\t\t<h2 class=\"elementor-heading-title elementor-size-xl\">Kuflis 1. \u2013  A mound in a meadow<\/h2>\t\t\t\t<\/div>\n\t\t\t\t<\/div>\n\t\t\t\t<div class=\"elementor-element elementor-element-2002309 elementor-widget elementor-widget-heading\" data-id=\"2002309\" data-element_type=\"widget\" data-widget_type=\"heading.default\">\n\t\t\t\t<div class=\"elementor-widget-container\">\n\t\t\t\t\t<h2 class=\"elementor-heading-title elementor-size-large\">Crazy-lazy adventures <\/h2>\t\t\t\t<\/div>\n\t\t\t\t<\/div>\n\t\t\t\t\t<\/div>\n\t\t<\/div>\n\t\t\t\t\t<\/div>\n\t\t<\/section>\n\t\t\t\t<section class=\"elementor-section elementor-top-section elementor-element elementor-element-d842865 elementor-section-full_width elementor-section-height-default elementor-section-height-default\" data-id=\"d842865\" data-element_type=\"section\">\n\t\t\t\t\t\t<div class=\"elementor-container elementor-column-gap-narrow\">\n\t\t\t\t\t<div class=\"elementor-column elementor-col-33 elementor-top-column elementor-element elementor-element-d51303b\" data-id=\"d51303b\" data-element_type=\"column\">\n\t\t\t<div class=\"elementor-widget-wrap elementor-element-populated\">\n\t\t\t\t\t\t<div class=\"elementor-element elementor-element-fd0fb1e elementor-widget elementor-widget-image\" data-id=\"fd0fb1e\" data-element_type=\"widget\" data-widget_type=\"image.default\">\n\t\t\t\t<div class=\"elementor-widget-container\">\n\t\t\t\t\t\t\t\t\t\t\t\t\t\t\t<img decoding=\"async\" width=\"625\" height=\"352\" src=\"https:\/\/www.keddstudio.com\/wp-content\/uploads\/2023\/09\/The_Kuflis_s1_1.jpg\" class=\"attachment-large size-large wp-image-4306\" alt=\"\" srcset=\"https:\/\/www.keddstudio.com\/wp-content\/uploads\/2023\/09\/The_Kuflis_s1_1.jpg 625w, https:\/\/www.keddstudio.com\/wp-content\/uploads\/2023\/09\/The_Kuflis_s1_1-300x170.jpg 300w, https:\/\/www.keddstudio.com\/wp-content\/uploads\/2023\/09\/The_Kuflis_s1_1-370x208.jpg 370w, https:\/\/www.keddstudio.com\/wp-content\/uploads\/2023\/09\/The_Kuflis_s1_1-390x220.jpg 390w\" sizes=\"(max-width: 625px) 100vw, 625px\" \/>\t\t\t\t\t\t\t\t\t\t\t\t\t\t\t<\/div>\n\t\t\t\t<\/div>\n\t\t\t\t\t<\/div>\n\t\t<\/div>\n\t\t\t\t<div class=\"elementor-column elementor-col-33 elementor-top-column elementor-element elementor-element-c012edd\" data-id=\"c012edd\" data-element_type=\"column\">\n\t\t\t<div class=\"elementor-widget-wrap elementor-element-populated\">\n\t\t\t\t\t\t<div class=\"elementor-element elementor-element-f74dc59 elementor-widget elementor-widget-video\" data-id=\"f74dc59\" data-element_type=\"widget\" data-settings=\"{&quot;youtube_url&quot;:&quot;https:\\\/\\\/youtu.be\\\/qzcDgWYcluU&quot;,&quot;video_type&quot;:&quot;youtube&quot;,&quot;controls&quot;:&quot;yes&quot;}\" data-widget_type=\"video.default\">\n\t\t\t\t<div class=\"elementor-widget-container\">\n\t\t\t\t\t\t\t<div class=\"elementor-wrapper elementor-open-inline\">\n\t\t\t<div class=\"elementor-video\"><\/div>\t\t<\/div>\n\t\t\t\t\t\t<\/div>\n\t\t\t\t<\/div>\n\t\t\t\t\t<\/div>\n\t\t<\/div>\n\t\t\t\t<div class=\"elementor-column elementor-col-33 elementor-top-column elementor-element elementor-element-0da3327\" data-id=\"0da3327\" data-element_type=\"column\">\n\t\t\t<div class=\"elementor-widget-wrap elementor-element-populated\">\n\t\t\t\t\t\t<div class=\"elementor-element elementor-element-654f8f3 elementor-widget elementor-widget-image\" data-id=\"654f8f3\" data-element_type=\"widget\" data-widget_type=\"image.default\">\n\t\t\t\t<div class=\"elementor-widget-container\">\n\t\t\t\t\t\t\t\t\t\t\t\t\t\t\t<img decoding=\"async\" width=\"625\" height=\"352\" src=\"https:\/\/www.keddstudio.com\/wp-content\/uploads\/2023\/09\/The_Kuflis_s1_2.jpg\" class=\"attachment-large size-large wp-image-4307\" alt=\"\" srcset=\"https:\/\/www.keddstudio.com\/wp-content\/uploads\/2023\/09\/The_Kuflis_s1_2.jpg 625w, https:\/\/www.keddstudio.com\/wp-content\/uploads\/2023\/09\/The_Kuflis_s1_2-300x170.jpg 300w, https:\/\/www.keddstudio.com\/wp-content\/uploads\/2023\/09\/The_Kuflis_s1_2-370x208.jpg 370w, https:\/\/www.keddstudio.com\/wp-content\/uploads\/2023\/09\/The_Kuflis_s1_2-390x220.jpg 390w\" sizes=\"(max-width: 625px) 100vw, 625px\" \/>\t\t\t\t\t\t\t\t\t\t\t\t\t\t\t<\/div>\n\t\t\t\t<\/div>\n\t\t\t\t\t<\/div>\n\t\t<\/div>\n\t\t\t\t\t<\/div>\n\t\t<\/section>\n\t\t\t\t<section class=\"elementor-section elementor-top-section elementor-element elementor-element-2ef109e elementor-section-boxed elementor-section-height-default elementor-section-height-default\" data-id=\"2ef109e\" data-element_type=\"section\">\n\t\t\t\t\t\t<div class=\"elementor-container elementor-column-gap-default\">\n\t\t\t\t\t<div class=\"elementor-column elementor-col-100 elementor-top-column elementor-element elementor-element-400fe5a\" data-id=\"400fe5a\" data-element_type=\"column\">\n\t\t\t<div class=\"elementor-widget-wrap elementor-element-populated\">\n\t\t\t\t\t\t<div class=\"elementor-element elementor-element-afdc618 elementor-widget elementor-widget-spacer\" data-id=\"afdc618\" data-element_type=\"widget\" data-widget_type=\"spacer.default\">\n\t\t\t\t<div class=\"elementor-widget-container\">\n\t\t\t\t\t\t\t<div class=\"elementor-spacer\">\n\t\t\t<div class=\"elementor-spacer-inner\"><\/div>\n\t\t<\/div>\n\t\t\t\t\t\t<\/div>\n\t\t\t\t<\/div>\n\t\t\t\t\t<\/div>\n\t\t<\/div>\n\t\t\t\t\t<\/div>\n\t\t<\/section>\n\t\t\t\t<section class=\"elementor-section elementor-top-section elementor-element elementor-element-6d5f24d elementor-section-boxed elementor-section-height-default elementor-section-height-default\" data-id=\"6d5f24d\" data-element_type=\"section\" data-settings=\"{&quot;background_background&quot;:&quot;slideshow&quot;,&quot;background_slideshow_gallery&quot;:[{&quot;id&quot;:1095,&quot;url&quot;:&quot;http:\\\/\\\/dev.keddstudio.com\\\/wp-content\\\/uploads\\\/2021\\\/12\\\/Textura_Valer.png&quot;}],&quot;background_slideshow_loop&quot;:&quot;yes&quot;,&quot;background_slideshow_slide_duration&quot;:5000,&quot;background_slideshow_slide_transition&quot;:&quot;fade&quot;,&quot;background_slideshow_transition_duration&quot;:500}\">\n\t\t\t\t\t\t\t<div class=\"elementor-background-overlay\"><\/div>\n\t\t\t\t\t\t\t<div class=\"elementor-container elementor-column-gap-default\">\n\t\t\t\t\t<div class=\"elementor-column elementor-col-50 elementor-top-column elementor-element elementor-element-94c080a\" data-id=\"94c080a\" data-element_type=\"column\">\n\t\t\t<div class=\"elementor-widget-wrap elementor-element-populated\">\n\t\t\t\t\t\t<div class=\"elementor-element elementor-element-09ad2fe elementor-widget elementor-widget-image\" data-id=\"09ad2fe\" data-element_type=\"widget\" data-widget_type=\"image.default\">\n\t\t\t\t<div class=\"elementor-widget-container\">\n\t\t\t\t\t\t\t\t\t\t\t\t\t\t\t<img loading=\"lazy\" decoding=\"async\" width=\"427\" height=\"455\" src=\"https:\/\/www.keddstudio.com\/wp-content\/uploads\/2022\/08\/kuflik_csoportkep_05.png\" class=\"attachment-large size-large wp-image-1903\" alt=\"\" srcset=\"https:\/\/www.keddstudio.com\/wp-content\/uploads\/2022\/08\/kuflik_csoportkep_05.png 427w, https:\/\/www.keddstudio.com\/wp-content\/uploads\/2022\/08\/kuflik_csoportkep_05-282x300.png 282w, https:\/\/www.keddstudio.com\/wp-content\/uploads\/2022\/08\/kuflik_csoportkep_05-370x394.png 370w, https:\/\/www.keddstudio.com\/wp-content\/uploads\/2022\/08\/kuflik_csoportkep_05-390x416.png 390w, https:\/\/www.keddstudio.com\/wp-content\/uploads\/2022\/08\/kuflik_csoportkep_05-300x320.png 300w\" sizes=\"(max-width: 427px) 100vw, 427px\" \/>\t\t\t\t\t\t\t\t\t\t\t\t\t\t\t<\/div>\n\t\t\t\t<\/div>\n\t\t\t\t\t<\/div>\n\t\t<\/div>\n\t\t\t\t<div class=\"elementor-column elementor-col-50 elementor-top-column elementor-element elementor-element-f84464c\" data-id=\"f84464c\" data-element_type=\"column\">\n\t\t\t<div class=\"elementor-widget-wrap elementor-element-populated\">\n\t\t\t\t\t\t<div class=\"elementor-element elementor-element-7a5a751 elementor-widget elementor-widget-heading\" data-id=\"7a5a751\" data-element_type=\"widget\" data-widget_type=\"heading.default\">\n\t\t\t\t<div class=\"elementor-widget-container\">\n\t\t\t\t\t<h2 class=\"elementor-heading-title elementor-size-large\">Synopsis<\/h2>\t\t\t\t<\/div>\n\t\t\t\t<\/div>\n\t\t\t\t<div class=\"elementor-element elementor-element-c166ee8 elementor-widget elementor-widget-text-editor\" data-id=\"c166ee8\" data-element_type=\"widget\" data-widget_type=\"text-editor.default\">\n\t\t\t\t<div class=\"elementor-widget-container\">\n\t\t\t\t\t\t\t\t\t<p>The stories feature seven colorful, quirky fairy-tale characters who live their quiet, everyday lives in a mound in the middle of the deserted Meadow. Their favorite pastime is doing nothing but lying around, yet each episode takes them on unexpected and strange adventures. The characters in this series with absurd humor are most relatable to school children aged 6-12, but are guaranteed fun for the whole family.<\/p>\t\t\t\t\t\t\t\t<\/div>\n\t\t\t\t<\/div>\n\t\t\t\t<div class=\"elementor-element elementor-element-eee03ca elementor-widget elementor-widget-heading\" data-id=\"eee03ca\" data-element_type=\"widget\" data-widget_type=\"heading.default\">\n\t\t\t\t<div class=\"elementor-widget-container\">\n\t\t\t\t\t<h2 class=\"elementor-heading-title elementor-size-large\">Technical information<\/h2>\t\t\t\t<\/div>\n\t\t\t\t<\/div>\n\t\t\t\t<div class=\"elementor-element elementor-element-cc7fc51 elementor-widget elementor-widget-text-editor\" data-id=\"cc7fc51\" data-element_type=\"widget\" data-widget_type=\"text-editor.default\">\n\t\t\t\t<div class=\"elementor-widget-container\">\n\t\t\t\t\t\t\t\t\t<p>Format: 2D HD \u2013 13\u00d77\u2019<br \/>Genre: Comedy, Family<br \/>Target: Gradeschoolers &#8211; Tweens<br \/>Status: Completed<br \/>Production: <strong>KEDD Animation Studio, 2017<br \/><\/strong>Directed by <strong>Krist\u00f3f\u00a0 Jurik (Episodes 03-13.), <\/strong><strong>G\u00e9za M. T\u00f3th (Episodes 03-13.), Szabolcs P\u00e1lfi (Episodes 01-02.)<br \/><\/strong>Script, design and character design:\u00a0<strong> Andr\u00e1s D\u00e1niel<br \/><\/strong>Storyteller: <strong>P\u00e9ter Scherer<br \/><\/strong>Produced by\u00a0<strong>G\u00e9za M. T\u00f3th<br \/><\/strong>Music by <strong>Bal\u00e1zs Alp\u00e1r<\/strong><br \/>Languages: Hungarian with English subtitles<\/p>\t\t\t\t\t\t\t\t<\/div>\n\t\t\t\t<\/div>\n\t\t\t\t\t<\/div>\n\t\t<\/div>\n\t\t\t\t\t<\/div>\n\t\t<\/section>\n\t\t\t\t<\/div>\n\t\t","protected":false},"excerpt":{"rendered":"<p>Kuflis 1. \u2013 A mound in a meadow Crazy-lazy adventures Synopsis The stories feature seven colorful, quirky fairy-tale characters who live their quiet, everyday lives in a mound in the middle of the deserted Meadow. Their favorite pastime is doing nothing but lying around, yet each episode takes them on unexpected and strange adventures. The [&hellip;]<\/p>\n","protected":false},"author":2,"featured_media":0,"parent":0,"menu_order":0,"comment_status":"closed","ping_status":"closed","template":"","meta":{"footnotes":""},"class_list":["post-996","page","type-page","status-publish","hentry"],"_links":{"self":[{"href":"https:\/\/www.keddstudio.com\/index.php\/wp-json\/wp\/v2\/pages\/996","targetHints":{"allow":["GET"]}}],"collection":[{"href":"https:\/\/www.keddstudio.com\/index.php\/wp-json\/wp\/v2\/pages"}],"about":[{"href":"https:\/\/www.keddstudio.com\/index.php\/wp-json\/wp\/v2\/types\/page"}],"author":[{"embeddable":true,"href":"https:\/\/www.keddstudio.com\/index.php\/wp-json\/wp\/v2\/users\/2"}],"replies":[{"embeddable":true,"href":"https:\/\/www.keddstudio.com\/index.php\/wp-json\/wp\/v2\/comments?post=996"}],"version-history":[{"count":4,"href":"https:\/\/www.keddstudio.com\/index.php\/wp-json\/wp\/v2\/pages\/996\/revisions"}],"predecessor-version":[{"id":5654,"href":"https:\/\/www.keddstudio.com\/index.php\/wp-json\/wp\/v2\/pages\/996\/revisions\/5654"}],"wp:attachment":[{"href":"https:\/\/www.keddstudio.com\/index.php\/wp-json\/wp\/v2\/media?parent=996"}],"curies":[{"name":"wp","href":"https:\/\/api.w.org\/{rel}","templated":true}]}}