{"id":6310,"date":"2025-09-12T07:45:36","date_gmt":"2025-09-12T07:45:36","guid":{"rendered":"https:\/\/www.keddstudio.com\/?page_id=6310"},"modified":"2025-09-12T07:50:57","modified_gmt":"2025-09-12T07:50:57","slug":"berry-and-dolly-s07","status":"publish","type":"page","link":"https:\/\/www.keddstudio.com\/index.php\/berry-and-dolly-s07\/","title":{"rendered":"Berry and Dolly S07"},"content":{"rendered":"\t\t<div data-elementor-type=\"wp-page\" data-elementor-id=\"6310\" class=\"elementor elementor-6310\" data-elementor-post-type=\"page\">\n\t\t\t\t\t\t<section class=\"elementor-section elementor-top-section elementor-element elementor-element-90aad90 elementor-section-full_width elementor-section-height-default elementor-section-height-default\" data-id=\"90aad90\" data-element_type=\"section\" data-e-type=\"section\">\n\t\t\t\t\t\t<div class=\"elementor-container elementor-column-gap-no\">\n\t\t\t\t\t<div class=\"elementor-column elementor-col-100 elementor-top-column elementor-element elementor-element-722bc58\" data-id=\"722bc58\" data-element_type=\"column\" data-e-type=\"column\">\n\t\t\t<div class=\"elementor-widget-wrap elementor-element-populated\">\n\t\t\t\t\t\t<div class=\"elementor-element elementor-element-4e7d875 elementor-widget elementor-widget-image\" data-id=\"4e7d875\" data-element_type=\"widget\" data-e-type=\"widget\" data-widget_type=\"image.default\">\n\t\t\t\t<div class=\"elementor-widget-container\">\n\t\t\t\t\t\t\t\t\t\t\t\t\t\t\t<img fetchpriority=\"high\" decoding=\"async\" width=\"1920\" height=\"550\" src=\"https:\/\/www.keddstudio.com\/wp-content\/uploads\/2025\/09\/BB7_HEADER_sorozat_1920x550.jpg\" class=\"attachment-2048x2048 size-2048x2048 wp-image-6322\" alt=\"\" srcset=\"https:\/\/www.keddstudio.com\/wp-content\/uploads\/2025\/09\/BB7_HEADER_sorozat_1920x550.jpg 1920w, https:\/\/www.keddstudio.com\/wp-content\/uploads\/2025\/09\/BB7_HEADER_sorozat_1920x550-300x86.jpg 300w, https:\/\/www.keddstudio.com\/wp-content\/uploads\/2025\/09\/BB7_HEADER_sorozat_1920x550-1024x293.jpg 1024w, https:\/\/www.keddstudio.com\/wp-content\/uploads\/2025\/09\/BB7_HEADER_sorozat_1920x550-768x220.jpg 768w, https:\/\/www.keddstudio.com\/wp-content\/uploads\/2025\/09\/BB7_HEADER_sorozat_1920x550-1536x440.jpg 1536w, https:\/\/www.keddstudio.com\/wp-content\/uploads\/2025\/09\/BB7_HEADER_sorozat_1920x550-1170x335.jpg 1170w, https:\/\/www.keddstudio.com\/wp-content\/uploads\/2025\/09\/BB7_HEADER_sorozat_1920x550-370x106.jpg 370w, https:\/\/www.keddstudio.com\/wp-content\/uploads\/2025\/09\/BB7_HEADER_sorozat_1920x550-870x249.jpg 870w, https:\/\/www.keddstudio.com\/wp-content\/uploads\/2025\/09\/BB7_HEADER_sorozat_1920x550-390x112.jpg 390w\" sizes=\"(max-width: 1920px) 100vw, 1920px\" \/>\t\t\t\t\t\t\t\t\t\t\t\t\t\t\t<\/div>\n\t\t\t\t<\/div>\n\t\t\t\t<div class=\"elementor-element elementor-element-036bc47 elementor-widget elementor-widget-heading\" data-id=\"036bc47\" data-element_type=\"widget\" data-e-type=\"widget\" data-widget_type=\"heading.default\">\n\t\t\t\t<div class=\"elementor-widget-container\">\n\t\t\t\t\t<h2 class=\"elementor-heading-title elementor-size-xl\">Berry and Dolly S07 <\/h2>\t\t\t\t<\/div>\n\t\t\t\t<\/div>\n\t\t\t\t<div class=\"elementor-element elementor-element-5fefc42 elementor-widget elementor-widget-heading\" data-id=\"5fefc42\" data-element_type=\"widget\" data-e-type=\"widget\" data-widget_type=\"heading.default\">\n\t\t\t\t<div class=\"elementor-widget-container\">\n\t\t\t\t\t<h2 class=\"elementor-heading-title elementor-size-large\">Everyone has a story to tell<\/h2>\t\t\t\t<\/div>\n\t\t\t\t<\/div>\n\t\t\t\t\t<\/div>\n\t\t<\/div>\n\t\t\t\t\t<\/div>\n\t\t<\/section>\n\t\t\t\t<section class=\"elementor-section elementor-top-section elementor-element elementor-element-4e82ae9 elementor-section-full_width elementor-section-height-default elementor-section-height-default\" data-id=\"4e82ae9\" data-element_type=\"section\" data-e-type=\"section\">\n\t\t\t\t\t\t<div class=\"elementor-container elementor-column-gap-default\">\n\t\t\t\t\t<div class=\"elementor-column elementor-col-33 elementor-top-column elementor-element elementor-element-85ae512\" data-id=\"85ae512\" data-element_type=\"column\" data-e-type=\"column\">\n\t\t\t<div class=\"elementor-widget-wrap elementor-element-populated\">\n\t\t\t\t\t\t<div class=\"elementor-element elementor-element-77b2cd7 elementor-widget elementor-widget-image\" data-id=\"77b2cd7\" data-element_type=\"widget\" data-e-type=\"widget\" data-widget_type=\"image.default\">\n\t\t\t\t<div class=\"elementor-widget-container\">\n\t\t\t\t\t\t\t\t\t\t\t\t\t\t\t<img decoding=\"async\" width=\"1024\" height=\"576\" src=\"https:\/\/www.keddstudio.com\/wp-content\/uploads\/2025\/09\/BOGYO_ES_BABOCA_S07E01_Bogyo_a_buvesz_THUMB-copy-1024x576.jpg\" class=\"attachment-large size-large wp-image-6321\" alt=\"\" srcset=\"https:\/\/www.keddstudio.com\/wp-content\/uploads\/2025\/09\/BOGYO_ES_BABOCA_S07E01_Bogyo_a_buvesz_THUMB-copy-1024x576.jpg 1024w, https:\/\/www.keddstudio.com\/wp-content\/uploads\/2025\/09\/BOGYO_ES_BABOCA_S07E01_Bogyo_a_buvesz_THUMB-copy-300x170.jpg 300w, https:\/\/www.keddstudio.com\/wp-content\/uploads\/2025\/09\/BOGYO_ES_BABOCA_S07E01_Bogyo_a_buvesz_THUMB-copy-768x432.jpg 768w, https:\/\/www.keddstudio.com\/wp-content\/uploads\/2025\/09\/BOGYO_ES_BABOCA_S07E01_Bogyo_a_buvesz_THUMB-copy-1536x864.jpg 1536w, https:\/\/www.keddstudio.com\/wp-content\/uploads\/2025\/09\/BOGYO_ES_BABOCA_S07E01_Bogyo_a_buvesz_THUMB-copy-1170x659.jpg 1170w, https:\/\/www.keddstudio.com\/wp-content\/uploads\/2025\/09\/BOGYO_ES_BABOCA_S07E01_Bogyo_a_buvesz_THUMB-copy-370x208.jpg 370w, https:\/\/www.keddstudio.com\/wp-content\/uploads\/2025\/09\/BOGYO_ES_BABOCA_S07E01_Bogyo_a_buvesz_THUMB-copy-870x490.jpg 870w, https:\/\/www.keddstudio.com\/wp-content\/uploads\/2025\/09\/BOGYO_ES_BABOCA_S07E01_Bogyo_a_buvesz_THUMB-copy-390x220.jpg 390w, https:\/\/www.keddstudio.com\/wp-content\/uploads\/2025\/09\/BOGYO_ES_BABOCA_S07E01_Bogyo_a_buvesz_THUMB-copy.jpg 1920w\" sizes=\"(max-width: 1024px) 100vw, 1024px\" \/>\t\t\t\t\t\t\t\t\t\t\t\t\t\t\t<\/div>\n\t\t\t\t<\/div>\n\t\t\t\t\t<\/div>\n\t\t<\/div>\n\t\t\t\t<div class=\"elementor-column elementor-col-33 elementor-top-column elementor-element elementor-element-d668a04\" data-id=\"d668a04\" data-element_type=\"column\" data-e-type=\"column\">\n\t\t\t<div class=\"elementor-widget-wrap elementor-element-populated\">\n\t\t\t\t\t\t<div class=\"elementor-element elementor-element-4767c1c elementor-widget elementor-widget-video\" data-id=\"4767c1c\" data-element_type=\"widget\" data-e-type=\"widget\" data-settings=\"{&quot;video_type&quot;:&quot;vimeo&quot;}\" data-widget_type=\"video.default\">\n\t\t\t\t<div class=\"elementor-widget-container\">\n\t\t\t\t\t\t\t<div class=\"elementor-wrapper elementor-open-inline\">\n\t\t\t<iframe class=\"elementor-video-iframe\" allowfullscreen allow=\"clipboard-write\" title=\"vimeo vide\u00f3 lej\u00e1tsz\u00f3\" src=\"https:\/\/player.vimeo.com\/video\/1105719578?color&amp;autopause=0&amp;loop=0&amp;muted=0&amp;title=1&amp;portrait=1&amp;byline=1&amp;h=956e0c0534#t=\"><\/iframe>\t\t<\/div>\n\t\t\t\t\t\t<\/div>\n\t\t\t\t<\/div>\n\t\t\t\t\t<\/div>\n\t\t<\/div>\n\t\t\t\t<div class=\"elementor-column elementor-col-33 elementor-top-column elementor-element elementor-element-ec2becf\" data-id=\"ec2becf\" data-element_type=\"column\" data-e-type=\"column\">\n\t\t\t<div class=\"elementor-widget-wrap elementor-element-populated\">\n\t\t\t\t\t\t<div class=\"elementor-element elementor-element-97af567 elementor-widget elementor-widget-image\" data-id=\"97af567\" data-element_type=\"widget\" data-e-type=\"widget\" data-widget_type=\"image.default\">\n\t\t\t\t<div class=\"elementor-widget-container\">\n\t\t\t\t\t\t\t\t\t\t\t\t\t\t\t<img decoding=\"async\" width=\"1024\" height=\"576\" src=\"https:\/\/www.keddstudio.com\/wp-content\/uploads\/2025\/09\/BOGYO_ES_BABOCA_S07E03_Bodzatea_THUMB-copy-1024x576.jpg\" class=\"attachment-large size-large wp-image-6320\" alt=\"\" srcset=\"https:\/\/www.keddstudio.com\/wp-content\/uploads\/2025\/09\/BOGYO_ES_BABOCA_S07E03_Bodzatea_THUMB-copy-1024x576.jpg 1024w, https:\/\/www.keddstudio.com\/wp-content\/uploads\/2025\/09\/BOGYO_ES_BABOCA_S07E03_Bodzatea_THUMB-copy-300x170.jpg 300w, https:\/\/www.keddstudio.com\/wp-content\/uploads\/2025\/09\/BOGYO_ES_BABOCA_S07E03_Bodzatea_THUMB-copy-768x432.jpg 768w, https:\/\/www.keddstudio.com\/wp-content\/uploads\/2025\/09\/BOGYO_ES_BABOCA_S07E03_Bodzatea_THUMB-copy-1536x864.jpg 1536w, https:\/\/www.keddstudio.com\/wp-content\/uploads\/2025\/09\/BOGYO_ES_BABOCA_S07E03_Bodzatea_THUMB-copy-1170x659.jpg 1170w, https:\/\/www.keddstudio.com\/wp-content\/uploads\/2025\/09\/BOGYO_ES_BABOCA_S07E03_Bodzatea_THUMB-copy-370x208.jpg 370w, https:\/\/www.keddstudio.com\/wp-content\/uploads\/2025\/09\/BOGYO_ES_BABOCA_S07E03_Bodzatea_THUMB-copy-870x490.jpg 870w, https:\/\/www.keddstudio.com\/wp-content\/uploads\/2025\/09\/BOGYO_ES_BABOCA_S07E03_Bodzatea_THUMB-copy-390x220.jpg 390w, https:\/\/www.keddstudio.com\/wp-content\/uploads\/2025\/09\/BOGYO_ES_BABOCA_S07E03_Bodzatea_THUMB-copy.jpg 1920w\" sizes=\"(max-width: 1024px) 100vw, 1024px\" \/>\t\t\t\t\t\t\t\t\t\t\t\t\t\t\t<\/div>\n\t\t\t\t<\/div>\n\t\t\t\t\t<\/div>\n\t\t<\/div>\n\t\t\t\t\t<\/div>\n\t\t<\/section>\n\t\t\t\t<section class=\"elementor-section elementor-top-section elementor-element elementor-element-2901e01 elementor-section-boxed elementor-section-height-default elementor-section-height-default\" data-id=\"2901e01\" data-element_type=\"section\" data-e-type=\"section\">\n\t\t\t\t\t\t<div class=\"elementor-container elementor-column-gap-default\">\n\t\t\t\t\t<div class=\"elementor-column elementor-col-100 elementor-top-column elementor-element elementor-element-04b3973\" data-id=\"04b3973\" data-element_type=\"column\" data-e-type=\"column\">\n\t\t\t<div class=\"elementor-widget-wrap elementor-element-populated\">\n\t\t\t\t\t\t<div class=\"elementor-element elementor-element-7baeb2a elementor-widget elementor-widget-spacer\" data-id=\"7baeb2a\" data-element_type=\"widget\" data-e-type=\"widget\" data-widget_type=\"spacer.default\">\n\t\t\t\t<div class=\"elementor-widget-container\">\n\t\t\t\t\t\t\t<div class=\"elementor-spacer\">\n\t\t\t<div class=\"elementor-spacer-inner\"><\/div>\n\t\t<\/div>\n\t\t\t\t\t\t<\/div>\n\t\t\t\t<\/div>\n\t\t\t\t\t<\/div>\n\t\t<\/div>\n\t\t\t\t\t<\/div>\n\t\t<\/section>\n\t\t\t\t<section class=\"elementor-section elementor-top-section elementor-element elementor-element-51c9765 elementor-section-boxed elementor-section-height-default elementor-section-height-default\" data-id=\"51c9765\" data-element_type=\"section\" data-e-type=\"section\" data-settings=\"{&quot;background_background&quot;:&quot;classic&quot;,&quot;background_motion_fx_motion_fx_scrolling&quot;:&quot;yes&quot;,&quot;background_motion_fx_devices&quot;:[&quot;desktop&quot;,&quot;tablet&quot;,&quot;mobile&quot;]}\">\n\t\t\t\t\t\t\t<div class=\"elementor-background-overlay\"><\/div>\n\t\t\t\t\t\t\t<div class=\"elementor-container elementor-column-gap-default\">\n\t\t\t\t\t<div class=\"elementor-column elementor-col-100 elementor-top-column elementor-element elementor-element-45c8ab2\" data-id=\"45c8ab2\" data-element_type=\"column\" data-e-type=\"column\">\n\t\t\t<div class=\"elementor-widget-wrap elementor-element-populated\">\n\t\t\t\t\t\t<div class=\"elementor-element elementor-element-d635813 elementor-widget elementor-widget-heading\" data-id=\"d635813\" data-element_type=\"widget\" data-e-type=\"widget\" data-widget_type=\"heading.default\">\n\t\t\t\t<div class=\"elementor-widget-container\">\n\t\t\t\t\t<h2 class=\"elementor-heading-title elementor-size-large\">Synopsis<\/h2>\t\t\t\t<\/div>\n\t\t\t\t<\/div>\n\t\t\t\t<div class=\"elementor-element elementor-element-eeada8f elementor-widget elementor-widget-text-editor\" data-id=\"eeada8f\" data-element_type=\"widget\" data-e-type=\"widget\" data-widget_type=\"text-editor.default\">\n\t\t\t\t<div class=\"elementor-widget-container\">\n\t\t\t\t\t\t\t\t\t<p>The new season of Berry and Dolly is truly special. Across 13 delightful episodes, children are invited into the enchanting world of the snail boy and the ladybird girl. Alongside their familiar friends, new characters join the community: the Frog searching for her lost child, Harmony the graceful glass-winged butterfly, Fly Flynn the optician who helps Eddy the potato beetle, the quick beetles helping with the junk removal; the heroic fire beetles; the chimney sweep smoke beetle who brings good fortune and the cinnabar beetle train engineer. The episodes feature exciting vehicles such as a firetruck, garbage truck, or steam locomotive. Each story brings a significant experience or lesson for one of the characters. Balthazar learns why it\u2019s important to follow traffic rules, Berry becomes a magician, and Alfonso finds a new friend.<\/p>\t\t\t\t\t\t\t\t<\/div>\n\t\t\t\t<\/div>\n\t\t\t\t\t<\/div>\n\t\t<\/div>\n\t\t\t\t\t<\/div>\n\t\t<\/section>\n\t\t\t\t<section class=\"elementor-section elementor-top-section elementor-element elementor-element-3589e25 elementor-section-boxed elementor-section-height-default elementor-section-height-default\" data-id=\"3589e25\" data-element_type=\"section\" data-e-type=\"section\" data-settings=\"{&quot;background_background&quot;:&quot;classic&quot;}\">\n\t\t\t\t\t\t\t<div class=\"elementor-background-overlay\"><\/div>\n\t\t\t\t\t\t\t<div class=\"elementor-container elementor-column-gap-default\">\n\t\t\t\t\t<div class=\"elementor-column elementor-col-50 elementor-top-column elementor-element elementor-element-8a11904\" data-id=\"8a11904\" data-element_type=\"column\" data-e-type=\"column\" data-settings=\"{&quot;background_background&quot;:&quot;classic&quot;}\">\n\t\t\t<div class=\"elementor-widget-wrap elementor-element-populated\">\n\t\t\t\t\t<div class=\"elementor-background-overlay\"><\/div>\n\t\t\t\t\t\t<div class=\"elementor-element elementor-element-6e25f5a elementor-widget__width-initial e-transform elementor-widget elementor-widget-image\" data-id=\"6e25f5a\" data-element_type=\"widget\" data-e-type=\"widget\" data-settings=\"{&quot;_transform_scale_effect&quot;:{&quot;unit&quot;:&quot;px&quot;,&quot;size&quot;:1.1,&quot;sizes&quot;:[]},&quot;_transform_scale_effect_tablet&quot;:{&quot;unit&quot;:&quot;px&quot;,&quot;size&quot;:&quot;&quot;,&quot;sizes&quot;:[]},&quot;_transform_scale_effect_mobile&quot;:{&quot;unit&quot;:&quot;px&quot;,&quot;size&quot;:&quot;&quot;,&quot;sizes&quot;:[]}}\" data-widget_type=\"image.default\">\n\t\t\t\t<div class=\"elementor-widget-container\">\n\t\t\t\t\t\t\t\t\t\t\t\t\t\t\t<img loading=\"lazy\" decoding=\"async\" width=\"1080\" height=\"1080\" src=\"https:\/\/www.keddstudio.com\/wp-content\/uploads\/2025\/09\/BB7_SOROZAT_szinopszis_PNG.png\" class=\"attachment-1536x1536 size-1536x1536 wp-image-6327\" alt=\"\" srcset=\"https:\/\/www.keddstudio.com\/wp-content\/uploads\/2025\/09\/BB7_SOROZAT_szinopszis_PNG.png 1080w, https:\/\/www.keddstudio.com\/wp-content\/uploads\/2025\/09\/BB7_SOROZAT_szinopszis_PNG-300x300.png 300w, https:\/\/www.keddstudio.com\/wp-content\/uploads\/2025\/09\/BB7_SOROZAT_szinopszis_PNG-1024x1024.png 1024w, https:\/\/www.keddstudio.com\/wp-content\/uploads\/2025\/09\/BB7_SOROZAT_szinopszis_PNG-150x150.png 150w, https:\/\/www.keddstudio.com\/wp-content\/uploads\/2025\/09\/BB7_SOROZAT_szinopszis_PNG-768x768.png 768w, https:\/\/www.keddstudio.com\/wp-content\/uploads\/2025\/09\/BB7_SOROZAT_szinopszis_PNG-370x370.png 370w, https:\/\/www.keddstudio.com\/wp-content\/uploads\/2025\/09\/BB7_SOROZAT_szinopszis_PNG-870x870.png 870w, https:\/\/www.keddstudio.com\/wp-content\/uploads\/2025\/09\/BB7_SOROZAT_szinopszis_PNG-390x390.png 390w, https:\/\/www.keddstudio.com\/wp-content\/uploads\/2025\/09\/BB7_SOROZAT_szinopszis_PNG-75x75.png 75w\" sizes=\"(max-width: 1080px) 100vw, 1080px\" \/>\t\t\t\t\t\t\t\t\t\t\t\t\t\t\t<\/div>\n\t\t\t\t<\/div>\n\t\t\t\t\t<\/div>\n\t\t<\/div>\n\t\t\t\t<div class=\"elementor-column elementor-col-50 elementor-top-column elementor-element elementor-element-a438288\" data-id=\"a438288\" data-element_type=\"column\" data-e-type=\"column\">\n\t\t\t<div class=\"elementor-widget-wrap elementor-element-populated\">\n\t\t\t\t\t\t<div class=\"elementor-element elementor-element-a2fd58d elementor-widget elementor-widget-heading\" data-id=\"a2fd58d\" data-element_type=\"widget\" data-e-type=\"widget\" data-widget_type=\"heading.default\">\n\t\t\t\t<div class=\"elementor-widget-container\">\n\t\t\t\t\t<h2 class=\"elementor-heading-title elementor-size-large\">Technical information<\/h2>\t\t\t\t<\/div>\n\t\t\t\t<\/div>\n\t\t\t\t<div class=\"elementor-element elementor-element-7d8c55c elementor-widget elementor-widget-text-editor\" data-id=\"7d8c55c\" data-element_type=\"widget\" data-e-type=\"widget\" data-widget_type=\"text-editor.default\">\n\t\t\t\t<div class=\"elementor-widget-container\">\n\t\t\t\t\t\t\t\t\t<p>Format: <strong>2D HD &#8211; 14&#215;5&#8242;<\/strong><br>Genre: <strong>Edutainment<\/strong><br>Target: <strong>Preschooler<\/strong><br>Status: <strong>Completed<\/strong><br>Production: <strong>KEDD Animation Studio, 2025<br><\/strong>Directed by <strong>Kinga Fazakas, G\u00e9za M. T\u00f3th,<br><\/strong>Script, design and character design:&nbsp;<strong> Erika Bartos<\/strong><br>Storyteller in Hungarian version: <strong>Judit Pog\u00e1ny<br><\/strong>Produced by&nbsp;<strong>G\u00e9za M. T\u00f3th<br><\/strong>Music by<strong> Tibor Szab\u00f3<\/strong><strong><br><\/strong>Languages: <strong>Hungarian, English<\/strong><\/p>\t\t\t\t\t\t\t\t<\/div>\n\t\t\t\t<\/div>\n\t\t\t\t\t<\/div>\n\t\t<\/div>\n\t\t\t\t\t<\/div>\n\t\t<\/section>\n\t\t\t\t<\/div>\n\t\t","protected":false},"excerpt":{"rendered":"<p>Berry and Dolly S07 Everyone has a story to tell Synopsis The new season of Berry and Dolly is truly special. Across 13 delightful episodes, children are invited into the enchanting world of the snail boy and the ladybird girl. Alongside their familiar friends, new characters join the community: the Frog searching for her lost [&hellip;]<\/p>\n","protected":false},"author":4,"featured_media":0,"parent":0,"menu_order":0,"comment_status":"closed","ping_status":"closed","template":"","meta":{"footnotes":""},"class_list":["post-6310","page","type-page","status-publish","hentry"],"_links":{"self":[{"href":"https:\/\/www.keddstudio.com\/index.php\/wp-json\/wp\/v2\/pages\/6310","targetHints":{"allow":["GET"]}}],"collection":[{"href":"https:\/\/www.keddstudio.com\/index.php\/wp-json\/wp\/v2\/pages"}],"about":[{"href":"https:\/\/www.keddstudio.com\/index.php\/wp-json\/wp\/v2\/types\/page"}],"author":[{"embeddable":true,"href":"https:\/\/www.keddstudio.com\/index.php\/wp-json\/wp\/v2\/users\/4"}],"replies":[{"embeddable":true,"href":"https:\/\/www.keddstudio.com\/index.php\/wp-json\/wp\/v2\/comments?post=6310"}],"version-history":[{"count":5,"href":"https:\/\/www.keddstudio.com\/index.php\/wp-json\/wp\/v2\/pages\/6310\/revisions"}],"predecessor-version":[{"id":6331,"href":"https:\/\/www.keddstudio.com\/index.php\/wp-json\/wp\/v2\/pages\/6310\/revisions\/6331"}],"wp:attachment":[{"href":"https:\/\/www.keddstudio.com\/index.php\/wp-json\/wp\/v2\/media?parent=6310"}],"curies":[{"name":"wp","href":"https:\/\/api.w.org\/{rel}","templated":true}]}}