{"id":4666,"date":"2024-05-16T12:44:04","date_gmt":"2024-05-16T12:44:04","guid":{"rendered":"https:\/\/www.keddstudio.com\/?page_id=4666"},"modified":"2025-09-11T13:37:01","modified_gmt":"2025-09-11T13:37:01","slug":"berry-and-dolly-s06","status":"publish","type":"page","link":"https:\/\/www.keddstudio.com\/index.php\/berry-and-dolly-s06\/","title":{"rendered":"Berry and Dolly S06\u00a0"},"content":{"rendered":"\t\t<div data-elementor-type=\"wp-page\" data-elementor-id=\"4666\" class=\"elementor elementor-4666\" data-elementor-post-type=\"page\">\n\t\t\t\t\t\t<section class=\"elementor-section elementor-top-section elementor-element elementor-element-c136042 elementor-section-full_width elementor-section-height-default elementor-section-height-default\" data-id=\"c136042\" data-element_type=\"section\" data-e-type=\"section\">\n\t\t\t\t\t\t<div class=\"elementor-container elementor-column-gap-no\">\n\t\t\t\t\t<div class=\"elementor-column elementor-col-100 elementor-top-column elementor-element elementor-element-73b5d95\" data-id=\"73b5d95\" data-element_type=\"column\" data-e-type=\"column\">\n\t\t\t<div class=\"elementor-widget-wrap elementor-element-populated\">\n\t\t\t\t\t\t<div class=\"elementor-element elementor-element-d7bf98c elementor-widget elementor-widget-image\" data-id=\"d7bf98c\" data-element_type=\"widget\" data-e-type=\"widget\" data-widget_type=\"image.default\">\n\t\t\t\t<div class=\"elementor-widget-container\">\n\t\t\t\t\t\t\t\t\t\t\t\t\t\t\t<img fetchpriority=\"high\" decoding=\"async\" width=\"1920\" height=\"550\" src=\"https:\/\/www.keddstudio.com\/wp-content\/uploads\/2024\/05\/BB6_SOROZATPLAKAT_1920_550.jpg\" class=\"attachment-2048x2048 size-2048x2048 wp-image-4671\" alt=\"\" srcset=\"https:\/\/www.keddstudio.com\/wp-content\/uploads\/2024\/05\/BB6_SOROZATPLAKAT_1920_550.jpg 1920w, https:\/\/www.keddstudio.com\/wp-content\/uploads\/2024\/05\/BB6_SOROZATPLAKAT_1920_550-300x86.jpg 300w, https:\/\/www.keddstudio.com\/wp-content\/uploads\/2024\/05\/BB6_SOROZATPLAKAT_1920_550-1024x293.jpg 1024w, https:\/\/www.keddstudio.com\/wp-content\/uploads\/2024\/05\/BB6_SOROZATPLAKAT_1920_550-768x220.jpg 768w, https:\/\/www.keddstudio.com\/wp-content\/uploads\/2024\/05\/BB6_SOROZATPLAKAT_1920_550-1536x440.jpg 1536w, https:\/\/www.keddstudio.com\/wp-content\/uploads\/2024\/05\/BB6_SOROZATPLAKAT_1920_550-1170x335.jpg 1170w, https:\/\/www.keddstudio.com\/wp-content\/uploads\/2024\/05\/BB6_SOROZATPLAKAT_1920_550-370x106.jpg 370w, https:\/\/www.keddstudio.com\/wp-content\/uploads\/2024\/05\/BB6_SOROZATPLAKAT_1920_550-870x249.jpg 870w, https:\/\/www.keddstudio.com\/wp-content\/uploads\/2024\/05\/BB6_SOROZATPLAKAT_1920_550-390x112.jpg 390w\" sizes=\"(max-width: 1920px) 100vw, 1920px\" \/>\t\t\t\t\t\t\t\t\t\t\t\t\t\t\t<\/div>\n\t\t\t\t<\/div>\n\t\t\t\t<div class=\"elementor-element elementor-element-daf84cf elementor-widget elementor-widget-heading\" data-id=\"daf84cf\" data-element_type=\"widget\" data-e-type=\"widget\" data-widget_type=\"heading.default\">\n\t\t\t\t<div class=\"elementor-widget-container\">\n\t\t\t\t\t<h2 class=\"elementor-heading-title elementor-size-xl\">Berry and Dolly S06<\/h2>\t\t\t\t<\/div>\n\t\t\t\t<\/div>\n\t\t\t\t<div class=\"elementor-element elementor-element-1251703 elementor-widget elementor-widget-heading\" data-id=\"1251703\" data-element_type=\"widget\" data-e-type=\"widget\" data-widget_type=\"heading.default\">\n\t\t\t\t<div class=\"elementor-widget-container\">\n\t\t\t\t\t<h2 class=\"elementor-heading-title elementor-size-large\">Where wishes come true<\/h2>\t\t\t\t<\/div>\n\t\t\t\t<\/div>\n\t\t\t\t\t<\/div>\n\t\t<\/div>\n\t\t\t\t\t<\/div>\n\t\t<\/section>\n\t\t\t\t<section class=\"elementor-section elementor-top-section elementor-element elementor-element-aacb734 elementor-section-full_width elementor-section-height-default elementor-section-height-default\" data-id=\"aacb734\" data-element_type=\"section\" data-e-type=\"section\">\n\t\t\t\t\t\t<div class=\"elementor-container elementor-column-gap-default\">\n\t\t\t\t\t<div class=\"elementor-column elementor-col-33 elementor-top-column elementor-element elementor-element-3684530\" data-id=\"3684530\" data-element_type=\"column\" data-e-type=\"column\">\n\t\t\t<div class=\"elementor-widget-wrap elementor-element-populated\">\n\t\t\t\t\t\t<div class=\"elementor-element elementor-element-417a03b elementor-widget elementor-widget-image\" data-id=\"417a03b\" data-element_type=\"widget\" data-e-type=\"widget\" data-widget_type=\"image.default\">\n\t\t\t\t<div class=\"elementor-widget-container\">\n\t\t\t\t\t\t\t\t\t\t\t\t\t\t\t<img decoding=\"async\" width=\"1024\" height=\"576\" src=\"https:\/\/www.keddstudio.com\/wp-content\/uploads\/2024\/05\/EP070_SC005_V004a00952-1024x576.jpg\" class=\"attachment-large size-large wp-image-4672\" alt=\"\" srcset=\"https:\/\/www.keddstudio.com\/wp-content\/uploads\/2024\/05\/EP070_SC005_V004a00952-1024x576.jpg 1024w, https:\/\/www.keddstudio.com\/wp-content\/uploads\/2024\/05\/EP070_SC005_V004a00952-300x170.jpg 300w, https:\/\/www.keddstudio.com\/wp-content\/uploads\/2024\/05\/EP070_SC005_V004a00952-768x432.jpg 768w, https:\/\/www.keddstudio.com\/wp-content\/uploads\/2024\/05\/EP070_SC005_V004a00952-1536x864.jpg 1536w, https:\/\/www.keddstudio.com\/wp-content\/uploads\/2024\/05\/EP070_SC005_V004a00952-1170x659.jpg 1170w, https:\/\/www.keddstudio.com\/wp-content\/uploads\/2024\/05\/EP070_SC005_V004a00952-370x208.jpg 370w, https:\/\/www.keddstudio.com\/wp-content\/uploads\/2024\/05\/EP070_SC005_V004a00952-870x490.jpg 870w, https:\/\/www.keddstudio.com\/wp-content\/uploads\/2024\/05\/EP070_SC005_V004a00952-390x220.jpg 390w, https:\/\/www.keddstudio.com\/wp-content\/uploads\/2024\/05\/EP070_SC005_V004a00952.jpg 1920w\" sizes=\"(max-width: 1024px) 100vw, 1024px\" \/>\t\t\t\t\t\t\t\t\t\t\t\t\t\t\t<\/div>\n\t\t\t\t<\/div>\n\t\t\t\t\t<\/div>\n\t\t<\/div>\n\t\t\t\t<div class=\"elementor-column elementor-col-33 elementor-top-column elementor-element elementor-element-ee73473\" data-id=\"ee73473\" data-element_type=\"column\" data-e-type=\"column\">\n\t\t\t<div class=\"elementor-widget-wrap elementor-element-populated\">\n\t\t\t\t\t\t<div class=\"elementor-element elementor-element-507437f elementor-widget elementor-widget-video\" data-id=\"507437f\" data-element_type=\"widget\" data-e-type=\"widget\" data-settings=\"{&quot;video_type&quot;:&quot;vimeo&quot;}\" data-widget_type=\"video.default\">\n\t\t\t\t<div class=\"elementor-widget-container\">\n\t\t\t\t\t\t\t<div class=\"elementor-wrapper elementor-open-inline\">\n\t\t\t<iframe class=\"elementor-video-iframe\" allowfullscreen allow=\"clipboard-write\" title=\"vimeo vide\u00f3 lej\u00e1tsz\u00f3\" src=\"https:\/\/player.vimeo.com\/video\/951931783?color&amp;autopause=0&amp;loop=0&amp;muted=0&amp;title=1&amp;portrait=1&amp;byline=1&amp;h=71edb07f67#t=\"><\/iframe>\t\t<\/div>\n\t\t\t\t\t\t<\/div>\n\t\t\t\t<\/div>\n\t\t\t\t\t<\/div>\n\t\t<\/div>\n\t\t\t\t<div class=\"elementor-column elementor-col-33 elementor-top-column elementor-element elementor-element-32e0571\" data-id=\"32e0571\" data-element_type=\"column\" data-e-type=\"column\">\n\t\t\t<div class=\"elementor-widget-wrap elementor-element-populated\">\n\t\t\t\t\t\t<div class=\"elementor-element elementor-element-f2c8ef2 elementor-widget elementor-widget-image\" data-id=\"f2c8ef2\" data-element_type=\"widget\" data-e-type=\"widget\" data-widget_type=\"image.default\">\n\t\t\t\t<div class=\"elementor-widget-container\">\n\t\t\t\t\t\t\t\t\t\t\t\t\t\t\t<img decoding=\"async\" width=\"1024\" height=\"576\" src=\"https:\/\/www.keddstudio.com\/wp-content\/uploads\/2025\/09\/BOGYO_ES_BABOCA_S06E03_Bagolyfiokak_THUMB-1024x576.jpg\" class=\"attachment-large size-large wp-image-6272\" alt=\"\" srcset=\"https:\/\/www.keddstudio.com\/wp-content\/uploads\/2025\/09\/BOGYO_ES_BABOCA_S06E03_Bagolyfiokak_THUMB-1024x576.jpg 1024w, https:\/\/www.keddstudio.com\/wp-content\/uploads\/2025\/09\/BOGYO_ES_BABOCA_S06E03_Bagolyfiokak_THUMB-300x170.jpg 300w, https:\/\/www.keddstudio.com\/wp-content\/uploads\/2025\/09\/BOGYO_ES_BABOCA_S06E03_Bagolyfiokak_THUMB-768x432.jpg 768w, https:\/\/www.keddstudio.com\/wp-content\/uploads\/2025\/09\/BOGYO_ES_BABOCA_S06E03_Bagolyfiokak_THUMB-1536x864.jpg 1536w, https:\/\/www.keddstudio.com\/wp-content\/uploads\/2025\/09\/BOGYO_ES_BABOCA_S06E03_Bagolyfiokak_THUMB-1170x659.jpg 1170w, https:\/\/www.keddstudio.com\/wp-content\/uploads\/2025\/09\/BOGYO_ES_BABOCA_S06E03_Bagolyfiokak_THUMB-370x208.jpg 370w, https:\/\/www.keddstudio.com\/wp-content\/uploads\/2025\/09\/BOGYO_ES_BABOCA_S06E03_Bagolyfiokak_THUMB-870x490.jpg 870w, https:\/\/www.keddstudio.com\/wp-content\/uploads\/2025\/09\/BOGYO_ES_BABOCA_S06E03_Bagolyfiokak_THUMB-390x220.jpg 390w, https:\/\/www.keddstudio.com\/wp-content\/uploads\/2025\/09\/BOGYO_ES_BABOCA_S06E03_Bagolyfiokak_THUMB.jpg 1920w\" sizes=\"(max-width: 1024px) 100vw, 1024px\" \/>\t\t\t\t\t\t\t\t\t\t\t\t\t\t\t<\/div>\n\t\t\t\t<\/div>\n\t\t\t\t\t<\/div>\n\t\t<\/div>\n\t\t\t\t\t<\/div>\n\t\t<\/section>\n\t\t\t\t<section class=\"elementor-section elementor-top-section elementor-element elementor-element-e3e5887 elementor-section-boxed elementor-section-height-default elementor-section-height-default\" data-id=\"e3e5887\" data-element_type=\"section\" data-e-type=\"section\">\n\t\t\t\t\t\t<div class=\"elementor-container elementor-column-gap-default\">\n\t\t\t\t\t<div class=\"elementor-column elementor-col-100 elementor-top-column elementor-element elementor-element-a28dc0d\" data-id=\"a28dc0d\" data-element_type=\"column\" data-e-type=\"column\">\n\t\t\t<div class=\"elementor-widget-wrap elementor-element-populated\">\n\t\t\t\t\t\t<div class=\"elementor-element elementor-element-7c60f87 elementor-widget elementor-widget-spacer\" data-id=\"7c60f87\" data-element_type=\"widget\" data-e-type=\"widget\" data-widget_type=\"spacer.default\">\n\t\t\t\t<div class=\"elementor-widget-container\">\n\t\t\t\t\t\t\t<div class=\"elementor-spacer\">\n\t\t\t<div class=\"elementor-spacer-inner\"><\/div>\n\t\t<\/div>\n\t\t\t\t\t\t<\/div>\n\t\t\t\t<\/div>\n\t\t\t\t\t<\/div>\n\t\t<\/div>\n\t\t\t\t\t<\/div>\n\t\t<\/section>\n\t\t\t\t<section class=\"elementor-section elementor-top-section elementor-element elementor-element-549bfd6 elementor-section-boxed elementor-section-height-default elementor-section-height-default\" data-id=\"549bfd6\" data-element_type=\"section\" data-e-type=\"section\" data-settings=\"{&quot;background_background&quot;:&quot;classic&quot;}\">\n\t\t\t\t\t\t<div class=\"elementor-container elementor-column-gap-default\">\n\t\t\t\t\t<div class=\"elementor-column elementor-col-100 elementor-top-column elementor-element elementor-element-7df6b71\" data-id=\"7df6b71\" data-element_type=\"column\" data-e-type=\"column\">\n\t\t\t<div class=\"elementor-widget-wrap elementor-element-populated\">\n\t\t\t\t\t\t<div class=\"elementor-element elementor-element-09b890e elementor-widget elementor-widget-heading\" data-id=\"09b890e\" data-element_type=\"widget\" data-e-type=\"widget\" data-widget_type=\"heading.default\">\n\t\t\t\t<div class=\"elementor-widget-container\">\n\t\t\t\t\t<h2 class=\"elementor-heading-title elementor-size-large\">Synopsis<\/h2>\t\t\t\t<\/div>\n\t\t\t\t<\/div>\n\t\t\t\t<div class=\"elementor-element elementor-element-a3ecc8e elementor-widget__width-initial elementor-widget elementor-widget-text-editor\" data-id=\"a3ecc8e\" data-element_type=\"widget\" data-e-type=\"widget\" data-widget_type=\"text-editor.default\">\n\t\t\t\t<div class=\"elementor-widget-container\">\n\t\t\t\t\t\t\t\t\t<p>In the season Berry and Dolly 6 a common theme is empathy, attention, and the continuous effort to fulfill the wishes and desires of others. Once again, the series revisits 13 memorable adventures shared by Berry, Dolly, and their friends, such as the birth of owl chicks and the Cave Spider\u2019s accident. In addition to well-known characters among the children&#8217;s audience, new characters also appear: the Copper Beetle, master of bells and chimes; Otto Badger, who gifts a red frisbee to his friend, Reggie Squirrel; and the Millipede, invited by his distant cousin, the Centipede, for an apple harvest.<\/p>\t\t\t\t\t\t\t\t<\/div>\n\t\t\t\t<\/div>\n\t\t\t\t\t<\/div>\n\t\t<\/div>\n\t\t\t\t\t<\/div>\n\t\t<\/section>\n\t\t\t\t<section class=\"elementor-section elementor-top-section elementor-element elementor-element-0ab136e elementor-section-boxed elementor-section-height-default elementor-section-height-default\" data-id=\"0ab136e\" data-element_type=\"section\" data-e-type=\"section\" data-settings=\"{&quot;background_background&quot;:&quot;classic&quot;}\">\n\t\t\t\t\t\t<div class=\"elementor-container elementor-column-gap-default\">\n\t\t\t\t\t<div class=\"elementor-column elementor-col-50 elementor-top-column elementor-element elementor-element-3607cb2\" data-id=\"3607cb2\" data-element_type=\"column\" data-e-type=\"column\">\n\t\t\t<div class=\"elementor-widget-wrap elementor-element-populated\">\n\t\t\t\t\t\t<div class=\"elementor-element elementor-element-b735134 elementor-widget__width-initial e-transform elementor-widget elementor-widget-image\" data-id=\"b735134\" data-element_type=\"widget\" data-e-type=\"widget\" data-settings=\"{&quot;_transform_scale_effect&quot;:{&quot;unit&quot;:&quot;px&quot;,&quot;size&quot;:1.2,&quot;sizes&quot;:[]},&quot;_transform_scale_effect_tablet&quot;:{&quot;unit&quot;:&quot;px&quot;,&quot;size&quot;:&quot;&quot;,&quot;sizes&quot;:[]},&quot;_transform_scale_effect_mobile&quot;:{&quot;unit&quot;:&quot;px&quot;,&quot;size&quot;:&quot;&quot;,&quot;sizes&quot;:[]}}\" data-widget_type=\"image.default\">\n\t\t\t\t<div class=\"elementor-widget-container\">\n\t\t\t\t\t\t\t\t\t\t\t\t\t\t\t<img loading=\"lazy\" decoding=\"async\" width=\"407\" height=\"358\" src=\"https:\/\/www.keddstudio.com\/wp-content\/uploads\/2025\/09\/BB6_SOROZAT_szinopszis_PNG.png\" class=\"attachment-medium_large size-medium_large wp-image-6273\" alt=\"\" srcset=\"https:\/\/www.keddstudio.com\/wp-content\/uploads\/2025\/09\/BB6_SOROZAT_szinopszis_PNG.png 407w, https:\/\/www.keddstudio.com\/wp-content\/uploads\/2025\/09\/BB6_SOROZAT_szinopszis_PNG-300x264.png 300w, https:\/\/www.keddstudio.com\/wp-content\/uploads\/2025\/09\/BB6_SOROZAT_szinopszis_PNG-370x325.png 370w, https:\/\/www.keddstudio.com\/wp-content\/uploads\/2025\/09\/BB6_SOROZAT_szinopszis_PNG-390x343.png 390w\" sizes=\"(max-width: 407px) 100vw, 407px\" \/>\t\t\t\t\t\t\t\t\t\t\t\t\t\t\t<\/div>\n\t\t\t\t<\/div>\n\t\t\t\t\t<\/div>\n\t\t<\/div>\n\t\t\t\t<div class=\"elementor-column elementor-col-50 elementor-top-column elementor-element elementor-element-fc1a063\" data-id=\"fc1a063\" data-element_type=\"column\" data-e-type=\"column\">\n\t\t\t<div class=\"elementor-widget-wrap elementor-element-populated\">\n\t\t\t\t\t\t<div class=\"elementor-element elementor-element-303d8a0 elementor-widget elementor-widget-heading\" data-id=\"303d8a0\" data-element_type=\"widget\" data-e-type=\"widget\" data-widget_type=\"heading.default\">\n\t\t\t\t<div class=\"elementor-widget-container\">\n\t\t\t\t\t<h2 class=\"elementor-heading-title elementor-size-large\">Technical information<\/h2>\t\t\t\t<\/div>\n\t\t\t\t<\/div>\n\t\t\t\t<div class=\"elementor-element elementor-element-2eec2b4 elementor-widget elementor-widget-text-editor\" data-id=\"2eec2b4\" data-element_type=\"widget\" data-e-type=\"widget\" data-widget_type=\"text-editor.default\">\n\t\t\t\t<div class=\"elementor-widget-container\">\n\t\t\t\t\t\t\t\t\t<p>Format: <strong>2D HD &#8211; 13&#215;5\u2019<\/strong><br \/>Genre: <strong>Edutainment<\/strong><br \/>Target: <strong>Preschooler<\/strong><br \/>Status: <strong>Completed<\/strong><br \/>Production: <strong>KEDD Animation Studio, 2022-2024<br \/><\/strong>Directed by <strong>Kinga Fazakas, G\u00e9za M. T\u00f3th,<br \/><\/strong>Script, design and character design:\u00a0<strong> Erika Bartos<\/strong><br \/>Storyteller in Hungarian version: <strong>Judit Pog\u00e1ny<br \/><\/strong>Produced by\u00a0<strong>G\u00e9za M. T\u00f3th<br \/><\/strong>Themes song: <strong style=\"font-family: Roboto, sans-serif; font-size: 16px; font-style: normal; background-color: rgba(195, 221, 244, 0);\">Alma Ensemble, D\u00e1vid Fecske\u00a0<br \/><\/strong>Music by:<strong>\u00a0Tibor Szab\u00f3<br \/><\/strong>Languages: <strong>Hungarian, English, Czech, Polish, Lithuanian, Russian, Portuguese, Romanian<\/strong><\/p>\t\t\t\t\t\t\t\t<\/div>\n\t\t\t\t<\/div>\n\t\t\t\t\t<\/div>\n\t\t<\/div>\n\t\t\t\t\t<\/div>\n\t\t<\/section>\n\t\t\t\t<\/div>\n\t\t","protected":false},"excerpt":{"rendered":"<p>Berry and Dolly S06 Where wishes come true Synopsis In the season Berry and Dolly 6 a common theme is empathy, attention, and the continuous effort to fulfill the wishes and desires of others. Once again, the series revisits 13 memorable adventures shared by Berry, Dolly, and their friends, such as the birth of owl [&hellip;]<\/p>\n","protected":false},"author":2,"featured_media":0,"parent":0,"menu_order":0,"comment_status":"closed","ping_status":"closed","template":"","meta":{"footnotes":""},"class_list":["post-4666","page","type-page","status-publish","hentry"],"_links":{"self":[{"href":"https:\/\/www.keddstudio.com\/index.php\/wp-json\/wp\/v2\/pages\/4666","targetHints":{"allow":["GET"]}}],"collection":[{"href":"https:\/\/www.keddstudio.com\/index.php\/wp-json\/wp\/v2\/pages"}],"about":[{"href":"https:\/\/www.keddstudio.com\/index.php\/wp-json\/wp\/v2\/types\/page"}],"author":[{"embeddable":true,"href":"https:\/\/www.keddstudio.com\/index.php\/wp-json\/wp\/v2\/users\/2"}],"replies":[{"embeddable":true,"href":"https:\/\/www.keddstudio.com\/index.php\/wp-json\/wp\/v2\/comments?post=4666"}],"version-history":[{"count":69,"href":"https:\/\/www.keddstudio.com\/index.php\/wp-json\/wp\/v2\/pages\/4666\/revisions"}],"predecessor-version":[{"id":6293,"href":"https:\/\/www.keddstudio.com\/index.php\/wp-json\/wp\/v2\/pages\/4666\/revisions\/6293"}],"wp:attachment":[{"href":"https:\/\/www.keddstudio.com\/index.php\/wp-json\/wp\/v2\/media?parent=4666"}],"curies":[{"name":"wp","href":"https:\/\/api.w.org\/{rel}","templated":true}]}}