{"id":4586,"date":"2023-11-24T08:17:22","date_gmt":"2023-11-24T08:17:22","guid":{"rendered":"http:\/\/www.keddstudio.com\/?page_id=4586"},"modified":"2025-04-08T09:19:02","modified_gmt":"2025-04-08T09:19:02","slug":"career","status":"publish","type":"page","link":"https:\/\/www.keddstudio.com\/index.php\/career\/","title":{"rendered":"Career"},"content":{"rendered":"\t\t<div data-elementor-type=\"wp-page\" data-elementor-id=\"4586\" class=\"elementor elementor-4586\" data-elementor-post-type=\"page\">\n\t\t\t\t\t\t<section class=\"elementor-section elementor-top-section elementor-element elementor-element-799069d elementor-section-boxed elementor-section-height-default elementor-section-height-default\" data-id=\"799069d\" data-element_type=\"section\" data-e-type=\"section\">\n\t\t\t\t\t\t<div class=\"elementor-container elementor-column-gap-default\">\n\t\t\t\t\t<div class=\"elementor-column elementor-col-100 elementor-top-column elementor-element elementor-element-2917698\" data-id=\"2917698\" data-element_type=\"column\" data-e-type=\"column\">\n\t\t\t<div class=\"elementor-widget-wrap\">\n\t\t\t\t\t\t\t<\/div>\n\t\t<\/div>\n\t\t\t\t\t<\/div>\n\t\t<\/section>\n\t\t\t\t<section class=\"elementor-section elementor-top-section elementor-element elementor-element-34b3b67 elementor-section-full_width elementor-section-height-default elementor-section-height-default\" data-id=\"34b3b67\" data-element_type=\"section\" data-e-type=\"section\">\n\t\t\t\t\t\t<div class=\"elementor-container elementor-column-gap-no\">\n\t\t\t\t\t<div class=\"elementor-column elementor-col-100 elementor-top-column elementor-element elementor-element-f6e2ac6\" data-id=\"f6e2ac6\" data-element_type=\"column\" data-e-type=\"column\">\n\t\t\t<div class=\"elementor-widget-wrap elementor-element-populated\">\n\t\t\t\t\t\t<div class=\"elementor-element elementor-element-bc75de9 elementor-widget elementor-widget-image\" data-id=\"bc75de9\" data-element_type=\"widget\" data-e-type=\"widget\" data-widget_type=\"image.default\">\n\t\t\t\t<div class=\"elementor-widget-container\">\n\t\t\t\t\t\t\t\t\t\t\t\t\t\t\t<img fetchpriority=\"high\" decoding=\"async\" width=\"1920\" height=\"550\" src=\"https:\/\/www.keddstudio.com\/wp-content\/uploads\/2025\/01\/CAREER_Page_header_1920x550_V2-.jpg\" class=\"attachment-full size-full wp-image-5504\" alt=\"\" srcset=\"https:\/\/www.keddstudio.com\/wp-content\/uploads\/2025\/01\/CAREER_Page_header_1920x550_V2-.jpg 1920w, https:\/\/www.keddstudio.com\/wp-content\/uploads\/2025\/01\/CAREER_Page_header_1920x550_V2--300x86.jpg 300w, https:\/\/www.keddstudio.com\/wp-content\/uploads\/2025\/01\/CAREER_Page_header_1920x550_V2--1024x293.jpg 1024w, https:\/\/www.keddstudio.com\/wp-content\/uploads\/2025\/01\/CAREER_Page_header_1920x550_V2--768x220.jpg 768w, https:\/\/www.keddstudio.com\/wp-content\/uploads\/2025\/01\/CAREER_Page_header_1920x550_V2--1536x440.jpg 1536w, https:\/\/www.keddstudio.com\/wp-content\/uploads\/2025\/01\/CAREER_Page_header_1920x550_V2--1170x335.jpg 1170w, https:\/\/www.keddstudio.com\/wp-content\/uploads\/2025\/01\/CAREER_Page_header_1920x550_V2--370x106.jpg 370w, https:\/\/www.keddstudio.com\/wp-content\/uploads\/2025\/01\/CAREER_Page_header_1920x550_V2--870x249.jpg 870w, https:\/\/www.keddstudio.com\/wp-content\/uploads\/2025\/01\/CAREER_Page_header_1920x550_V2--390x112.jpg 390w\" sizes=\"(max-width: 1920px) 100vw, 1920px\" \/>\t\t\t\t\t\t\t\t\t\t\t\t\t\t\t<\/div>\n\t\t\t\t<\/div>\n\t\t\t\t\t<\/div>\n\t\t<\/div>\n\t\t\t\t\t<\/div>\n\t\t<\/section>\n\t\t\t\t<section class=\"elementor-section elementor-top-section elementor-element elementor-element-25f3d47 elementor-section-full_width elementor-section-height-default elementor-section-height-default\" data-id=\"25f3d47\" data-element_type=\"section\" data-e-type=\"section\">\n\t\t\t\t\t\t<div class=\"elementor-container elementor-column-gap-default\">\n\t\t\t\t\t<div class=\"elementor-column elementor-col-100 elementor-top-column elementor-element elementor-element-cb185b5\" data-id=\"cb185b5\" data-element_type=\"column\" data-e-type=\"column\">\n\t\t\t<div class=\"elementor-widget-wrap elementor-element-populated\">\n\t\t\t\t\t\t<div class=\"elementor-element elementor-element-5aa46b5 elementor-widget elementor-widget-spacer\" data-id=\"5aa46b5\" data-element_type=\"widget\" data-e-type=\"widget\" data-widget_type=\"spacer.default\">\n\t\t\t\t<div class=\"elementor-widget-container\">\n\t\t\t\t\t\t\t<div class=\"elementor-spacer\">\n\t\t\t<div class=\"elementor-spacer-inner\"><\/div>\n\t\t<\/div>\n\t\t\t\t\t\t<\/div>\n\t\t\t\t<\/div>\n\t\t\t\t<div class=\"elementor-element elementor-element-b97a754 elementor-widget elementor-widget-heading\" data-id=\"b97a754\" data-element_type=\"widget\" data-e-type=\"widget\" data-widget_type=\"heading.default\">\n\t\t\t\t<div class=\"elementor-widget-container\">\n\t\t\t\t\t<h2 class=\"elementor-heading-title elementor-size-xl\">Career<\/h2>\t\t\t\t<\/div>\n\t\t\t\t<\/div>\n\t\t\t\t<div class=\"elementor-element elementor-element-f396d9f elementor-widget elementor-widget-spacer\" data-id=\"f396d9f\" data-element_type=\"widget\" data-e-type=\"widget\" data-widget_type=\"spacer.default\">\n\t\t\t\t<div class=\"elementor-widget-container\">\n\t\t\t\t\t\t\t<div class=\"elementor-spacer\">\n\t\t\t<div class=\"elementor-spacer-inner\"><\/div>\n\t\t<\/div>\n\t\t\t\t\t\t<\/div>\n\t\t\t\t<\/div>\n\t\t\t\t\t<\/div>\n\t\t<\/div>\n\t\t\t\t\t<\/div>\n\t\t<\/section>\n\t\t\t\t<section class=\"elementor-section elementor-top-section elementor-element elementor-element-2982f36 elementor-section-boxed elementor-section-height-default elementor-section-height-default\" data-id=\"2982f36\" data-element_type=\"section\" data-e-type=\"section\" data-settings=\"{&quot;background_background&quot;:&quot;classic&quot;}\">\n\t\t\t\t\t\t<div class=\"elementor-container elementor-column-gap-default\">\n\t\t\t\t\t<div class=\"elementor-column elementor-col-100 elementor-top-column elementor-element elementor-element-b648f4f\" data-id=\"b648f4f\" data-element_type=\"column\" data-e-type=\"column\" data-settings=\"{&quot;background_background&quot;:&quot;classic&quot;}\">\n\t\t\t<div class=\"elementor-widget-wrap elementor-element-populated\">\n\t\t\t\t\t\t<div class=\"elementor-element elementor-element-00a0f53 elementor-widget__width-initial elementor-widget elementor-widget-image\" data-id=\"00a0f53\" data-element_type=\"widget\" data-e-type=\"widget\" data-widget_type=\"image.default\">\n\t\t\t\t<div class=\"elementor-widget-container\">\n\t\t\t\t\t\t\t\t\t\t\t\t\t\t\t<img decoding=\"async\" src=\"https:\/\/www.keddstudio.com\/wp-content\/uploads\/elementor\/thumbs\/KEDD_logo_2024_feher-qylk34zfuyz0vpnalwt11em9qimsrojo7f7y7rfkby.png\" title=\"KEDD_logo_2024_feher\" alt=\"KEDD_logo_2024_feher\" loading=\"lazy\" \/>\t\t\t\t\t\t\t\t\t\t\t\t\t\t\t<\/div>\n\t\t\t\t<\/div>\n\t\t\t\t<div class=\"elementor-element elementor-element-eccdaab elementor-widget elementor-widget-heading\" data-id=\"eccdaab\" data-element_type=\"widget\" data-e-type=\"widget\" data-widget_type=\"heading.default\">\n\t\t\t\t<div class=\"elementor-widget-container\">\n\t\t\t\t\t<h1 class=\"elementor-heading-title elementor-size-medium\">KEDD ANIMATION STUDIO<\/h1>\t\t\t\t<\/div>\n\t\t\t\t<\/div>\n\t\t\t\t<div class=\"elementor-element elementor-element-d58cf07 elementor-widget elementor-widget-heading\" data-id=\"d58cf07\" data-element_type=\"widget\" data-e-type=\"widget\" data-widget_type=\"heading.default\">\n\t\t\t\t<div class=\"elementor-widget-container\">\n\t\t\t\t\t<h4 class=\"elementor-heading-title elementor-size-large\">Marketing-kommunik\u00e1ci\u00f3s munkat\u00e1rs \u00e1ll\u00e1shirdet\u00e9s<\/h4>\t\t\t\t<\/div>\n\t\t\t\t<\/div>\n\t\t\t\t\t<\/div>\n\t\t<\/div>\n\t\t\t\t\t<\/div>\n\t\t<\/section>\n\t\t\t\t<section class=\"elementor-section elementor-top-section elementor-element elementor-element-0b2525f elementor-section-boxed elementor-section-height-default elementor-section-height-default\" data-id=\"0b2525f\" data-element_type=\"section\" data-e-type=\"section\">\n\t\t\t\t\t\t<div class=\"elementor-container elementor-column-gap-default\">\n\t\t\t\t\t<div class=\"elementor-column elementor-col-100 elementor-top-column elementor-element elementor-element-d7323ae\" data-id=\"d7323ae\" data-element_type=\"column\" data-e-type=\"column\">\n\t\t\t<div class=\"elementor-widget-wrap elementor-element-populated\">\n\t\t\t\t\t\t<div class=\"elementor-element elementor-element-ea03f44 elementor-widget elementor-widget-text-editor\" data-id=\"ea03f44\" data-element_type=\"widget\" data-e-type=\"widget\" data-widget_type=\"text-editor.default\">\n\t\t\t\t<div class=\"elementor-widget-container\">\n\t\t\t\t\t\t\t\t\t<p>A <strong>KEDD Anim\u00e1ci\u00f3s St\u00fadi\u00f3<\/strong>, Magyarorsz\u00e1g egyik vezet\u0151 anim\u00e1ci\u00f3s m\u0171helye, amely min\u0151s\u00e9gi gyermektartalmakat k\u00e9sz\u00edt \u00e9s k\u00f6zvet\u00edt, tapasztalt <strong>Marketing-kommunik\u00e1ci\u00f3s munkat\u00e1rsat<\/strong> keres csapat\u00e1ba.<\/p>\t\t\t\t\t\t\t\t<\/div>\n\t\t\t\t<\/div>\n\t\t\t\t<div class=\"elementor-element elementor-element-da060bc elementor-widget elementor-widget-heading\" data-id=\"da060bc\" data-element_type=\"widget\" data-e-type=\"widget\" data-widget_type=\"heading.default\">\n\t\t\t\t<div class=\"elementor-widget-container\">\n\t\t\t\t\t<h2 class=\"elementor-heading-title elementor-size-default\">Munkak\u00f6r le\u00edr\u00e1sa<\/h2>\t\t\t\t<\/div>\n\t\t\t\t<\/div>\n\t\t\t\t<div class=\"elementor-element elementor-element-679016c elementor-widget elementor-widget-text-editor\" data-id=\"679016c\" data-element_type=\"widget\" data-e-type=\"widget\" data-widget_type=\"text-editor.default\">\n\t\t\t\t<div class=\"elementor-widget-container\">\n\t\t\t\t\t\t\t\t\t<ul><li><strong> Kommunik\u00e1ci\u00f3s strat\u00e9gia fejleszt\u00e9se \u00e9s megval\u00f3s\u00edt\u00e1sa: <\/strong>A KEDD kommunik\u00e1ci\u00f3s folyamatainak \u00e1tl\u00e1t\u00e1sa, strat\u00e9giai \u00e9s analitikus gondolkod\u00e1s alkalmaz\u00e1sa.<\/li><li><strong> Kommunik\u00e1ci\u00f3s anyagok elk\u00e9sz\u00edt\u00e9se: <\/strong>R\u00e9szv\u00e9tel a KEDD gy\u00e1rt\u00e1si folyamataihoz kapcsol\u00f3d\u00f3 kommunik\u00e1ci\u00f3s anyagok el\u0151\u00e1ll\u00edt\u00e1s\u00e1ban.<\/li><li><strong> Marketing-kommunik\u00e1ci\u00f3s kamp\u00e1nyok tervez\u00e9se \u00e9s lebonyol\u00edt\u00e1sa: <\/strong>A KEDD konkr\u00e9t produkci\u00f3ihoz kapcsol\u00f3d\u00f3 kamp\u00e1nyok megtervez\u00e9se \u00e9s lebonyol\u00edt\u00e1sa (p\u00e9ld\u00e1ul mozibemutat\u00f3k, fesztiv\u00e1lmegjelen\u00e9sek, pitch-f\u00f3rumok).<\/li><li><strong> Sajt\u00f3munka: <\/strong>Sajt\u00f3k\u00f6zlem\u00e9nyek \u00edr\u00e1sa, sajt\u00f3t\u00e1j\u00e9koztat\u00f3k, riportok \u00e9s cikkek szervez\u00e9se, id\u0151szakos m\u00e9diaelemz\u00e9sek k\u00e9sz\u00edt\u00e9se, valamint sajt\u00f3figyel\u00e9s.<\/li><li><strong> M\u00e9diakapcsolatok \u00e1pol\u00e1sa: <\/strong>Kapcsolattart\u00e1s m\u00e9diapartnerekkel, hazai \u00e9s nemzetk\u00f6zi sajt\u00f3kapcsolatok fejleszt\u00e9se.<\/li><li><strong> Partnerekkel val\u00f3 egy\u00fcttm\u0171k\u00f6d\u00e9s: <\/strong>Szakmai, t\u00e1rsadalmi \u00e9s \u00fczleti partnerek marketing- kommunik\u00e1ci\u00f3s munkat\u00e1rsaival val\u00f3 kapcsolattart\u00e1s; tervszer\u0171 t\u00e1j\u00e9koztat\u00e1s a KEDD esem\u00e9nyeir\u0151l.<\/li><li><strong> Social m\u00e9dia menedzsment: <\/strong>A KEDD k\u00f6z\u00f6ss\u00e9gi m\u00e9dia oldalainak szakszer\u0171 kezel\u00e9se, posztok \u00edr\u00e1sa, kamp\u00e1nyok tervez\u00e9se \u00e9s lebonyol\u00edt\u00e1sa (Facebook, Instagram, LinkedIn, TikTok).<\/li><li><strong> H\u00edrlev\u00e9l \u00e9s kapcsolati adatb\u00e1zis kezel\u00e9se: <\/strong>A KEDD h\u00edrleveleinek \u00f6sszehangolt kezel\u00e9se, tartalom-menedzsmentje \u00e9s a kapcsolati adatb\u00e1zisok karbantart\u00e1sa.<\/li><li><strong> Esem\u00e9nyek szervez\u00e9se: <\/strong>R\u00e9szv\u00e9tel a KEDD esem\u00e9nyeinek szervez\u00e9s\u00e9ben, bele\u00e9rtve a Rajzfilm\u00fcnnepet \u00e9s egy\u00e9b szakmai rendezv\u00e9nyeket.<\/li><\/ul>\t\t\t\t\t\t\t\t<\/div>\n\t\t\t\t<\/div>\n\t\t\t\t<div class=\"elementor-element elementor-element-bc03eb0 elementor-widget elementor-widget-heading\" data-id=\"bc03eb0\" data-element_type=\"widget\" data-e-type=\"widget\" data-widget_type=\"heading.default\">\n\t\t\t\t<div class=\"elementor-widget-container\">\n\t\t\t\t\t<h2 class=\"elementor-heading-title elementor-size-default\">Elv\u00e1r\u00e1sok<\/h2>\t\t\t\t<\/div>\n\t\t\t\t<\/div>\n\t\t\t\t<div class=\"elementor-element elementor-element-5526bf9 elementor-widget elementor-widget-text-editor\" data-id=\"5526bf9\" data-element_type=\"widget\" data-e-type=\"widget\" data-widget_type=\"text-editor.default\">\n\t\t\t\t<div class=\"elementor-widget-container\">\n\t\t\t\t\t\t\t\t\t<ul><li>T\u00f6bb \u00e9ves marketing-kommunik\u00e1ci\u00f3s tapasztalat.<\/li><li>Kommunik\u00e1ci\u00f3s folyamatok \u00e1tl\u00e1t\u00e1sa \u00e9s strat\u00e9giai, analitikus gondolkod\u00e1s.<\/li><li>Egy\u00fcttm\u0171k\u00f6d\u00e9si k\u00e9szs\u00e9g \u00e9s rendszerelv\u0171 gondolkod\u00e1sm\u00f3d.<\/li><li>\u00c9rt\u0151 \u00e9s kreat\u00edv sz\u00f6veg\u00edr\u00e1si k\u00e9szs\u00e9g magyarul \u00e9s angolul.<\/li><li>Social m\u00e9dia ismerete \u00e9s gyakorlati haszn\u00e1lata.<\/li><li>Proaktivit\u00e1s.<\/li><\/ul>\t\t\t\t\t\t\t\t<\/div>\n\t\t\t\t<\/div>\n\t\t\t\t<div class=\"elementor-element elementor-element-f954f78 elementor-widget elementor-widget-heading\" data-id=\"f954f78\" data-element_type=\"widget\" data-e-type=\"widget\" data-widget_type=\"heading.default\">\n\t\t\t\t<div class=\"elementor-widget-container\">\n\t\t\t\t\t<h2 class=\"elementor-heading-title elementor-size-default\">Amit k\u00edn\u00e1lunk<\/h2>\t\t\t\t<\/div>\n\t\t\t\t<\/div>\n\t\t\t\t<div class=\"elementor-element elementor-element-74f1b23 elementor-widget elementor-widget-text-editor\" data-id=\"74f1b23\" data-element_type=\"widget\" data-e-type=\"widget\" data-widget_type=\"text-editor.default\">\n\t\t\t\t<div class=\"elementor-widget-container\">\n\t\t\t\t\t\t\t\t\t<ul><li>Szakmai fejl\u0151d\u00e9si lehet\u0151s\u00e9g.<\/li><li>Dinamikus \u00e9s kreat\u00edv munkak\u00f6rnyezet.<\/li><li>J\u00f3 hangulat\u00fa, \u00f6sszetart\u00f3 csapat.<\/li><li>Stabil munkahely.<\/li><li>Teljes munkaid\u0151s f\u0151\u00e1ll\u00e1s a KEDD st\u00fadi\u00f3ban Budapesten.<\/li><\/ul>\t\t\t\t\t\t\t\t<\/div>\n\t\t\t\t<\/div>\n\t\t\t\t<div class=\"elementor-element elementor-element-64232d6 elementor-widget elementor-widget-heading\" data-id=\"64232d6\" data-element_type=\"widget\" data-e-type=\"widget\" data-widget_type=\"heading.default\">\n\t\t\t\t<div class=\"elementor-widget-container\">\n\t\t\t\t\t<h2 class=\"elementor-heading-title elementor-size-default\">Jelentkez\u00e9s<\/h2>\t\t\t\t<\/div>\n\t\t\t\t<\/div>\n\t\t\t\t<div class=\"elementor-element elementor-element-e632fc7 elementor-widget elementor-widget-text-editor\" data-id=\"e632fc7\" data-element_type=\"widget\" data-e-type=\"widget\" data-widget_type=\"text-editor.default\">\n\t\t\t\t<div class=\"elementor-widget-container\">\n\t\t\t\t\t\t\t\t\t<p>Tapasztalt marketing-kommunik\u00e1ci\u00f3s szakemberek jelentkez\u00e9s\u00e9t v\u00e1rjuk, akik sz\u00edvesen csatlakozn\u00e1nak egy innovat\u00edv \u00e9s kreat\u00edv csapathoz. Az \u00f6n\u00e9letrajzot \u00e9s motiv\u00e1ci\u00f3s levelet a nett\u00f3 b\u00e9rig\u00e9ny megjel\u00f6l\u00e9s\u00e9vel a <a href=\"mailto:hr@kedd.net\">hr@kedd.net<\/a> e-mail c\u00edmre k\u00e9rj\u00fck elk\u00fcldeni 2025. 04. 13-ig!<\/p><p>A KEDD Anim\u00e1ci\u00f3s St\u00fadi\u00f3 egyenl\u0151 es\u00e9lyeket biztos\u00edt minden jelentkez\u0151 sz\u00e1m\u00e1ra.<\/p>\t\t\t\t\t\t\t\t<\/div>\n\t\t\t\t<\/div>\n\t\t\t\t\t<\/div>\n\t\t<\/div>\n\t\t\t\t\t<\/div>\n\t\t<\/section>\n\t\t\t\t<section class=\"elementor-section elementor-top-section elementor-element elementor-element-57bf1d5 elementor-section-boxed elementor-section-height-default elementor-section-height-default\" data-id=\"57bf1d5\" data-element_type=\"section\" data-e-type=\"section\">\n\t\t\t\t\t\t<div class=\"elementor-container elementor-column-gap-default\">\n\t\t\t\t\t<div class=\"elementor-column elementor-col-100 elementor-top-column elementor-element elementor-element-59b9917\" data-id=\"59b9917\" data-element_type=\"column\" data-e-type=\"column\">\n\t\t\t<div class=\"elementor-widget-wrap elementor-element-populated\">\n\t\t\t\t\t\t<div class=\"elementor-element elementor-element-e1e4d30 elementor-hidden-desktop elementor-hidden-tablet elementor-hidden-mobile elementor-widget elementor-widget-text-editor\" data-id=\"e1e4d30\" data-element_type=\"widget\" data-e-type=\"widget\" data-widget_type=\"text-editor.default\">\n\t\t\t\t<div class=\"elementor-widget-container\">\n\t\t\t\t\t\t\t\t\t<ul><li><a href=\"https:\/\/www.keddstudio.com\/index.php\/film-sales-executive\">Film Sales Executive<\/a><\/li><li>Creative member &#8211; Kreat\u00edv munkat\u00e1rs<\/li><li>Internship &#8211; gyakornok<\/li><\/ul>\t\t\t\t\t\t\t\t<\/div>\n\t\t\t\t<\/div>\n\t\t\t\t\t<\/div>\n\t\t<\/div>\n\t\t\t\t\t<\/div>\n\t\t<\/section>\n\t\t\t\t<section class=\"elementor-section elementor-top-section elementor-element elementor-element-b94ff63 elementor-hidden-desktop elementor-hidden-tablet elementor-hidden-mobile elementor-section-boxed elementor-section-height-default elementor-section-height-default\" data-id=\"b94ff63\" data-element_type=\"section\" data-e-type=\"section\">\n\t\t\t\t\t\t<div class=\"elementor-container elementor-column-gap-default\">\n\t\t\t\t\t<div class=\"elementor-column elementor-col-50 elementor-top-column elementor-element elementor-element-5f2455b\" data-id=\"5f2455b\" data-element_type=\"column\" data-e-type=\"column\">\n\t\t\t<div class=\"elementor-widget-wrap\">\n\t\t\t\t\t\t\t<\/div>\n\t\t<\/div>\n\t\t\t\t<div class=\"elementor-column elementor-col-50 elementor-top-column elementor-element elementor-element-a877fab\" data-id=\"a877fab\" data-element_type=\"column\" data-e-type=\"column\">\n\t\t\t<div class=\"elementor-widget-wrap elementor-element-populated\">\n\t\t\t\t\t\t<div class=\"elementor-element elementor-element-66defa9 elementor-widget elementor-widget-heading\" data-id=\"66defa9\" data-element_type=\"widget\" data-e-type=\"widget\" data-widget_type=\"heading.default\">\n\t\t\t\t<div class=\"elementor-widget-container\">\n\t\t\t\t\t<h2 class=\"elementor-heading-title elementor-size-large\">JELENTKEZ\u00c9SI \u0170RLAP<\/h2>\t\t\t\t<\/div>\n\t\t\t\t<\/div>\n\t\t\t\t<div class=\"elementor-element elementor-element-693b8fb elementor-button-align-stretch elementor-widget elementor-widget-form\" data-id=\"693b8fb\" data-element_type=\"widget\" data-e-type=\"widget\" data-settings=\"{&quot;step_next_label&quot;:&quot;K\\u00f6vetkez\\u0151&quot;,&quot;step_previous_label&quot;:&quot;El\\u0151z\\u0151&quot;,&quot;button_width&quot;:&quot;100&quot;,&quot;step_type&quot;:&quot;number_text&quot;,&quot;step_icon_shape&quot;:&quot;circle&quot;}\" data-widget_type=\"form.default\">\n\t\t\t\t<div class=\"elementor-widget-container\">\n\t\t\t\t\t\t\t<form class=\"elementor-form\" method=\"post\" name=\"\u00daj \u0171rlap\" aria-label=\"\u00daj \u0171rlap\">\n\t\t\t<input type=\"hidden\" name=\"post_id\" value=\"4586\"\/>\n\t\t\t<input type=\"hidden\" name=\"form_id\" value=\"693b8fb\"\/>\n\t\t\t<input type=\"hidden\" name=\"referer_title\" value=\"Career\" \/>\n\n\t\t\t\t\t\t\t<input type=\"hidden\" name=\"queried_id\" value=\"4586\"\/>\n\t\t\t\n\t\t\t<div class=\"elementor-form-fields-wrapper elementor-labels-above\">\n\t\t\t\t\t\t\t\t<div class=\"elementor-field-type-text elementor-field-group elementor-column elementor-field-group-name elementor-col-100\">\n\t\t\t\t\t\t\t\t\t\t\t\t<label for=\"form-field-name\" class=\"elementor-field-label\">\n\t\t\t\t\t\t\t\tN\u00e9v\t\t\t\t\t\t\t<\/label>\n\t\t\t\t\t\t\t\t\t\t\t\t\t\t<input size=\"1\" type=\"text\" name=\"form_fields[name]\" id=\"form-field-name\" class=\"elementor-field elementor-size-sm  elementor-field-textual\" placeholder=\"N\u00e9v\">\n\t\t\t\t\t\t\t\t\t\t\t<\/div>\n\t\t\t\t\t\t\t\t<div class=\"elementor-field-type-email elementor-field-group elementor-column elementor-field-group-email elementor-col-100 elementor-field-required\">\n\t\t\t\t\t\t\t\t\t\t\t\t<label for=\"form-field-email\" class=\"elementor-field-label\">\n\t\t\t\t\t\t\t\tEmail\t\t\t\t\t\t\t<\/label>\n\t\t\t\t\t\t\t\t\t\t\t\t\t\t<input size=\"1\" type=\"email\" name=\"form_fields[email]\" id=\"form-field-email\" class=\"elementor-field elementor-size-sm  elementor-field-textual\" placeholder=\"Email\" required=\"required\">\n\t\t\t\t\t\t\t\t\t\t\t<\/div>\n\t\t\t\t\t\t\t\t<div class=\"elementor-field-type-textarea elementor-field-group elementor-column elementor-field-group-message elementor-col-100\">\n\t\t\t\t\t\t\t\t\t\t\t\t<label for=\"form-field-message\" class=\"elementor-field-label\">\n\t\t\t\t\t\t\t\t\u00dczenet\t\t\t\t\t\t\t<\/label>\n\t\t\t\t\t\t<textarea class=\"elementor-field-textual elementor-field  elementor-size-sm\" name=\"form_fields[message]\" id=\"form-field-message\" rows=\"4\" placeholder=\"\u00dczenet\"><\/textarea>\t\t\t\t<\/div>\n\t\t\t\t\t\t\t\t<div class=\"elementor-field-type-upload elementor-field-group elementor-column elementor-field-group-field_0094acf elementor-col-100\">\n\t\t\t\t\t\t\t<input type=\"file\" name=\"form_fields[field_0094acf]\" id=\"form-field-field_0094acf\" class=\"elementor-field elementor-size-sm  elementor-upload-field\">\n\n\t\t\t\t\t\t<\/div>\n\t\t\t\t\t\t\t\t<div class=\"elementor-field-group elementor-column elementor-field-type-submit elementor-col-100 e-form__buttons\">\n\t\t\t\t\t<button class=\"elementor-button elementor-size-sm\" type=\"submit\">\n\t\t\t\t\t\t<span class=\"elementor-button-content-wrapper\">\n\t\t\t\t\t\t\t\t\t\t\t\t\t\t\t\t\t\t\t\t\t\t<span class=\"elementor-button-text\">K\u00fcld\u00e9s<\/span>\n\t\t\t\t\t\t\t\t\t\t\t\t\t<\/span>\n\t\t\t\t\t<\/button>\n\t\t\t\t<\/div>\n\t\t\t<\/div>\n\t\t<\/form>\n\t\t\t\t\t\t<\/div>\n\t\t\t\t<\/div>\n\t\t\t\t\t<\/div>\n\t\t<\/div>\n\t\t\t\t\t<\/div>\n\t\t<\/section>\n\t\t\t\t<section class=\"elementor-section elementor-top-section elementor-element elementor-element-b76b30c elementor-section-boxed elementor-section-height-default elementor-section-height-default\" data-id=\"b76b30c\" data-element_type=\"section\" data-e-type=\"section\">\n\t\t\t\t\t\t<div class=\"elementor-container elementor-column-gap-default\">\n\t\t\t\t\t<div class=\"elementor-column elementor-col-100 elementor-top-column elementor-element elementor-element-2fa53d2\" data-id=\"2fa53d2\" data-element_type=\"column\" data-e-type=\"column\">\n\t\t\t<div class=\"elementor-widget-wrap elementor-element-populated\">\n\t\t\t\t\t\t<div class=\"elementor-element elementor-element-d426739 elementor-widget elementor-widget-spacer\" data-id=\"d426739\" data-element_type=\"widget\" data-e-type=\"widget\" data-widget_type=\"spacer.default\">\n\t\t\t\t<div class=\"elementor-widget-container\">\n\t\t\t\t\t\t\t<div class=\"elementor-spacer\">\n\t\t\t<div class=\"elementor-spacer-inner\"><\/div>\n\t\t<\/div>\n\t\t\t\t\t\t<\/div>\n\t\t\t\t<\/div>\n\t\t\t\t\t<\/div>\n\t\t<\/div>\n\t\t\t\t\t<\/div>\n\t\t<\/section>\n\t\t\t\t<\/div>\n\t\t","protected":false},"excerpt":{"rendered":"<p>Career KEDD ANIMATION STUDIO Marketing-kommunik\u00e1ci\u00f3s munkat\u00e1rs \u00e1ll\u00e1shirdet\u00e9s A KEDD Anim\u00e1ci\u00f3s St\u00fadi\u00f3, Magyarorsz\u00e1g egyik vezet\u0151 anim\u00e1ci\u00f3s m\u0171helye, amely min\u0151s\u00e9gi gyermektartalmakat k\u00e9sz\u00edt \u00e9s k\u00f6zvet\u00edt, tapasztalt Marketing-kommunik\u00e1ci\u00f3s munkat\u00e1rsat keres csapat\u00e1ba. Munkak\u00f6r le\u00edr\u00e1sa Kommunik\u00e1ci\u00f3s strat\u00e9gia fejleszt\u00e9se \u00e9s megval\u00f3s\u00edt\u00e1sa: A KEDD kommunik\u00e1ci\u00f3s folyamatainak \u00e1tl\u00e1t\u00e1sa, strat\u00e9giai \u00e9s analitikus gondolkod\u00e1s alkalmaz\u00e1sa. Kommunik\u00e1ci\u00f3s anyagok elk\u00e9sz\u00edt\u00e9se: R\u00e9szv\u00e9tel a KEDD gy\u00e1rt\u00e1si folyamataihoz kapcsol\u00f3d\u00f3 kommunik\u00e1ci\u00f3s anyagok [&hellip;]<\/p>\n","protected":false},"author":2,"featured_media":0,"parent":0,"menu_order":0,"comment_status":"closed","ping_status":"closed","template":"","meta":{"footnotes":""},"class_list":["post-4586","page","type-page","status-publish","hentry"],"_links":{"self":[{"href":"https:\/\/www.keddstudio.com\/index.php\/wp-json\/wp\/v2\/pages\/4586","targetHints":{"allow":["GET"]}}],"collection":[{"href":"https:\/\/www.keddstudio.com\/index.php\/wp-json\/wp\/v2\/pages"}],"about":[{"href":"https:\/\/www.keddstudio.com\/index.php\/wp-json\/wp\/v2\/types\/page"}],"author":[{"embeddable":true,"href":"https:\/\/www.keddstudio.com\/index.php\/wp-json\/wp\/v2\/users\/2"}],"replies":[{"embeddable":true,"href":"https:\/\/www.keddstudio.com\/index.php\/wp-json\/wp\/v2\/comments?post=4586"}],"version-history":[{"count":245,"href":"https:\/\/www.keddstudio.com\/index.php\/wp-json\/wp\/v2\/pages\/4586\/revisions"}],"predecessor-version":[{"id":5819,"href":"https:\/\/www.keddstudio.com\/index.php\/wp-json\/wp\/v2\/pages\/4586\/revisions\/5819"}],"wp:attachment":[{"href":"https:\/\/www.keddstudio.com\/index.php\/wp-json\/wp\/v2\/media?parent=4586"}],"curies":[{"name":"wp","href":"https:\/\/api.w.org\/{rel}","templated":true}]}}