{"id":3098,"date":"2023-02-21T10:40:07","date_gmt":"2023-02-21T10:40:07","guid":{"rendered":"https:\/\/dev.keddstudio.com\/?page_id=3098"},"modified":"2025-09-11T13:22:55","modified_gmt":"2025-09-11T13:22:55","slug":"bogyo-es-baboca-5-honapok-mesei","status":"publish","type":"page","link":"https:\/\/www.keddstudio.com\/index.php\/bogyo-es-baboca-5-honapok-mesei\/","title":{"rendered":"Berry and Dolly 5 &#8211; Months of the Year"},"content":{"rendered":"\t\t<div data-elementor-type=\"wp-page\" data-elementor-id=\"3098\" class=\"elementor elementor-3098\" data-elementor-post-type=\"page\">\n\t\t\t\t\t\t<section class=\"elementor-section elementor-top-section elementor-element elementor-element-aa66d1c elementor-section-full_width elementor-section-height-default elementor-section-height-default\" data-id=\"aa66d1c\" data-element_type=\"section\">\n\t\t\t\t\t\t<div class=\"elementor-container elementor-column-gap-no\">\n\t\t\t\t\t<div class=\"elementor-column elementor-col-100 elementor-top-column elementor-element elementor-element-20fecda\" data-id=\"20fecda\" data-element_type=\"column\">\n\t\t\t<div class=\"elementor-widget-wrap elementor-element-populated\">\n\t\t\t\t\t\t<div class=\"elementor-element elementor-element-e56cfcd elementor-widget elementor-widget-image\" data-id=\"e56cfcd\" data-element_type=\"widget\" data-widget_type=\"image.default\">\n\t\t\t\t<div class=\"elementor-widget-container\">\n\t\t\t\t\t\t\t\t\t\t\t\t\t\t\t<img fetchpriority=\"high\" decoding=\"async\" width=\"1920\" height=\"550\" src=\"https:\/\/www.keddstudio.com\/wp-content\/uploads\/2023\/09\/BB_MONTHS_OF_THE_YEAR_oldalborito.jpg\" class=\"attachment-2048x2048 size-2048x2048 wp-image-4171\" alt=\"\" srcset=\"https:\/\/www.keddstudio.com\/wp-content\/uploads\/2023\/09\/BB_MONTHS_OF_THE_YEAR_oldalborito.jpg 1920w, https:\/\/www.keddstudio.com\/wp-content\/uploads\/2023\/09\/BB_MONTHS_OF_THE_YEAR_oldalborito-300x86.jpg 300w, https:\/\/www.keddstudio.com\/wp-content\/uploads\/2023\/09\/BB_MONTHS_OF_THE_YEAR_oldalborito-1024x293.jpg 1024w, https:\/\/www.keddstudio.com\/wp-content\/uploads\/2023\/09\/BB_MONTHS_OF_THE_YEAR_oldalborito-768x220.jpg 768w, https:\/\/www.keddstudio.com\/wp-content\/uploads\/2023\/09\/BB_MONTHS_OF_THE_YEAR_oldalborito-1536x440.jpg 1536w, https:\/\/www.keddstudio.com\/wp-content\/uploads\/2023\/09\/BB_MONTHS_OF_THE_YEAR_oldalborito-1170x335.jpg 1170w, https:\/\/www.keddstudio.com\/wp-content\/uploads\/2023\/09\/BB_MONTHS_OF_THE_YEAR_oldalborito-370x106.jpg 370w, https:\/\/www.keddstudio.com\/wp-content\/uploads\/2023\/09\/BB_MONTHS_OF_THE_YEAR_oldalborito-870x249.jpg 870w, https:\/\/www.keddstudio.com\/wp-content\/uploads\/2023\/09\/BB_MONTHS_OF_THE_YEAR_oldalborito-390x112.jpg 390w\" sizes=\"(max-width: 1920px) 100vw, 1920px\" \/>\t\t\t\t\t\t\t\t\t\t\t\t\t\t\t<\/div>\n\t\t\t\t<\/div>\n\t\t\t\t<div class=\"elementor-element elementor-element-587e3d3 elementor-widget elementor-widget-heading\" data-id=\"587e3d3\" data-element_type=\"widget\" data-widget_type=\"heading.default\">\n\t\t\t\t<div class=\"elementor-widget-container\">\n\t\t\t\t\t<h2 class=\"elementor-heading-title elementor-size-xl\">Berry and Dolly 5 - Months of the Year<\/h2>\t\t\t\t<\/div>\n\t\t\t\t<\/div>\n\t\t\t\t<div class=\"elementor-element elementor-element-1b45cd4 elementor-widget elementor-widget-heading\" data-id=\"1b45cd4\" data-element_type=\"widget\" data-widget_type=\"heading.default\">\n\t\t\t\t<div class=\"elementor-widget-container\">\n\t\t\t\t\t<h2 class=\"elementor-heading-title elementor-size-large\">Nature invites to play all year round<\/h2>\t\t\t\t<\/div>\n\t\t\t\t<\/div>\n\t\t\t\t\t<\/div>\n\t\t<\/div>\n\t\t\t\t\t<\/div>\n\t\t<\/section>\n\t\t\t\t<section class=\"elementor-section elementor-top-section elementor-element elementor-element-c79b954 elementor-section-full_width elementor-section-height-default elementor-section-height-default\" data-id=\"c79b954\" data-element_type=\"section\">\n\t\t\t\t\t\t<div class=\"elementor-container elementor-column-gap-default\">\n\t\t\t\t\t<div class=\"elementor-column elementor-col-33 elementor-top-column elementor-element elementor-element-58cd448\" data-id=\"58cd448\" data-element_type=\"column\">\n\t\t\t<div class=\"elementor-widget-wrap elementor-element-populated\">\n\t\t\t\t\t\t<div class=\"elementor-element elementor-element-4903ada elementor-widget elementor-widget-image\" data-id=\"4903ada\" data-element_type=\"widget\" data-widget_type=\"image.default\">\n\t\t\t\t<div class=\"elementor-widget-container\">\n\t\t\t\t\t\t\t\t\t\t\t\t\t\t\t<img decoding=\"async\" width=\"1024\" height=\"576\" src=\"https:\/\/www.keddstudio.com\/wp-content\/uploads\/2025\/09\/BOGYO_ES_BABOCA_S05E03_Karikazo_THUMB-1024x576.png\" class=\"attachment-large size-large wp-image-6147\" alt=\"\" srcset=\"https:\/\/www.keddstudio.com\/wp-content\/uploads\/2025\/09\/BOGYO_ES_BABOCA_S05E03_Karikazo_THUMB-1024x576.png 1024w, https:\/\/www.keddstudio.com\/wp-content\/uploads\/2025\/09\/BOGYO_ES_BABOCA_S05E03_Karikazo_THUMB-300x170.png 300w, https:\/\/www.keddstudio.com\/wp-content\/uploads\/2025\/09\/BOGYO_ES_BABOCA_S05E03_Karikazo_THUMB-768x432.png 768w, https:\/\/www.keddstudio.com\/wp-content\/uploads\/2025\/09\/BOGYO_ES_BABOCA_S05E03_Karikazo_THUMB-1536x864.png 1536w, https:\/\/www.keddstudio.com\/wp-content\/uploads\/2025\/09\/BOGYO_ES_BABOCA_S05E03_Karikazo_THUMB-1170x659.png 1170w, https:\/\/www.keddstudio.com\/wp-content\/uploads\/2025\/09\/BOGYO_ES_BABOCA_S05E03_Karikazo_THUMB-370x208.png 370w, https:\/\/www.keddstudio.com\/wp-content\/uploads\/2025\/09\/BOGYO_ES_BABOCA_S05E03_Karikazo_THUMB-870x490.png 870w, https:\/\/www.keddstudio.com\/wp-content\/uploads\/2025\/09\/BOGYO_ES_BABOCA_S05E03_Karikazo_THUMB-390x220.png 390w, https:\/\/www.keddstudio.com\/wp-content\/uploads\/2025\/09\/BOGYO_ES_BABOCA_S05E03_Karikazo_THUMB.png 1920w\" sizes=\"(max-width: 1024px) 100vw, 1024px\" \/>\t\t\t\t\t\t\t\t\t\t\t\t\t\t\t<\/div>\n\t\t\t\t<\/div>\n\t\t\t\t\t<\/div>\n\t\t<\/div>\n\t\t\t\t<div class=\"elementor-column elementor-col-33 elementor-top-column elementor-element elementor-element-3de90fb\" data-id=\"3de90fb\" data-element_type=\"column\">\n\t\t\t<div class=\"elementor-widget-wrap elementor-element-populated\">\n\t\t\t\t\t\t<div class=\"elementor-element elementor-element-f0ec210 elementor-widget elementor-widget-video\" data-id=\"f0ec210\" data-element_type=\"widget\" data-settings=\"{&quot;video_type&quot;:&quot;vimeo&quot;}\" data-widget_type=\"video.default\">\n\t\t\t\t<div class=\"elementor-widget-container\">\n\t\t\t\t\t\t\t<div class=\"elementor-wrapper elementor-open-inline\">\n\t\t\t<iframe class=\"elementor-video-iframe\" allowfullscreen allow=\"clipboard-write\" title=\"vimeo vide\u00f3 lej\u00e1tsz\u00f3\" src=\"https:\/\/player.vimeo.com\/video\/834337691?color&amp;autopause=0&amp;loop=0&amp;muted=0&amp;title=1&amp;portrait=1&amp;byline=1&amp;h=00969adf75#t=\"><\/iframe>\t\t<\/div>\n\t\t\t\t\t\t<\/div>\n\t\t\t\t<\/div>\n\t\t\t\t\t<\/div>\n\t\t<\/div>\n\t\t\t\t<div class=\"elementor-column elementor-col-33 elementor-top-column elementor-element elementor-element-2b6cf7c\" data-id=\"2b6cf7c\" data-element_type=\"column\">\n\t\t\t<div class=\"elementor-widget-wrap elementor-element-populated\">\n\t\t\t\t\t\t<div class=\"elementor-element elementor-element-65d95b7 elementor-widget elementor-widget-image\" data-id=\"65d95b7\" data-element_type=\"widget\" data-widget_type=\"image.default\">\n\t\t\t\t<div class=\"elementor-widget-container\">\n\t\t\t\t\t\t\t\t\t\t\t\t\t\t\t<img decoding=\"async\" width=\"1024\" height=\"576\" src=\"https:\/\/www.keddstudio.com\/wp-content\/uploads\/2025\/09\/BOGYO_ES_BABOCA_S05E12_Baboca_zenelo_doboza_THUMB-1024x576.png\" class=\"attachment-large size-large wp-image-6149\" alt=\"\" srcset=\"https:\/\/www.keddstudio.com\/wp-content\/uploads\/2025\/09\/BOGYO_ES_BABOCA_S05E12_Baboca_zenelo_doboza_THUMB-1024x576.png 1024w, https:\/\/www.keddstudio.com\/wp-content\/uploads\/2025\/09\/BOGYO_ES_BABOCA_S05E12_Baboca_zenelo_doboza_THUMB-300x170.png 300w, https:\/\/www.keddstudio.com\/wp-content\/uploads\/2025\/09\/BOGYO_ES_BABOCA_S05E12_Baboca_zenelo_doboza_THUMB-768x432.png 768w, https:\/\/www.keddstudio.com\/wp-content\/uploads\/2025\/09\/BOGYO_ES_BABOCA_S05E12_Baboca_zenelo_doboza_THUMB-1536x864.png 1536w, https:\/\/www.keddstudio.com\/wp-content\/uploads\/2025\/09\/BOGYO_ES_BABOCA_S05E12_Baboca_zenelo_doboza_THUMB-1170x659.png 1170w, https:\/\/www.keddstudio.com\/wp-content\/uploads\/2025\/09\/BOGYO_ES_BABOCA_S05E12_Baboca_zenelo_doboza_THUMB-370x208.png 370w, https:\/\/www.keddstudio.com\/wp-content\/uploads\/2025\/09\/BOGYO_ES_BABOCA_S05E12_Baboca_zenelo_doboza_THUMB-870x490.png 870w, https:\/\/www.keddstudio.com\/wp-content\/uploads\/2025\/09\/BOGYO_ES_BABOCA_S05E12_Baboca_zenelo_doboza_THUMB-390x220.png 390w, https:\/\/www.keddstudio.com\/wp-content\/uploads\/2025\/09\/BOGYO_ES_BABOCA_S05E12_Baboca_zenelo_doboza_THUMB.png 1920w\" sizes=\"(max-width: 1024px) 100vw, 1024px\" \/>\t\t\t\t\t\t\t\t\t\t\t\t\t\t\t<\/div>\n\t\t\t\t<\/div>\n\t\t\t\t\t<\/div>\n\t\t<\/div>\n\t\t\t\t\t<\/div>\n\t\t<\/section>\n\t\t\t\t<section class=\"elementor-section elementor-top-section elementor-element elementor-element-a463166 elementor-section-boxed elementor-section-height-default elementor-section-height-default\" data-id=\"a463166\" data-element_type=\"section\">\n\t\t\t\t\t\t<div class=\"elementor-container elementor-column-gap-default\">\n\t\t\t\t\t<div class=\"elementor-column elementor-col-100 elementor-top-column elementor-element elementor-element-555aa46\" data-id=\"555aa46\" data-element_type=\"column\">\n\t\t\t<div class=\"elementor-widget-wrap elementor-element-populated\">\n\t\t\t\t\t\t<div class=\"elementor-element elementor-element-4702b96 elementor-widget elementor-widget-spacer\" data-id=\"4702b96\" data-element_type=\"widget\" data-widget_type=\"spacer.default\">\n\t\t\t\t<div class=\"elementor-widget-container\">\n\t\t\t\t\t\t\t<div class=\"elementor-spacer\">\n\t\t\t<div class=\"elementor-spacer-inner\"><\/div>\n\t\t<\/div>\n\t\t\t\t\t\t<\/div>\n\t\t\t\t<\/div>\n\t\t\t\t<section class=\"elementor-section elementor-inner-section elementor-element elementor-element-01e11b0 elementor-section-boxed elementor-section-height-default elementor-section-height-default\" data-id=\"01e11b0\" data-element_type=\"section\">\n\t\t\t\t\t\t<div class=\"elementor-container elementor-column-gap-default\">\n\t\t\t\t\t<div class=\"elementor-column elementor-col-100 elementor-inner-column elementor-element elementor-element-6447c17\" data-id=\"6447c17\" data-element_type=\"column\">\n\t\t\t<div class=\"elementor-widget-wrap\">\n\t\t\t\t\t\t\t<\/div>\n\t\t<\/div>\n\t\t\t\t\t<\/div>\n\t\t<\/section>\n\t\t\t\t\t<\/div>\n\t\t<\/div>\n\t\t\t\t\t<\/div>\n\t\t<\/section>\n\t\t\t\t<section class=\"elementor-section elementor-top-section elementor-element elementor-element-57fecb9 elementor-section-boxed elementor-section-height-default elementor-section-height-default\" data-id=\"57fecb9\" data-element_type=\"section\">\n\t\t\t\t\t\t\t<div class=\"elementor-background-overlay\"><\/div>\n\t\t\t\t\t\t\t<div class=\"elementor-container elementor-column-gap-default\">\n\t\t\t\t\t<div class=\"elementor-column elementor-col-100 elementor-top-column elementor-element elementor-element-5073ce3\" data-id=\"5073ce3\" data-element_type=\"column\">\n\t\t\t<div class=\"elementor-widget-wrap elementor-element-populated\">\n\t\t\t\t\t\t<div class=\"elementor-element elementor-element-1071938 elementor-widget elementor-widget-heading\" data-id=\"1071938\" data-element_type=\"widget\" data-widget_type=\"heading.default\">\n\t\t\t\t<div class=\"elementor-widget-container\">\n\t\t\t\t\t<h2 class=\"elementor-heading-title elementor-size-large\">Synopsis<\/h2>\t\t\t\t<\/div>\n\t\t\t\t<\/div>\n\t\t\t\t<div class=\"elementor-element elementor-element-c0c4813 elementor-widget elementor-widget-text-editor\" data-id=\"c0c4813\" data-element_type=\"widget\" data-widget_type=\"text-editor.default\">\n\t\t\t\t<div class=\"elementor-widget-container\">\n\t\t\t\t\t\t\t\t\t<p>In the animated film \u201cMonths of the Year\u201d, we follow the changing seasons in twelve short stories as nature invites the characters to play together each month. And in the thirteenth story, they take part in a bake-off, which reveals that anyone, even the ever-conscientious Doctor Owl, can make a mistake.<\/p>\t\t\t\t\t\t\t\t<\/div>\n\t\t\t\t<\/div>\n\t\t\t\t\t<\/div>\n\t\t<\/div>\n\t\t\t\t\t<\/div>\n\t\t<\/section>\n\t\t\t\t<section class=\"elementor-section elementor-top-section elementor-element elementor-element-d4fafd6 elementor-section-boxed elementor-section-height-default elementor-section-height-default\" data-id=\"d4fafd6\" data-element_type=\"section\">\n\t\t\t\t\t\t\t<div class=\"elementor-background-overlay\"><\/div>\n\t\t\t\t\t\t\t<div class=\"elementor-container elementor-column-gap-default\">\n\t\t\t\t\t<div class=\"elementor-column elementor-col-50 elementor-top-column elementor-element elementor-element-ea628e7\" data-id=\"ea628e7\" data-element_type=\"column\">\n\t\t\t<div class=\"elementor-widget-wrap elementor-element-populated\">\n\t\t\t\t\t\t<div class=\"elementor-element elementor-element-8636477 e-transform elementor-widget elementor-widget-image\" data-id=\"8636477\" data-element_type=\"widget\" data-settings=\"{&quot;_transform_scale_effect&quot;:{&quot;unit&quot;:&quot;px&quot;,&quot;size&quot;:1.07,&quot;sizes&quot;:[]},&quot;_transform_scale_effect_tablet&quot;:{&quot;unit&quot;:&quot;px&quot;,&quot;size&quot;:&quot;&quot;,&quot;sizes&quot;:[]},&quot;_transform_scale_effect_mobile&quot;:{&quot;unit&quot;:&quot;px&quot;,&quot;size&quot;:&quot;&quot;,&quot;sizes&quot;:[]}}\" data-widget_type=\"image.default\">\n\t\t\t\t<div class=\"elementor-widget-container\">\n\t\t\t\t\t\t\t\t\t\t\t\t\t\t\t<img loading=\"lazy\" decoding=\"async\" width=\"1024\" height=\"1024\" src=\"https:\/\/www.keddstudio.com\/wp-content\/uploads\/2025\/09\/BB5_MOZI_szinopszis_PNG-2-1024x1024.png\" class=\"attachment-large size-large wp-image-6153\" alt=\"\" srcset=\"https:\/\/www.keddstudio.com\/wp-content\/uploads\/2025\/09\/BB5_MOZI_szinopszis_PNG-2-1024x1024.png 1024w, https:\/\/www.keddstudio.com\/wp-content\/uploads\/2025\/09\/BB5_MOZI_szinopszis_PNG-2-300x300.png 300w, https:\/\/www.keddstudio.com\/wp-content\/uploads\/2025\/09\/BB5_MOZI_szinopszis_PNG-2-150x150.png 150w, https:\/\/www.keddstudio.com\/wp-content\/uploads\/2025\/09\/BB5_MOZI_szinopszis_PNG-2-768x768.png 768w, https:\/\/www.keddstudio.com\/wp-content\/uploads\/2025\/09\/BB5_MOZI_szinopszis_PNG-2-1536x1536.png 1536w, https:\/\/www.keddstudio.com\/wp-content\/uploads\/2025\/09\/BB5_MOZI_szinopszis_PNG-2-1170x1170.png 1170w, https:\/\/www.keddstudio.com\/wp-content\/uploads\/2025\/09\/BB5_MOZI_szinopszis_PNG-2-370x370.png 370w, https:\/\/www.keddstudio.com\/wp-content\/uploads\/2025\/09\/BB5_MOZI_szinopszis_PNG-2-870x870.png 870w, https:\/\/www.keddstudio.com\/wp-content\/uploads\/2025\/09\/BB5_MOZI_szinopszis_PNG-2-390x390.png 390w, https:\/\/www.keddstudio.com\/wp-content\/uploads\/2025\/09\/BB5_MOZI_szinopszis_PNG-2-75x75.png 75w, https:\/\/www.keddstudio.com\/wp-content\/uploads\/2025\/09\/BB5_MOZI_szinopszis_PNG-2.png 1920w\" sizes=\"(max-width: 1024px) 100vw, 1024px\" \/>\t\t\t\t\t\t\t\t\t\t\t\t\t\t\t<\/div>\n\t\t\t\t<\/div>\n\t\t\t\t\t<\/div>\n\t\t<\/div>\n\t\t\t\t<div class=\"elementor-column elementor-col-50 elementor-top-column elementor-element elementor-element-928479f\" data-id=\"928479f\" data-element_type=\"column\">\n\t\t\t<div class=\"elementor-widget-wrap elementor-element-populated\">\n\t\t\t\t\t\t<div class=\"elementor-element elementor-element-7c5614a elementor-widget elementor-widget-heading\" data-id=\"7c5614a\" data-element_type=\"widget\" data-widget_type=\"heading.default\">\n\t\t\t\t<div class=\"elementor-widget-container\">\n\t\t\t\t\t<h2 class=\"elementor-heading-title elementor-size-large\"><span style=\"font-family: Roboto, sans-serif;font-size: 29px;font-style: normal;font-weight: 600\">Technical information<\/span><\/h2>\t\t\t\t<\/div>\n\t\t\t\t<\/div>\n\t\t\t\t<div class=\"elementor-element elementor-element-2036e33 elementor-widget__width-initial elementor-widget elementor-widget-text-editor\" data-id=\"2036e33\" data-element_type=\"widget\" data-widget_type=\"text-editor.default\">\n\t\t\t\t<div class=\"elementor-widget-container\">\n\t\t\t\t\t\t\t\t\t<p>Format: <strong>2D HD \u2013 1&#215;70\u2019<\/strong><br \/>Genre: <strong>Edutainment<br \/><\/strong>Target Age:<strong> Preschooler<\/strong><br \/>Status:\u00a0<strong>Completed<\/strong><br \/>Production :\u00a0<strong>KEDD Animation Studio, 2023<br \/><\/strong>Directed by<strong> Kinga Fazakas<\/strong><strong>, G\u00e9za M. T\u00f3th<br \/><\/strong>Script, design and character design:\u00a0<strong>\u00a0Erika Bartos<\/strong><br \/>Storyteller in Hungarian version:\u00a0<strong>Judit Pog\u00e1ny<br \/><\/strong>Produced by\u00a0<strong>G\u00e9za M. T\u00f3th<br \/><\/strong>Music by <strong>Tibor\u00a0Szab\u00f3 <br \/><\/strong>Languages:\u00a0<strong>Hungarian, English, Portuguese, Russian, Czech, Polish,\u00a0 \u00a0 \u00a0 \u00a0 \u00a0 Romanian, Lithuanian<\/strong><\/p>\t\t\t\t\t\t\t\t<\/div>\n\t\t\t\t<\/div>\n\t\t\t\t\t<\/div>\n\t\t<\/div>\n\t\t\t\t\t<\/div>\n\t\t<\/section>\n\t\t\t\t<\/div>\n\t\t","protected":false},"excerpt":{"rendered":"<p>Berry and Dolly 5 &#8211; Months of the Year Nature invites to play all year round Synopsis In the animated film \u201cMonths of the Year\u201d, we follow the changing seasons in twelve short stories as nature invites the characters to play together each month. And in the thirteenth story, they take part in a bake-off, [&hellip;]<\/p>\n","protected":false},"author":2,"featured_media":0,"parent":0,"menu_order":0,"comment_status":"closed","ping_status":"closed","template":"","meta":{"footnotes":""},"class_list":["post-3098","page","type-page","status-publish","hentry"],"_links":{"self":[{"href":"https:\/\/www.keddstudio.com\/index.php\/wp-json\/wp\/v2\/pages\/3098","targetHints":{"allow":["GET"]}}],"collection":[{"href":"https:\/\/www.keddstudio.com\/index.php\/wp-json\/wp\/v2\/pages"}],"about":[{"href":"https:\/\/www.keddstudio.com\/index.php\/wp-json\/wp\/v2\/types\/page"}],"author":[{"embeddable":true,"href":"https:\/\/www.keddstudio.com\/index.php\/wp-json\/wp\/v2\/users\/2"}],"replies":[{"embeddable":true,"href":"https:\/\/www.keddstudio.com\/index.php\/wp-json\/wp\/v2\/comments?post=3098"}],"version-history":[{"count":33,"href":"https:\/\/www.keddstudio.com\/index.php\/wp-json\/wp\/v2\/pages\/3098\/revisions"}],"predecessor-version":[{"id":6262,"href":"https:\/\/www.keddstudio.com\/index.php\/wp-json\/wp\/v2\/pages\/3098\/revisions\/6262"}],"wp:attachment":[{"href":"https:\/\/www.keddstudio.com\/index.php\/wp-json\/wp\/v2\/media?parent=3098"}],"curies":[{"name":"wp","href":"https:\/\/api.w.org\/{rel}","templated":true}]}}