{"id":3096,"date":"2023-02-21T10:38:57","date_gmt":"2023-02-21T10:38:57","guid":{"rendered":"https:\/\/dev.keddstudio.com\/?page_id=3096"},"modified":"2025-09-11T13:22:10","modified_gmt":"2025-09-11T13:22:10","slug":"bogyo-es-baboca-5","status":"publish","type":"page","link":"https:\/\/www.keddstudio.com\/index.php\/bogyo-es-baboca-5\/","title":{"rendered":"Berry and Dolly S05"},"content":{"rendered":"\t\t<div data-elementor-type=\"wp-page\" data-elementor-id=\"3096\" class=\"elementor elementor-3096\" data-elementor-post-type=\"page\">\n\t\t\t\t\t\t<section class=\"elementor-section elementor-top-section elementor-element elementor-element-c81c2fe elementor-section-full_width elementor-section-height-default elementor-section-height-default\" data-id=\"c81c2fe\" data-element_type=\"section\">\n\t\t\t\t\t\t<div class=\"elementor-container elementor-column-gap-no\">\n\t\t\t\t\t<div class=\"elementor-column elementor-col-100 elementor-top-column elementor-element elementor-element-e362931\" data-id=\"e362931\" data-element_type=\"column\">\n\t\t\t<div class=\"elementor-widget-wrap elementor-element-populated\">\n\t\t\t\t\t\t<div class=\"elementor-element elementor-element-3fde142 elementor-widget elementor-widget-image\" data-id=\"3fde142\" data-element_type=\"widget\" data-widget_type=\"image.default\">\n\t\t\t\t<div class=\"elementor-widget-container\">\n\t\t\t\t\t\t\t\t\t\t\t\t\t\t\t<img fetchpriority=\"high\" decoding=\"async\" width=\"1920\" height=\"550\" src=\"https:\/\/www.keddstudio.com\/wp-content\/uploads\/2023\/09\/BB5_sorozat_Months_of_the_year_angol_felirattal.jpg\" class=\"attachment-2048x2048 size-2048x2048 wp-image-4288\" alt=\"\" srcset=\"https:\/\/www.keddstudio.com\/wp-content\/uploads\/2023\/09\/BB5_sorozat_Months_of_the_year_angol_felirattal.jpg 1920w, https:\/\/www.keddstudio.com\/wp-content\/uploads\/2023\/09\/BB5_sorozat_Months_of_the_year_angol_felirattal-300x86.jpg 300w, https:\/\/www.keddstudio.com\/wp-content\/uploads\/2023\/09\/BB5_sorozat_Months_of_the_year_angol_felirattal-1024x293.jpg 1024w, https:\/\/www.keddstudio.com\/wp-content\/uploads\/2023\/09\/BB5_sorozat_Months_of_the_year_angol_felirattal-768x220.jpg 768w, https:\/\/www.keddstudio.com\/wp-content\/uploads\/2023\/09\/BB5_sorozat_Months_of_the_year_angol_felirattal-1536x440.jpg 1536w, https:\/\/www.keddstudio.com\/wp-content\/uploads\/2023\/09\/BB5_sorozat_Months_of_the_year_angol_felirattal-1170x335.jpg 1170w, https:\/\/www.keddstudio.com\/wp-content\/uploads\/2023\/09\/BB5_sorozat_Months_of_the_year_angol_felirattal-370x106.jpg 370w, https:\/\/www.keddstudio.com\/wp-content\/uploads\/2023\/09\/BB5_sorozat_Months_of_the_year_angol_felirattal-870x249.jpg 870w, https:\/\/www.keddstudio.com\/wp-content\/uploads\/2023\/09\/BB5_sorozat_Months_of_the_year_angol_felirattal-390x112.jpg 390w\" sizes=\"(max-width: 1920px) 100vw, 1920px\" \/>\t\t\t\t\t\t\t\t\t\t\t\t\t\t\t<\/div>\n\t\t\t\t<\/div>\n\t\t\t\t<div class=\"elementor-element elementor-element-7358a35 elementor-widget elementor-widget-heading\" data-id=\"7358a35\" data-element_type=\"widget\" data-widget_type=\"heading.default\">\n\t\t\t\t<div class=\"elementor-widget-container\">\n\t\t\t\t\t<h2 class=\"elementor-heading-title elementor-size-xl\">Berry and Dolly S05<\/h2>\t\t\t\t<\/div>\n\t\t\t\t<\/div>\n\t\t\t\t<div class=\"elementor-element elementor-element-79e9f86 elementor-widget elementor-widget-heading\" data-id=\"79e9f86\" data-element_type=\"widget\" data-widget_type=\"heading.default\">\n\t\t\t\t<div class=\"elementor-widget-container\">\n\t\t\t\t\t<h2 class=\"elementor-heading-title elementor-size-large\">Nature invites to play all year round<\/h2>\t\t\t\t<\/div>\n\t\t\t\t<\/div>\n\t\t\t\t\t<\/div>\n\t\t<\/div>\n\t\t\t\t\t<\/div>\n\t\t<\/section>\n\t\t\t\t<section class=\"elementor-section elementor-top-section elementor-element elementor-element-046a0e1 elementor-section-full_width elementor-section-height-default elementor-section-height-default\" data-id=\"046a0e1\" data-element_type=\"section\">\n\t\t\t\t\t\t<div class=\"elementor-container elementor-column-gap-default\">\n\t\t\t\t\t<div class=\"elementor-column elementor-col-33 elementor-top-column elementor-element elementor-element-fc86a20\" data-id=\"fc86a20\" data-element_type=\"column\">\n\t\t\t<div class=\"elementor-widget-wrap elementor-element-populated\">\n\t\t\t\t\t\t<div class=\"elementor-element elementor-element-9b7d475 elementor-widget elementor-widget-image\" data-id=\"9b7d475\" data-element_type=\"widget\" data-widget_type=\"image.default\">\n\t\t\t\t<div class=\"elementor-widget-container\">\n\t\t\t\t\t\t\t\t\t\t\t\t\t\t\t<img decoding=\"async\" width=\"1024\" height=\"576\" src=\"https:\/\/www.keddstudio.com\/wp-content\/uploads\/2025\/09\/BOGYO_ES_BABOCA_S05E13_Bagolydoktor_es_a_sutemenyek_THUMB_2-1024x576.png\" class=\"attachment-large size-large wp-image-6244\" alt=\"\" srcset=\"https:\/\/www.keddstudio.com\/wp-content\/uploads\/2025\/09\/BOGYO_ES_BABOCA_S05E13_Bagolydoktor_es_a_sutemenyek_THUMB_2-1024x576.png 1024w, https:\/\/www.keddstudio.com\/wp-content\/uploads\/2025\/09\/BOGYO_ES_BABOCA_S05E13_Bagolydoktor_es_a_sutemenyek_THUMB_2-300x170.png 300w, https:\/\/www.keddstudio.com\/wp-content\/uploads\/2025\/09\/BOGYO_ES_BABOCA_S05E13_Bagolydoktor_es_a_sutemenyek_THUMB_2-768x432.png 768w, https:\/\/www.keddstudio.com\/wp-content\/uploads\/2025\/09\/BOGYO_ES_BABOCA_S05E13_Bagolydoktor_es_a_sutemenyek_THUMB_2-1536x864.png 1536w, https:\/\/www.keddstudio.com\/wp-content\/uploads\/2025\/09\/BOGYO_ES_BABOCA_S05E13_Bagolydoktor_es_a_sutemenyek_THUMB_2-1170x659.png 1170w, https:\/\/www.keddstudio.com\/wp-content\/uploads\/2025\/09\/BOGYO_ES_BABOCA_S05E13_Bagolydoktor_es_a_sutemenyek_THUMB_2-370x208.png 370w, https:\/\/www.keddstudio.com\/wp-content\/uploads\/2025\/09\/BOGYO_ES_BABOCA_S05E13_Bagolydoktor_es_a_sutemenyek_THUMB_2-870x490.png 870w, https:\/\/www.keddstudio.com\/wp-content\/uploads\/2025\/09\/BOGYO_ES_BABOCA_S05E13_Bagolydoktor_es_a_sutemenyek_THUMB_2-390x220.png 390w, https:\/\/www.keddstudio.com\/wp-content\/uploads\/2025\/09\/BOGYO_ES_BABOCA_S05E13_Bagolydoktor_es_a_sutemenyek_THUMB_2.png 1920w\" sizes=\"(max-width: 1024px) 100vw, 1024px\" \/>\t\t\t\t\t\t\t\t\t\t\t\t\t\t\t<\/div>\n\t\t\t\t<\/div>\n\t\t\t\t\t<\/div>\n\t\t<\/div>\n\t\t\t\t<div class=\"elementor-column elementor-col-33 elementor-top-column elementor-element elementor-element-3733984\" data-id=\"3733984\" data-element_type=\"column\">\n\t\t\t<div class=\"elementor-widget-wrap elementor-element-populated\">\n\t\t\t\t\t\t<div class=\"elementor-element elementor-element-ca6ffdd elementor-widget elementor-widget-video\" data-id=\"ca6ffdd\" data-element_type=\"widget\" data-settings=\"{&quot;video_type&quot;:&quot;vimeo&quot;}\" data-widget_type=\"video.default\">\n\t\t\t\t<div class=\"elementor-widget-container\">\n\t\t\t\t\t\t\t<div class=\"elementor-wrapper elementor-open-inline\">\n\t\t\t<iframe class=\"elementor-video-iframe\" allowfullscreen allow=\"clipboard-write\" title=\"vimeo vide\u00f3 lej\u00e1tsz\u00f3\" src=\"https:\/\/player.vimeo.com\/video\/834337691?color&amp;autopause=0&amp;loop=0&amp;muted=0&amp;title=1&amp;portrait=1&amp;byline=1&amp;h=00969adf75#t=\"><\/iframe>\t\t<\/div>\n\t\t\t\t\t\t<\/div>\n\t\t\t\t<\/div>\n\t\t\t\t\t<\/div>\n\t\t<\/div>\n\t\t\t\t<div class=\"elementor-column elementor-col-33 elementor-top-column elementor-element elementor-element-04d8e2e\" data-id=\"04d8e2e\" data-element_type=\"column\">\n\t\t\t<div class=\"elementor-widget-wrap elementor-element-populated\">\n\t\t\t\t\t\t<div class=\"elementor-element elementor-element-12cf3c2 elementor-widget elementor-widget-image\" data-id=\"12cf3c2\" data-element_type=\"widget\" data-widget_type=\"image.default\">\n\t\t\t\t<div class=\"elementor-widget-container\">\n\t\t\t\t\t\t\t\t\t\t\t\t\t\t\t<img decoding=\"async\" width=\"625\" height=\"352\" src=\"https:\/\/www.keddstudio.com\/wp-content\/uploads\/2023\/09\/BB_s5_1.jpg\" class=\"attachment-large size-large wp-image-4179\" alt=\"\" srcset=\"https:\/\/www.keddstudio.com\/wp-content\/uploads\/2023\/09\/BB_s5_1.jpg 625w, https:\/\/www.keddstudio.com\/wp-content\/uploads\/2023\/09\/BB_s5_1-300x170.jpg 300w, https:\/\/www.keddstudio.com\/wp-content\/uploads\/2023\/09\/BB_s5_1-370x208.jpg 370w, https:\/\/www.keddstudio.com\/wp-content\/uploads\/2023\/09\/BB_s5_1-390x220.jpg 390w\" sizes=\"(max-width: 625px) 100vw, 625px\" \/>\t\t\t\t\t\t\t\t\t\t\t\t\t\t\t<\/div>\n\t\t\t\t<\/div>\n\t\t\t\t\t<\/div>\n\t\t<\/div>\n\t\t\t\t\t<\/div>\n\t\t<\/section>\n\t\t\t\t<section class=\"elementor-section elementor-top-section elementor-element elementor-element-b8521cc elementor-section-boxed elementor-section-height-default elementor-section-height-default\" data-id=\"b8521cc\" data-element_type=\"section\">\n\t\t\t\t\t\t<div class=\"elementor-container elementor-column-gap-default\">\n\t\t\t\t\t<div class=\"elementor-column elementor-col-100 elementor-top-column elementor-element elementor-element-44b8757\" data-id=\"44b8757\" data-element_type=\"column\">\n\t\t\t<div class=\"elementor-widget-wrap elementor-element-populated\">\n\t\t\t\t\t\t<div class=\"elementor-element elementor-element-f77b4c1 elementor-widget elementor-widget-spacer\" data-id=\"f77b4c1\" data-element_type=\"widget\" data-widget_type=\"spacer.default\">\n\t\t\t\t<div class=\"elementor-widget-container\">\n\t\t\t\t\t\t\t<div class=\"elementor-spacer\">\n\t\t\t<div class=\"elementor-spacer-inner\"><\/div>\n\t\t<\/div>\n\t\t\t\t\t\t<\/div>\n\t\t\t\t<\/div>\n\t\t\t\t\t<\/div>\n\t\t<\/div>\n\t\t\t\t\t<\/div>\n\t\t<\/section>\n\t\t\t\t<section class=\"elementor-section elementor-top-section elementor-element elementor-element-db4c6a9 elementor-section-boxed elementor-section-height-default elementor-section-height-default\" data-id=\"db4c6a9\" data-element_type=\"section\">\n\t\t\t\t\t\t\t<div class=\"elementor-background-overlay\"><\/div>\n\t\t\t\t\t\t\t<div class=\"elementor-container elementor-column-gap-default\">\n\t\t\t\t\t<div class=\"elementor-column elementor-col-50 elementor-top-column elementor-element elementor-element-3438711\" data-id=\"3438711\" data-element_type=\"column\">\n\t\t\t<div class=\"elementor-widget-wrap elementor-element-populated\">\n\t\t\t\t\t\t<div class=\"elementor-element elementor-element-4ada854 elementor-widget elementor-widget-image\" data-id=\"4ada854\" data-element_type=\"widget\" data-widget_type=\"image.default\">\n\t\t\t\t<div class=\"elementor-widget-container\">\n\t\t\t\t\t\t\t\t\t\t\t\t\t\t\t<img loading=\"lazy\" decoding=\"async\" width=\"1024\" height=\"1024\" src=\"https:\/\/www.keddstudio.com\/wp-content\/uploads\/2025\/09\/BB5_SOROZAT_szinopszis_PNG-1024x1024.png\" class=\"attachment-large size-large wp-image-6254\" alt=\"\" srcset=\"https:\/\/www.keddstudio.com\/wp-content\/uploads\/2025\/09\/BB5_SOROZAT_szinopszis_PNG-1024x1024.png 1024w, https:\/\/www.keddstudio.com\/wp-content\/uploads\/2025\/09\/BB5_SOROZAT_szinopszis_PNG-300x300.png 300w, https:\/\/www.keddstudio.com\/wp-content\/uploads\/2025\/09\/BB5_SOROZAT_szinopszis_PNG-150x150.png 150w, https:\/\/www.keddstudio.com\/wp-content\/uploads\/2025\/09\/BB5_SOROZAT_szinopszis_PNG-768x768.png 768w, https:\/\/www.keddstudio.com\/wp-content\/uploads\/2025\/09\/BB5_SOROZAT_szinopszis_PNG-370x370.png 370w, https:\/\/www.keddstudio.com\/wp-content\/uploads\/2025\/09\/BB5_SOROZAT_szinopszis_PNG-870x870.png 870w, https:\/\/www.keddstudio.com\/wp-content\/uploads\/2025\/09\/BB5_SOROZAT_szinopszis_PNG-390x390.png 390w, https:\/\/www.keddstudio.com\/wp-content\/uploads\/2025\/09\/BB5_SOROZAT_szinopszis_PNG-75x75.png 75w, https:\/\/www.keddstudio.com\/wp-content\/uploads\/2025\/09\/BB5_SOROZAT_szinopszis_PNG.png 1080w\" sizes=\"(max-width: 1024px) 100vw, 1024px\" \/>\t\t\t\t\t\t\t\t\t\t\t\t\t\t\t<\/div>\n\t\t\t\t<\/div>\n\t\t\t\t\t<\/div>\n\t\t<\/div>\n\t\t\t\t<div class=\"elementor-column elementor-col-50 elementor-top-column elementor-element elementor-element-183df6c\" data-id=\"183df6c\" data-element_type=\"column\">\n\t\t\t<div class=\"elementor-widget-wrap elementor-element-populated\">\n\t\t\t\t\t\t<div class=\"elementor-element elementor-element-6a218c7 elementor-widget elementor-widget-heading\" data-id=\"6a218c7\" data-element_type=\"widget\" data-widget_type=\"heading.default\">\n\t\t\t\t<div class=\"elementor-widget-container\">\n\t\t\t\t\t<h2 class=\"elementor-heading-title elementor-size-large\">Synopsis<\/h2>\t\t\t\t<\/div>\n\t\t\t\t<\/div>\n\t\t\t\t<div class=\"elementor-element elementor-element-cb9a337 elementor-widget elementor-widget-text-editor\" data-id=\"cb9a337\" data-element_type=\"widget\" data-widget_type=\"text-editor.default\">\n\t\t\t\t<div class=\"elementor-widget-container\">\n\t\t\t\t\t\t\t\t\t<p>Nature invites you to play in the 5th season of the successful animated series of \u201cBerry and Dolly &#8211; Months of the Year\u201d. There is an exciting and educational episode dedicated to each month. The thirteenth tale is about the big cake competition, with children&#8217;s old favorite Doctor Owl as the judge.<\/p>\t\t\t\t\t\t\t\t<\/div>\n\t\t\t\t<\/div>\n\t\t\t\t<div class=\"elementor-element elementor-element-fee8b4b elementor-widget elementor-widget-heading\" data-id=\"fee8b4b\" data-element_type=\"widget\" data-widget_type=\"heading.default\">\n\t\t\t\t<div class=\"elementor-widget-container\">\n\t\t\t\t\t<h2 class=\"elementor-heading-title elementor-size-large\">Technical information<\/h2>\t\t\t\t<\/div>\n\t\t\t\t<\/div>\n\t\t\t\t<div class=\"elementor-element elementor-element-74bc728 elementor-widget elementor-widget-text-editor\" data-id=\"74bc728\" data-element_type=\"widget\" data-widget_type=\"text-editor.default\">\n\t\t\t\t<div class=\"elementor-widget-container\">\n\t\t\t\t\t\t\t\t\t<p>Format: <strong>Full HD 1080p<\/strong><br \/>Full length of the series:<strong> 13 x 5 = 65 min (1 h 5 min)<\/strong><br \/>Genre: <strong>Edutainment<br \/><\/strong>Target Age:<strong> Preschooler<\/strong><br \/>Status: <strong>Completed<\/strong><br \/>Production: <strong>KEDD Animation Studio, 2023<br \/><\/strong>Directed by<strong> Kinga Fazakas<\/strong><strong>, G\u00e9za M. T\u00f3th<br \/><\/strong>Script, design and character design:\u00a0<strong> Erika Bartos<\/strong><br \/>Storyteller in Hungarian version: <strong>Judit Pog\u00e1ny<br \/><\/strong>Produced by\u00a0<strong>G\u00e9za M. T\u00f3th<br \/><\/strong>Music by <strong>Tibor Szab\u00f3<br \/><\/strong>Languages: <strong>Hungarian, English, Portuguese, Russian, Czech, Polish, Romanian, Lithuanian<\/strong><\/p>\t\t\t\t\t\t\t\t<\/div>\n\t\t\t\t<\/div>\n\t\t\t\t\t<\/div>\n\t\t<\/div>\n\t\t\t\t\t<\/div>\n\t\t<\/section>\n\t\t\t\t<\/div>\n\t\t","protected":false},"excerpt":{"rendered":"<p>Berry and Dolly S05 Nature invites to play all year round Synopsis Nature invites you to play in the 5th season of the successful animated series of \u201cBerry and Dolly &#8211; Months of the Year\u201d. There is an exciting and educational episode dedicated to each month. The thirteenth tale is about the big cake competition, [&hellip;]<\/p>\n","protected":false},"author":2,"featured_media":0,"parent":0,"menu_order":0,"comment_status":"closed","ping_status":"closed","template":"","meta":{"footnotes":""},"class_list":["post-3096","page","type-page","status-publish","hentry"],"_links":{"self":[{"href":"https:\/\/www.keddstudio.com\/index.php\/wp-json\/wp\/v2\/pages\/3096","targetHints":{"allow":["GET"]}}],"collection":[{"href":"https:\/\/www.keddstudio.com\/index.php\/wp-json\/wp\/v2\/pages"}],"about":[{"href":"https:\/\/www.keddstudio.com\/index.php\/wp-json\/wp\/v2\/types\/page"}],"author":[{"embeddable":true,"href":"https:\/\/www.keddstudio.com\/index.php\/wp-json\/wp\/v2\/users\/2"}],"replies":[{"embeddable":true,"href":"https:\/\/www.keddstudio.com\/index.php\/wp-json\/wp\/v2\/comments?post=3096"}],"version-history":[{"count":36,"href":"https:\/\/www.keddstudio.com\/index.php\/wp-json\/wp\/v2\/pages\/3096\/revisions"}],"predecessor-version":[{"id":6258,"href":"https:\/\/www.keddstudio.com\/index.php\/wp-json\/wp\/v2\/pages\/3096\/revisions\/6258"}],"wp:attachment":[{"href":"https:\/\/www.keddstudio.com\/index.php\/wp-json\/wp\/v2\/media?parent=3096"}],"curies":[{"name":"wp","href":"https:\/\/api.w.org\/{rel}","templated":true}]}}