{"id":1962,"date":"2022-08-23T07:34:13","date_gmt":"2022-08-23T07:34:13","guid":{"rendered":"http:\/\/dev.keddstudio.com\/?page_id=1962"},"modified":"2025-03-14T15:20:36","modified_gmt":"2025-03-14T15:20:36","slug":"dudolo-2","status":"publish","type":"page","link":"https:\/\/www.keddstudio.com\/index.php\/dudolo-2\/","title":{"rendered":"Nursery Rhymes 2"},"content":{"rendered":"\t\t<div data-elementor-type=\"wp-page\" data-elementor-id=\"1962\" class=\"elementor elementor-1962\" data-elementor-post-type=\"page\">\n\t\t\t\t\t\t<section class=\"elementor-section elementor-top-section elementor-element elementor-element-832d781 elementor-section-full_width elementor-section-height-default elementor-section-height-default\" data-id=\"832d781\" data-element_type=\"section\" data-e-type=\"section\">\n\t\t\t\t\t\t<div class=\"elementor-container elementor-column-gap-default\">\n\t\t\t\t\t<div class=\"elementor-column elementor-col-100 elementor-top-column elementor-element elementor-element-161ecdf\" data-id=\"161ecdf\" data-element_type=\"column\" data-e-type=\"column\">\n\t\t\t<div class=\"elementor-widget-wrap elementor-element-populated\">\n\t\t\t\t\t\t<div class=\"elementor-element elementor-element-0e6b973 elementor-widget elementor-widget-image\" data-id=\"0e6b973\" data-element_type=\"widget\" data-e-type=\"widget\" data-widget_type=\"image.default\">\n\t\t\t\t<div class=\"elementor-widget-container\">\n\t\t\t\t\t\t\t\t\t\t\t\t\t\t\t<img fetchpriority=\"high\" decoding=\"async\" width=\"1920\" height=\"650\" src=\"https:\/\/www.keddstudio.com\/wp-content\/uploads\/2023\/09\/DUDOLO_2_oldalborito.jpg\" class=\"attachment-full size-full wp-image-4262\" alt=\"\" srcset=\"https:\/\/www.keddstudio.com\/wp-content\/uploads\/2023\/09\/DUDOLO_2_oldalborito.jpg 1920w, https:\/\/www.keddstudio.com\/wp-content\/uploads\/2023\/09\/DUDOLO_2_oldalborito-300x102.jpg 300w, https:\/\/www.keddstudio.com\/wp-content\/uploads\/2023\/09\/DUDOLO_2_oldalborito-1024x347.jpg 1024w, https:\/\/www.keddstudio.com\/wp-content\/uploads\/2023\/09\/DUDOLO_2_oldalborito-768x260.jpg 768w, https:\/\/www.keddstudio.com\/wp-content\/uploads\/2023\/09\/DUDOLO_2_oldalborito-1536x520.jpg 1536w, https:\/\/www.keddstudio.com\/wp-content\/uploads\/2023\/09\/DUDOLO_2_oldalborito-1170x396.jpg 1170w, https:\/\/www.keddstudio.com\/wp-content\/uploads\/2023\/09\/DUDOLO_2_oldalborito-370x125.jpg 370w, https:\/\/www.keddstudio.com\/wp-content\/uploads\/2023\/09\/DUDOLO_2_oldalborito-870x295.jpg 870w, https:\/\/www.keddstudio.com\/wp-content\/uploads\/2023\/09\/DUDOLO_2_oldalborito-390x132.jpg 390w\" sizes=\"(max-width: 1920px) 100vw, 1920px\" \/>\t\t\t\t\t\t\t\t\t\t\t\t\t\t\t<\/div>\n\t\t\t\t<\/div>\n\t\t\t\t\t<\/div>\n\t\t<\/div>\n\t\t\t\t\t<\/div>\n\t\t<\/section>\n\t\t\t\t<section class=\"elementor-section elementor-top-section elementor-element elementor-element-1483e4b elementor-section-full_width elementor-section-height-default elementor-section-height-default\" data-id=\"1483e4b\" data-element_type=\"section\" data-e-type=\"section\">\n\t\t\t\t\t\t<div class=\"elementor-container elementor-column-gap-default\">\n\t\t\t\t\t<div class=\"elementor-column elementor-col-100 elementor-top-column elementor-element elementor-element-ffa3886\" data-id=\"ffa3886\" data-element_type=\"column\" data-e-type=\"column\">\n\t\t\t<div class=\"elementor-widget-wrap elementor-element-populated\">\n\t\t\t\t\t\t<div class=\"elementor-element elementor-element-28ceeb8 elementor-widget elementor-widget-heading\" data-id=\"28ceeb8\" data-element_type=\"widget\" data-e-type=\"widget\" data-widget_type=\"heading.default\">\n\t\t\t\t<div class=\"elementor-widget-container\">\n\t\t\t\t\t<h2 class=\"elementor-heading-title elementor-size-xl\">Nursery Rhymes 2<\/h2>\t\t\t\t<\/div>\n\t\t\t\t<\/div>\n\t\t\t\t<div class=\"elementor-element elementor-element-c4b0802 elementor-widget elementor-widget-heading\" data-id=\"c4b0802\" data-element_type=\"widget\" data-e-type=\"widget\" data-widget_type=\"heading.default\">\n\t\t\t\t<div class=\"elementor-widget-container\">\n\t\t\t\t\t<h2 class=\"elementor-heading-title elementor-size-large\">Let's sing together!<\/h2>\t\t\t\t<\/div>\n\t\t\t\t<\/div>\n\t\t\t\t\t<\/div>\n\t\t<\/div>\n\t\t\t\t\t<\/div>\n\t\t<\/section>\n\t\t\t\t<section class=\"elementor-section elementor-top-section elementor-element elementor-element-9697221 elementor-section-full_width elementor-section-height-default elementor-section-height-default\" data-id=\"9697221\" data-element_type=\"section\" data-e-type=\"section\">\n\t\t\t\t\t\t<div class=\"elementor-container elementor-column-gap-narrow\">\n\t\t\t\t\t<div class=\"elementor-column elementor-col-33 elementor-top-column elementor-element elementor-element-13e72da\" data-id=\"13e72da\" data-element_type=\"column\" data-e-type=\"column\">\n\t\t\t<div class=\"elementor-widget-wrap elementor-element-populated\">\n\t\t\t\t\t\t<div class=\"elementor-element elementor-element-747d47e elementor-hidden-mobile elementor-widget elementor-widget-image\" data-id=\"747d47e\" data-element_type=\"widget\" data-e-type=\"widget\" data-widget_type=\"image.default\">\n\t\t\t\t<div class=\"elementor-widget-container\">\n\t\t\t\t\t\t\t\t\t\t\t\t\t\t\t<img decoding=\"async\" width=\"1024\" height=\"576\" src=\"https:\/\/www.keddstudio.com\/wp-content\/uploads\/2025\/03\/DUDOLO_S02E15_A_gunarom_elveszett_STILL-1024x576.png\" class=\"attachment-large size-large wp-image-5790\" alt=\"\" srcset=\"https:\/\/www.keddstudio.com\/wp-content\/uploads\/2025\/03\/DUDOLO_S02E15_A_gunarom_elveszett_STILL-1024x576.png 1024w, https:\/\/www.keddstudio.com\/wp-content\/uploads\/2025\/03\/DUDOLO_S02E15_A_gunarom_elveszett_STILL-300x170.png 300w, https:\/\/www.keddstudio.com\/wp-content\/uploads\/2025\/03\/DUDOLO_S02E15_A_gunarom_elveszett_STILL-768x432.png 768w, https:\/\/www.keddstudio.com\/wp-content\/uploads\/2025\/03\/DUDOLO_S02E15_A_gunarom_elveszett_STILL-1536x864.png 1536w, https:\/\/www.keddstudio.com\/wp-content\/uploads\/2025\/03\/DUDOLO_S02E15_A_gunarom_elveszett_STILL-1170x659.png 1170w, https:\/\/www.keddstudio.com\/wp-content\/uploads\/2025\/03\/DUDOLO_S02E15_A_gunarom_elveszett_STILL-370x208.png 370w, https:\/\/www.keddstudio.com\/wp-content\/uploads\/2025\/03\/DUDOLO_S02E15_A_gunarom_elveszett_STILL-870x490.png 870w, https:\/\/www.keddstudio.com\/wp-content\/uploads\/2025\/03\/DUDOLO_S02E15_A_gunarom_elveszett_STILL-390x220.png 390w, https:\/\/www.keddstudio.com\/wp-content\/uploads\/2025\/03\/DUDOLO_S02E15_A_gunarom_elveszett_STILL.png 1920w\" sizes=\"(max-width: 1024px) 100vw, 1024px\" \/>\t\t\t\t\t\t\t\t\t\t\t\t\t\t\t<\/div>\n\t\t\t\t<\/div>\n\t\t\t\t\t<\/div>\n\t\t<\/div>\n\t\t\t\t<div class=\"elementor-column elementor-col-33 elementor-top-column elementor-element elementor-element-38c39ab\" data-id=\"38c39ab\" data-element_type=\"column\" data-e-type=\"column\">\n\t\t\t<div class=\"elementor-widget-wrap elementor-element-populated\">\n\t\t\t\t\t\t<div class=\"elementor-element elementor-element-3bea42e elementor-widget elementor-widget-video\" data-id=\"3bea42e\" data-element_type=\"widget\" data-e-type=\"widget\" data-settings=\"{&quot;video_type&quot;:&quot;vimeo&quot;}\" data-widget_type=\"video.default\">\n\t\t\t\t<div class=\"elementor-widget-container\">\n\t\t\t\t\t\t\t<div class=\"elementor-wrapper elementor-open-inline\">\n\t\t\t<iframe class=\"elementor-video-iframe\" allowfullscreen allow=\"clipboard-write\" title=\"vimeo vide\u00f3 lej\u00e1tsz\u00f3\" src=\"https:\/\/player.vimeo.com\/video\/1065885057?color&amp;autopause=0&amp;loop=0&amp;muted=0&amp;title=1&amp;portrait=1&amp;byline=1#t=\"><\/iframe>\t\t<\/div>\n\t\t\t\t\t\t<\/div>\n\t\t\t\t<\/div>\n\t\t\t\t\t<\/div>\n\t\t<\/div>\n\t\t\t\t<div class=\"elementor-column elementor-col-33 elementor-top-column elementor-element elementor-element-ec8199d\" data-id=\"ec8199d\" data-element_type=\"column\" data-e-type=\"column\">\n\t\t\t<div class=\"elementor-widget-wrap elementor-element-populated\">\n\t\t\t\t\t\t<div class=\"elementor-element elementor-element-0e2fd5b elementor-hidden-mobile elementor-widget elementor-widget-image\" data-id=\"0e2fd5b\" data-element_type=\"widget\" data-e-type=\"widget\" data-widget_type=\"image.default\">\n\t\t\t\t<div class=\"elementor-widget-container\">\n\t\t\t\t\t\t\t\t\t\t\t\t\t\t\t<img decoding=\"async\" width=\"1024\" height=\"576\" src=\"https:\/\/www.keddstudio.com\/wp-content\/uploads\/2025\/03\/DUDOLO_S02E35_Hatan_vannak_a_mi_ludaink_STILL-1024x576.png\" class=\"attachment-large size-large wp-image-5789\" alt=\"\" srcset=\"https:\/\/www.keddstudio.com\/wp-content\/uploads\/2025\/03\/DUDOLO_S02E35_Hatan_vannak_a_mi_ludaink_STILL-1024x576.png 1024w, https:\/\/www.keddstudio.com\/wp-content\/uploads\/2025\/03\/DUDOLO_S02E35_Hatan_vannak_a_mi_ludaink_STILL-300x170.png 300w, https:\/\/www.keddstudio.com\/wp-content\/uploads\/2025\/03\/DUDOLO_S02E35_Hatan_vannak_a_mi_ludaink_STILL-768x432.png 768w, https:\/\/www.keddstudio.com\/wp-content\/uploads\/2025\/03\/DUDOLO_S02E35_Hatan_vannak_a_mi_ludaink_STILL-1536x864.png 1536w, https:\/\/www.keddstudio.com\/wp-content\/uploads\/2025\/03\/DUDOLO_S02E35_Hatan_vannak_a_mi_ludaink_STILL-1170x659.png 1170w, https:\/\/www.keddstudio.com\/wp-content\/uploads\/2025\/03\/DUDOLO_S02E35_Hatan_vannak_a_mi_ludaink_STILL-370x208.png 370w, https:\/\/www.keddstudio.com\/wp-content\/uploads\/2025\/03\/DUDOLO_S02E35_Hatan_vannak_a_mi_ludaink_STILL-870x490.png 870w, https:\/\/www.keddstudio.com\/wp-content\/uploads\/2025\/03\/DUDOLO_S02E35_Hatan_vannak_a_mi_ludaink_STILL-390x220.png 390w, https:\/\/www.keddstudio.com\/wp-content\/uploads\/2025\/03\/DUDOLO_S02E35_Hatan_vannak_a_mi_ludaink_STILL.png 1920w\" sizes=\"(max-width: 1024px) 100vw, 1024px\" \/>\t\t\t\t\t\t\t\t\t\t\t\t\t\t\t<\/div>\n\t\t\t\t<\/div>\n\t\t\t\t\t<\/div>\n\t\t<\/div>\n\t\t\t\t\t<\/div>\n\t\t<\/section>\n\t\t\t\t<section class=\"elementor-section elementor-top-section elementor-element elementor-element-bd26ca7 elementor-section-boxed elementor-section-height-default elementor-section-height-default\" data-id=\"bd26ca7\" data-element_type=\"section\" data-e-type=\"section\">\n\t\t\t\t\t\t<div class=\"elementor-container elementor-column-gap-default\">\n\t\t\t\t\t<div class=\"elementor-column elementor-col-100 elementor-top-column elementor-element elementor-element-88386d6\" data-id=\"88386d6\" data-element_type=\"column\" data-e-type=\"column\">\n\t\t\t<div class=\"elementor-widget-wrap elementor-element-populated\">\n\t\t\t\t\t\t<div class=\"elementor-element elementor-element-b108dd0 elementor-widget elementor-widget-spacer\" data-id=\"b108dd0\" data-element_type=\"widget\" data-e-type=\"widget\" data-widget_type=\"spacer.default\">\n\t\t\t\t<div class=\"elementor-widget-container\">\n\t\t\t\t\t\t\t<div class=\"elementor-spacer\">\n\t\t\t<div class=\"elementor-spacer-inner\"><\/div>\n\t\t<\/div>\n\t\t\t\t\t\t<\/div>\n\t\t\t\t<\/div>\n\t\t\t\t\t<\/div>\n\t\t<\/div>\n\t\t\t\t\t<\/div>\n\t\t<\/section>\n\t\t\t\t<section class=\"elementor-section elementor-top-section elementor-element elementor-element-081ad71 elementor-section-boxed elementor-section-height-default elementor-section-height-default\" data-id=\"081ad71\" data-element_type=\"section\" data-e-type=\"section\" data-settings=\"{&quot;background_background&quot;:&quot;classic&quot;}\">\n\t\t\t\t\t\t<div class=\"elementor-container elementor-column-gap-default\">\n\t\t\t\t\t<div class=\"elementor-column elementor-col-50 elementor-top-column elementor-element elementor-element-b6bbee0\" data-id=\"b6bbee0\" data-element_type=\"column\" data-e-type=\"column\">\n\t\t\t<div class=\"elementor-widget-wrap elementor-element-populated\">\n\t\t\t\t\t\t<div class=\"elementor-element elementor-element-1ee505a elementor-widget elementor-widget-heading\" data-id=\"1ee505a\" data-element_type=\"widget\" data-e-type=\"widget\" data-widget_type=\"heading.default\">\n\t\t\t\t<div class=\"elementor-widget-container\">\n\t\t\t\t\t<h2 class=\"elementor-heading-title elementor-size-large\">Synopsis<\/h2>\t\t\t\t<\/div>\n\t\t\t\t<\/div>\n\t\t\t\t<div class=\"elementor-element elementor-element-dfe5bae elementor-widget elementor-widget-text-editor\" data-id=\"dfe5bae\" data-element_type=\"widget\" data-e-type=\"widget\" data-widget_type=\"text-editor.default\">\n\t\t\t\t<div class=\"elementor-widget-container\">\n\t\t\t\t\t\t\t\t\t<p>Fifty more Hungarian folk songs and rhymes in a modern guise. The most common themes of the second season are friendship, love, play and animals. Many episodes are also about holidays, such as Christmas, Easter, Mother&#8217;s Day and St. Lucy&#8217;s Day traditions.<\/p>\t\t\t\t\t\t\t\t<\/div>\n\t\t\t\t<\/div>\n\t\t\t\t<div class=\"elementor-element elementor-element-ff10aa7 elementor-widget elementor-widget-heading\" data-id=\"ff10aa7\" data-element_type=\"widget\" data-e-type=\"widget\" data-widget_type=\"heading.default\">\n\t\t\t\t<div class=\"elementor-widget-container\">\n\t\t\t\t\t<h2 class=\"elementor-heading-title elementor-size-large\">Technical information<\/h2>\t\t\t\t<\/div>\n\t\t\t\t<\/div>\n\t\t\t\t<div class=\"elementor-element elementor-element-5bd7d0f elementor-widget elementor-widget-text-editor\" data-id=\"5bd7d0f\" data-element_type=\"widget\" data-e-type=\"widget\" data-widget_type=\"text-editor.default\">\n\t\t\t\t<div class=\"elementor-widget-container\">\n\t\t\t\t\t\t\t\t\t<p>Format: 2D HD \u2013 50\u00d71,5\u2019<br \/>Genre: Edutainment<br \/>Target: Toddler<br \/>Status: Completed<br \/>Production : <strong>KEDD Animation Studio, 2017-2018<br \/><\/strong>Directed by <strong>Tibor Nagy<br \/><\/strong>Script, design and charachter design:\u00a0 <strong>Tibor Nagy<\/strong><br \/>Produced by\u00a0<strong>G\u00e9za M. T\u00f3th<br \/><\/strong>Music by <strong>Dalinda Ensemble \u2013 <\/strong>Johanna Orb\u00e1n, Julianna Pa\u00e1r, S\u00e1ra T\u00edm\u00e1r<br \/>Language: Hungarian<\/p>\t\t\t\t\t\t\t\t<\/div>\n\t\t\t\t<\/div>\n\t\t\t\t\t<\/div>\n\t\t<\/div>\n\t\t\t\t<div class=\"elementor-column elementor-col-50 elementor-top-column elementor-element elementor-element-cc9efe5\" data-id=\"cc9efe5\" data-element_type=\"column\" data-e-type=\"column\">\n\t\t\t<div class=\"elementor-widget-wrap elementor-element-populated\">\n\t\t\t\t\t\t<div class=\"elementor-element elementor-element-7e30b57 elementor-widget elementor-widget-image\" data-id=\"7e30b57\" data-element_type=\"widget\" data-e-type=\"widget\" data-widget_type=\"image.default\">\n\t\t\t\t<div class=\"elementor-widget-container\">\n\t\t\t\t\t\t\t\t\t\t\t\t\t\t\t<img loading=\"lazy\" decoding=\"async\" width=\"1000\" height=\"1000\" src=\"https:\/\/www.keddstudio.com\/wp-content\/uploads\/2022\/08\/KARAKTER_FIU.png\" class=\"attachment-full size-full wp-image-1974\" alt=\"\" srcset=\"https:\/\/www.keddstudio.com\/wp-content\/uploads\/2022\/08\/KARAKTER_FIU.png 1000w, https:\/\/www.keddstudio.com\/wp-content\/uploads\/2022\/08\/KARAKTER_FIU-300x300.png 300w, https:\/\/www.keddstudio.com\/wp-content\/uploads\/2022\/08\/KARAKTER_FIU-150x150.png 150w, https:\/\/www.keddstudio.com\/wp-content\/uploads\/2022\/08\/KARAKTER_FIU-768x768.png 768w, https:\/\/www.keddstudio.com\/wp-content\/uploads\/2022\/08\/KARAKTER_FIU-370x370.png 370w, https:\/\/www.keddstudio.com\/wp-content\/uploads\/2022\/08\/KARAKTER_FIU-870x870.png 870w, https:\/\/www.keddstudio.com\/wp-content\/uploads\/2022\/08\/KARAKTER_FIU-390x390.png 390w, https:\/\/www.keddstudio.com\/wp-content\/uploads\/2022\/08\/KARAKTER_FIU-75x75.png 75w\" sizes=\"(max-width: 1000px) 100vw, 1000px\" \/>\t\t\t\t\t\t\t\t\t\t\t\t\t\t\t<\/div>\n\t\t\t\t<\/div>\n\t\t\t\t\t<\/div>\n\t\t<\/div>\n\t\t\t\t\t<\/div>\n\t\t<\/section>\n\t\t\t\t<\/div>\n\t\t","protected":false},"excerpt":{"rendered":"<p>Nursery Rhymes 2 Let&#8217;s sing together! Synopsis Fifty more Hungarian folk songs and rhymes in a modern guise. The most common themes of the second season are friendship, love, play and animals. Many episodes are also about holidays, such as Christmas, Easter, Mother&#8217;s Day and St. Lucy&#8217;s Day traditions. Technical information Format: 2D HD \u2013 [&hellip;]<\/p>\n","protected":false},"author":2,"featured_media":0,"parent":0,"menu_order":0,"comment_status":"closed","ping_status":"closed","template":"","meta":{"footnotes":""},"class_list":["post-1962","page","type-page","status-publish","hentry"],"_links":{"self":[{"href":"https:\/\/www.keddstudio.com\/index.php\/wp-json\/wp\/v2\/pages\/1962","targetHints":{"allow":["GET"]}}],"collection":[{"href":"https:\/\/www.keddstudio.com\/index.php\/wp-json\/wp\/v2\/pages"}],"about":[{"href":"https:\/\/www.keddstudio.com\/index.php\/wp-json\/wp\/v2\/types\/page"}],"author":[{"embeddable":true,"href":"https:\/\/www.keddstudio.com\/index.php\/wp-json\/wp\/v2\/users\/2"}],"replies":[{"embeddable":true,"href":"https:\/\/www.keddstudio.com\/index.php\/wp-json\/wp\/v2\/comments?post=1962"}],"version-history":[{"count":12,"href":"https:\/\/www.keddstudio.com\/index.php\/wp-json\/wp\/v2\/pages\/1962\/revisions"}],"predecessor-version":[{"id":5794,"href":"https:\/\/www.keddstudio.com\/index.php\/wp-json\/wp\/v2\/pages\/1962\/revisions\/5794"}],"wp:attachment":[{"href":"https:\/\/www.keddstudio.com\/index.php\/wp-json\/wp\/v2\/media?parent=1962"}],"curies":[{"name":"wp","href":"https:\/\/api.w.org\/{rel}","templated":true}]}}