{"id":1957,"date":"2022-08-23T07:33:41","date_gmt":"2022-08-23T07:33:41","guid":{"rendered":"http:\/\/dev.keddstudio.com\/?page_id=1957"},"modified":"2025-03-14T14:56:34","modified_gmt":"2025-03-14T14:56:34","slug":"dudolo-1","status":"publish","type":"page","link":"https:\/\/www.keddstudio.com\/index.php\/dudolo-1\/","title":{"rendered":"Nursery Rhymes 1"},"content":{"rendered":"\t\t<div data-elementor-type=\"wp-page\" data-elementor-id=\"1957\" class=\"elementor elementor-1957\" data-elementor-post-type=\"page\">\n\t\t\t\t\t\t<section class=\"elementor-section elementor-top-section elementor-element elementor-element-d70cbf6 elementor-section-full_width elementor-section-height-default elementor-section-height-default\" data-id=\"d70cbf6\" data-element_type=\"section\">\n\t\t\t\t\t\t<div class=\"elementor-container elementor-column-gap-default\">\n\t\t\t\t\t<div class=\"elementor-column elementor-col-100 elementor-top-column elementor-element elementor-element-34e2514\" data-id=\"34e2514\" data-element_type=\"column\">\n\t\t\t<div class=\"elementor-widget-wrap elementor-element-populated\">\n\t\t\t\t\t\t<div class=\"elementor-element elementor-element-30942fa elementor-widget elementor-widget-image\" data-id=\"30942fa\" data-element_type=\"widget\" data-widget_type=\"image.default\">\n\t\t\t\t<div class=\"elementor-widget-container\">\n\t\t\t\t\t\t\t\t\t\t\t\t\t\t\t<img fetchpriority=\"high\" decoding=\"async\" width=\"1920\" height=\"650\" src=\"https:\/\/www.keddstudio.com\/wp-content\/uploads\/2023\/09\/DUDOLO_1_oldalborito.jpg\" class=\"attachment-full size-full wp-image-4257\" alt=\"\" srcset=\"https:\/\/www.keddstudio.com\/wp-content\/uploads\/2023\/09\/DUDOLO_1_oldalborito.jpg 1920w, https:\/\/www.keddstudio.com\/wp-content\/uploads\/2023\/09\/DUDOLO_1_oldalborito-300x102.jpg 300w, https:\/\/www.keddstudio.com\/wp-content\/uploads\/2023\/09\/DUDOLO_1_oldalborito-1024x347.jpg 1024w, https:\/\/www.keddstudio.com\/wp-content\/uploads\/2023\/09\/DUDOLO_1_oldalborito-768x260.jpg 768w, https:\/\/www.keddstudio.com\/wp-content\/uploads\/2023\/09\/DUDOLO_1_oldalborito-1536x520.jpg 1536w, https:\/\/www.keddstudio.com\/wp-content\/uploads\/2023\/09\/DUDOLO_1_oldalborito-1170x396.jpg 1170w, https:\/\/www.keddstudio.com\/wp-content\/uploads\/2023\/09\/DUDOLO_1_oldalborito-370x125.jpg 370w, https:\/\/www.keddstudio.com\/wp-content\/uploads\/2023\/09\/DUDOLO_1_oldalborito-870x295.jpg 870w, https:\/\/www.keddstudio.com\/wp-content\/uploads\/2023\/09\/DUDOLO_1_oldalborito-390x132.jpg 390w\" sizes=\"(max-width: 1920px) 100vw, 1920px\" \/>\t\t\t\t\t\t\t\t\t\t\t\t\t\t\t<\/div>\n\t\t\t\t<\/div>\n\t\t\t\t\t<\/div>\n\t\t<\/div>\n\t\t\t\t\t<\/div>\n\t\t<\/section>\n\t\t\t\t<section class=\"elementor-section elementor-top-section elementor-element elementor-element-843241f elementor-section-full_width elementor-section-height-default elementor-section-height-default\" data-id=\"843241f\" data-element_type=\"section\">\n\t\t\t\t\t\t<div class=\"elementor-container elementor-column-gap-default\">\n\t\t\t\t\t<div class=\"elementor-column elementor-col-100 elementor-top-column elementor-element elementor-element-3259ddf\" data-id=\"3259ddf\" data-element_type=\"column\">\n\t\t\t<div class=\"elementor-widget-wrap elementor-element-populated\">\n\t\t\t\t\t\t<div class=\"elementor-element elementor-element-760ddb8 elementor-widget elementor-widget-heading\" data-id=\"760ddb8\" data-element_type=\"widget\" data-widget_type=\"heading.default\">\n\t\t\t\t<div class=\"elementor-widget-container\">\n\t\t\t\t\t<h2 class=\"elementor-heading-title elementor-size-xl\">Nursery Rhymes 1<\/h2>\t\t\t\t<\/div>\n\t\t\t\t<\/div>\n\t\t\t\t<div class=\"elementor-element elementor-element-a46b43c elementor-widget elementor-widget-heading\" data-id=\"a46b43c\" data-element_type=\"widget\" data-widget_type=\"heading.default\">\n\t\t\t\t<div class=\"elementor-widget-container\">\n\t\t\t\t\t<h2 class=\"elementor-heading-title elementor-size-large\">Let's sing together!<\/h2>\t\t\t\t<\/div>\n\t\t\t\t<\/div>\n\t\t\t\t\t<\/div>\n\t\t<\/div>\n\t\t\t\t\t<\/div>\n\t\t<\/section>\n\t\t\t\t<section class=\"elementor-section elementor-top-section elementor-element elementor-element-cef14ec elementor-section-full_width elementor-section-height-default elementor-section-height-default\" data-id=\"cef14ec\" data-element_type=\"section\">\n\t\t\t\t\t\t<div class=\"elementor-container elementor-column-gap-narrow\">\n\t\t\t\t\t<div class=\"elementor-column elementor-col-33 elementor-top-column elementor-element elementor-element-05a0b53\" data-id=\"05a0b53\" data-element_type=\"column\">\n\t\t\t<div class=\"elementor-widget-wrap elementor-element-populated\">\n\t\t\t\t\t\t<div class=\"elementor-element elementor-element-236983d elementor-hidden-mobile elementor-widget elementor-widget-image\" data-id=\"236983d\" data-element_type=\"widget\" data-widget_type=\"image.default\">\n\t\t\t\t<div class=\"elementor-widget-container\">\n\t\t\t\t\t\t\t\t\t\t\t\t\t\t\t<img decoding=\"async\" width=\"1024\" height=\"576\" src=\"https:\/\/www.keddstudio.com\/wp-content\/uploads\/2025\/03\/DUDOLO_S01E02_Altal_mennek_en_a_Tiszan_THUMB-1024x576.jpg\" class=\"attachment-large size-large wp-image-5781\" alt=\"\" srcset=\"https:\/\/www.keddstudio.com\/wp-content\/uploads\/2025\/03\/DUDOLO_S01E02_Altal_mennek_en_a_Tiszan_THUMB-1024x576.jpg 1024w, https:\/\/www.keddstudio.com\/wp-content\/uploads\/2025\/03\/DUDOLO_S01E02_Altal_mennek_en_a_Tiszan_THUMB-300x170.jpg 300w, https:\/\/www.keddstudio.com\/wp-content\/uploads\/2025\/03\/DUDOLO_S01E02_Altal_mennek_en_a_Tiszan_THUMB-768x432.jpg 768w, https:\/\/www.keddstudio.com\/wp-content\/uploads\/2025\/03\/DUDOLO_S01E02_Altal_mennek_en_a_Tiszan_THUMB-1536x864.jpg 1536w, https:\/\/www.keddstudio.com\/wp-content\/uploads\/2025\/03\/DUDOLO_S01E02_Altal_mennek_en_a_Tiszan_THUMB-1170x659.jpg 1170w, https:\/\/www.keddstudio.com\/wp-content\/uploads\/2025\/03\/DUDOLO_S01E02_Altal_mennek_en_a_Tiszan_THUMB-370x208.jpg 370w, https:\/\/www.keddstudio.com\/wp-content\/uploads\/2025\/03\/DUDOLO_S01E02_Altal_mennek_en_a_Tiszan_THUMB-870x490.jpg 870w, https:\/\/www.keddstudio.com\/wp-content\/uploads\/2025\/03\/DUDOLO_S01E02_Altal_mennek_en_a_Tiszan_THUMB-390x220.jpg 390w, https:\/\/www.keddstudio.com\/wp-content\/uploads\/2025\/03\/DUDOLO_S01E02_Altal_mennek_en_a_Tiszan_THUMB.jpg 1920w\" sizes=\"(max-width: 1024px) 100vw, 1024px\" \/>\t\t\t\t\t\t\t\t\t\t\t\t\t\t\t<\/div>\n\t\t\t\t<\/div>\n\t\t\t\t\t<\/div>\n\t\t<\/div>\n\t\t\t\t<div class=\"elementor-column elementor-col-33 elementor-top-column elementor-element elementor-element-97594f6\" data-id=\"97594f6\" data-element_type=\"column\">\n\t\t\t<div class=\"elementor-widget-wrap elementor-element-populated\">\n\t\t\t\t\t\t<div class=\"elementor-element elementor-element-6a91abb elementor-widget elementor-widget-video\" data-id=\"6a91abb\" data-element_type=\"widget\" data-settings=\"{&quot;video_type&quot;:&quot;vimeo&quot;}\" data-widget_type=\"video.default\">\n\t\t\t\t<div class=\"elementor-widget-container\">\n\t\t\t\t\t\t\t<div class=\"elementor-wrapper elementor-open-inline\">\n\t\t\t<iframe class=\"elementor-video-iframe\" allowfullscreen allow=\"clipboard-write\" title=\"vimeo vide\u00f3 lej\u00e1tsz\u00f3\" src=\"https:\/\/player.vimeo.com\/video\/461738396?color&amp;autopause=0&amp;loop=0&amp;muted=0&amp;title=1&amp;portrait=1&amp;byline=1#t=\"><\/iframe>\t\t<\/div>\n\t\t\t\t\t\t<\/div>\n\t\t\t\t<\/div>\n\t\t\t\t\t<\/div>\n\t\t<\/div>\n\t\t\t\t<div class=\"elementor-column elementor-col-33 elementor-top-column elementor-element elementor-element-aca5f0a\" data-id=\"aca5f0a\" data-element_type=\"column\">\n\t\t\t<div class=\"elementor-widget-wrap elementor-element-populated\">\n\t\t\t\t\t\t<div class=\"elementor-element elementor-element-d6189a2 elementor-hidden-mobile elementor-widget elementor-widget-image\" data-id=\"d6189a2\" data-element_type=\"widget\" data-widget_type=\"image.default\">\n\t\t\t\t<div class=\"elementor-widget-container\">\n\t\t\t\t\t\t\t\t\t\t\t\t\t\t\t<img decoding=\"async\" width=\"1024\" height=\"576\" src=\"https:\/\/www.keddstudio.com\/wp-content\/uploads\/2025\/03\/DUDOLO_S01E27_Sarga_csiko_THUMB-1024x576.jpg\" class=\"attachment-large size-large wp-image-5782\" alt=\"\" srcset=\"https:\/\/www.keddstudio.com\/wp-content\/uploads\/2025\/03\/DUDOLO_S01E27_Sarga_csiko_THUMB-1024x576.jpg 1024w, https:\/\/www.keddstudio.com\/wp-content\/uploads\/2025\/03\/DUDOLO_S01E27_Sarga_csiko_THUMB-300x170.jpg 300w, https:\/\/www.keddstudio.com\/wp-content\/uploads\/2025\/03\/DUDOLO_S01E27_Sarga_csiko_THUMB-768x432.jpg 768w, https:\/\/www.keddstudio.com\/wp-content\/uploads\/2025\/03\/DUDOLO_S01E27_Sarga_csiko_THUMB-1536x864.jpg 1536w, https:\/\/www.keddstudio.com\/wp-content\/uploads\/2025\/03\/DUDOLO_S01E27_Sarga_csiko_THUMB-1170x659.jpg 1170w, https:\/\/www.keddstudio.com\/wp-content\/uploads\/2025\/03\/DUDOLO_S01E27_Sarga_csiko_THUMB-370x208.jpg 370w, https:\/\/www.keddstudio.com\/wp-content\/uploads\/2025\/03\/DUDOLO_S01E27_Sarga_csiko_THUMB-870x490.jpg 870w, https:\/\/www.keddstudio.com\/wp-content\/uploads\/2025\/03\/DUDOLO_S01E27_Sarga_csiko_THUMB-390x220.jpg 390w, https:\/\/www.keddstudio.com\/wp-content\/uploads\/2025\/03\/DUDOLO_S01E27_Sarga_csiko_THUMB.jpg 1920w\" sizes=\"(max-width: 1024px) 100vw, 1024px\" \/>\t\t\t\t\t\t\t\t\t\t\t\t\t\t\t<\/div>\n\t\t\t\t<\/div>\n\t\t\t\t\t<\/div>\n\t\t<\/div>\n\t\t\t\t\t<\/div>\n\t\t<\/section>\n\t\t\t\t<section class=\"elementor-section elementor-top-section elementor-element elementor-element-c0f307d elementor-section-boxed elementor-section-height-default elementor-section-height-default\" data-id=\"c0f307d\" data-element_type=\"section\">\n\t\t\t\t\t\t<div class=\"elementor-container elementor-column-gap-default\">\n\t\t\t\t\t<div class=\"elementor-column elementor-col-100 elementor-top-column elementor-element elementor-element-c8c8525\" data-id=\"c8c8525\" data-element_type=\"column\">\n\t\t\t<div class=\"elementor-widget-wrap elementor-element-populated\">\n\t\t\t\t\t\t<div class=\"elementor-element elementor-element-8ab3388 elementor-widget elementor-widget-spacer\" data-id=\"8ab3388\" data-element_type=\"widget\" data-widget_type=\"spacer.default\">\n\t\t\t\t<div class=\"elementor-widget-container\">\n\t\t\t\t\t\t\t<div class=\"elementor-spacer\">\n\t\t\t<div class=\"elementor-spacer-inner\"><\/div>\n\t\t<\/div>\n\t\t\t\t\t\t<\/div>\n\t\t\t\t<\/div>\n\t\t\t\t\t<\/div>\n\t\t<\/div>\n\t\t\t\t\t<\/div>\n\t\t<\/section>\n\t\t\t\t<section class=\"elementor-section elementor-top-section elementor-element elementor-element-f593a9a elementor-section-boxed elementor-section-height-default elementor-section-height-default\" data-id=\"f593a9a\" data-element_type=\"section\" data-settings=\"{&quot;background_background&quot;:&quot;classic&quot;}\">\n\t\t\t\t\t\t<div class=\"elementor-container elementor-column-gap-default\">\n\t\t\t\t\t<div class=\"elementor-column elementor-col-50 elementor-top-column elementor-element elementor-element-d560db4\" data-id=\"d560db4\" data-element_type=\"column\">\n\t\t\t<div class=\"elementor-widget-wrap elementor-element-populated\">\n\t\t\t\t\t\t<div class=\"elementor-element elementor-element-2ffea21 elementor-widget elementor-widget-image\" data-id=\"2ffea21\" data-element_type=\"widget\" data-widget_type=\"image.default\">\n\t\t\t\t<div class=\"elementor-widget-container\">\n\t\t\t\t\t\t\t\t\t\t\t\t\t\t\t<img loading=\"lazy\" decoding=\"async\" width=\"1000\" height=\"1000\" src=\"https:\/\/www.keddstudio.com\/wp-content\/uploads\/2022\/08\/KARAKTER_LANY.png\" class=\"attachment-full size-full wp-image-1969\" alt=\"\" srcset=\"https:\/\/www.keddstudio.com\/wp-content\/uploads\/2022\/08\/KARAKTER_LANY.png 1000w, https:\/\/www.keddstudio.com\/wp-content\/uploads\/2022\/08\/KARAKTER_LANY-300x300.png 300w, https:\/\/www.keddstudio.com\/wp-content\/uploads\/2022\/08\/KARAKTER_LANY-150x150.png 150w, https:\/\/www.keddstudio.com\/wp-content\/uploads\/2022\/08\/KARAKTER_LANY-768x768.png 768w, https:\/\/www.keddstudio.com\/wp-content\/uploads\/2022\/08\/KARAKTER_LANY-370x370.png 370w, https:\/\/www.keddstudio.com\/wp-content\/uploads\/2022\/08\/KARAKTER_LANY-870x870.png 870w, https:\/\/www.keddstudio.com\/wp-content\/uploads\/2022\/08\/KARAKTER_LANY-390x390.png 390w, https:\/\/www.keddstudio.com\/wp-content\/uploads\/2022\/08\/KARAKTER_LANY-75x75.png 75w\" sizes=\"(max-width: 1000px) 100vw, 1000px\" \/>\t\t\t\t\t\t\t\t\t\t\t\t\t\t\t<\/div>\n\t\t\t\t<\/div>\n\t\t\t\t\t<\/div>\n\t\t<\/div>\n\t\t\t\t<div class=\"elementor-column elementor-col-50 elementor-top-column elementor-element elementor-element-2c2533b\" data-id=\"2c2533b\" data-element_type=\"column\">\n\t\t\t<div class=\"elementor-widget-wrap elementor-element-populated\">\n\t\t\t\t\t\t<div class=\"elementor-element elementor-element-4bb30c1 elementor-widget elementor-widget-heading\" data-id=\"4bb30c1\" data-element_type=\"widget\" data-widget_type=\"heading.default\">\n\t\t\t\t<div class=\"elementor-widget-container\">\n\t\t\t\t\t<h2 class=\"elementor-heading-title elementor-size-large\">Synopsis<\/h2>\t\t\t\t<\/div>\n\t\t\t\t<\/div>\n\t\t\t\t<div class=\"elementor-element elementor-element-af3d1b1 elementor-widget elementor-widget-text-editor\" data-id=\"af3d1b1\" data-element_type=\"widget\" data-widget_type=\"text-editor.default\">\n\t\t\t\t<div class=\"elementor-widget-container\">\n\t\t\t\t\t\t\t\t\t<p>Hungarian folk songs and nursery rhymes in a modern guise. The simple imagery and repetitive verses make it easy for children to memorize the songs. Nursery Rhymes\u00a0expands children\u2019s vocabulary and develops their musical senses. Singing the songs together creates an intimate atmosphere in families and communities of children.<\/p>\t\t\t\t\t\t\t\t<\/div>\n\t\t\t\t<\/div>\n\t\t\t\t<div class=\"elementor-element elementor-element-0e8187d elementor-widget elementor-widget-heading\" data-id=\"0e8187d\" data-element_type=\"widget\" data-widget_type=\"heading.default\">\n\t\t\t\t<div class=\"elementor-widget-container\">\n\t\t\t\t\t<h2 class=\"elementor-heading-title elementor-size-large\">Technical information<\/h2>\t\t\t\t<\/div>\n\t\t\t\t<\/div>\n\t\t\t\t<div class=\"elementor-element elementor-element-3decef3 elementor-widget elementor-widget-text-editor\" data-id=\"3decef3\" data-element_type=\"widget\" data-widget_type=\"text-editor.default\">\n\t\t\t\t<div class=\"elementor-widget-container\">\n\t\t\t\t\t\t\t\t\t<p>Format: 2D HD \u2013 50\u00d71,5\u2019<br \/>Genre: Edutainment<br \/>Target: Toddler<br \/>Status: Completed<br \/>Production : <strong>KEDD Animation Studio, 2017-2018<br \/><\/strong>Directed by <strong>Tibor Nagy<br \/><\/strong>Script, design and charachter design:\u00a0 <strong>Tibor Nagy<\/strong><br \/>Produced by\u00a0<strong>G\u00e9za M. T\u00f3th<br \/><\/strong>Music by <strong>Dalinda Ensemble \u2013 <\/strong>Johanna Orb\u00e1n, Julianna Pa\u00e1r, S\u00e1ra T\u00edm\u00e1r<br \/>Language: Hungarian<\/p>\t\t\t\t\t\t\t\t<\/div>\n\t\t\t\t<\/div>\n\t\t\t\t\t<\/div>\n\t\t<\/div>\n\t\t\t\t\t<\/div>\n\t\t<\/section>\n\t\t\t\t<\/div>\n\t\t","protected":false},"excerpt":{"rendered":"<p>Nursery Rhymes 1 Let&#8217;s sing together! Synopsis Hungarian folk songs and nursery rhymes in a modern guise. The simple imagery and repetitive verses make it easy for children to memorize the songs. Nursery Rhymes\u00a0expands children\u2019s vocabulary and develops their musical senses. Singing the songs together creates an intimate atmosphere in families and communities of children. [&hellip;]<\/p>\n","protected":false},"author":2,"featured_media":0,"parent":0,"menu_order":0,"comment_status":"closed","ping_status":"closed","template":"","meta":{"footnotes":""},"class_list":["post-1957","page","type-page","status-publish","hentry"],"_links":{"self":[{"href":"https:\/\/www.keddstudio.com\/index.php\/wp-json\/wp\/v2\/pages\/1957","targetHints":{"allow":["GET"]}}],"collection":[{"href":"https:\/\/www.keddstudio.com\/index.php\/wp-json\/wp\/v2\/pages"}],"about":[{"href":"https:\/\/www.keddstudio.com\/index.php\/wp-json\/wp\/v2\/types\/page"}],"author":[{"embeddable":true,"href":"https:\/\/www.keddstudio.com\/index.php\/wp-json\/wp\/v2\/users\/2"}],"replies":[{"embeddable":true,"href":"https:\/\/www.keddstudio.com\/index.php\/wp-json\/wp\/v2\/comments?post=1957"}],"version-history":[{"count":12,"href":"https:\/\/www.keddstudio.com\/index.php\/wp-json\/wp\/v2\/pages\/1957\/revisions"}],"predecessor-version":[{"id":5786,"href":"https:\/\/www.keddstudio.com\/index.php\/wp-json\/wp\/v2\/pages\/1957\/revisions\/5786"}],"wp:attachment":[{"href":"https:\/\/www.keddstudio.com\/index.php\/wp-json\/wp\/v2\/media?parent=1957"}],"curies":[{"name":"wp","href":"https:\/\/api.w.org\/{rel}","templated":true}]}}