{"id":1782,"date":"2022-08-19T14:41:23","date_gmt":"2022-08-19T14:41:23","guid":{"rendered":"http:\/\/dev.keddstudio.com\/?page_id=1782"},"modified":"2025-03-07T17:36:01","modified_gmt":"2025-03-07T17:36:01","slug":"tespi-mesek","status":"publish","type":"page","link":"https:\/\/www.keddstudio.com\/index.php\/tespi-mesek\/","title":{"rendered":"Tales From The Bend"},"content":{"rendered":"\t\t<div data-elementor-type=\"wp-page\" data-elementor-id=\"1782\" class=\"elementor elementor-1782\" data-elementor-post-type=\"page\">\n\t\t\t\t\t\t<section class=\"elementor-section elementor-top-section elementor-element elementor-element-6645e0c elementor-section-full_width elementor-section-height-default elementor-section-height-default\" data-id=\"6645e0c\" data-element_type=\"section\">\n\t\t\t\t\t\t<div class=\"elementor-container elementor-column-gap-no\">\n\t\t\t\t\t<div class=\"elementor-column elementor-col-100 elementor-top-column elementor-element elementor-element-c9e1213\" data-id=\"c9e1213\" data-element_type=\"column\">\n\t\t\t<div class=\"elementor-widget-wrap elementor-element-populated\">\n\t\t\t\t\t\t<div class=\"elementor-element elementor-element-ed75208 elementor-widget elementor-widget-image\" data-id=\"ed75208\" data-element_type=\"widget\" data-widget_type=\"image.default\">\n\t\t\t\t<div class=\"elementor-widget-container\">\n\t\t\t\t\t\t\t\t\t\t\t\t\t\t\t<img fetchpriority=\"high\" decoding=\"async\" width=\"1920\" height=\"550\" src=\"https:\/\/www.keddstudio.com\/wp-content\/uploads\/2023\/09\/Tales_from_the_Bend_oldalborito.jpg\" class=\"attachment-2048x2048 size-2048x2048 wp-image-4377\" alt=\"\" srcset=\"https:\/\/www.keddstudio.com\/wp-content\/uploads\/2023\/09\/Tales_from_the_Bend_oldalborito.jpg 1920w, https:\/\/www.keddstudio.com\/wp-content\/uploads\/2023\/09\/Tales_from_the_Bend_oldalborito-300x86.jpg 300w, https:\/\/www.keddstudio.com\/wp-content\/uploads\/2023\/09\/Tales_from_the_Bend_oldalborito-1024x293.jpg 1024w, https:\/\/www.keddstudio.com\/wp-content\/uploads\/2023\/09\/Tales_from_the_Bend_oldalborito-768x220.jpg 768w, https:\/\/www.keddstudio.com\/wp-content\/uploads\/2023\/09\/Tales_from_the_Bend_oldalborito-1536x440.jpg 1536w, https:\/\/www.keddstudio.com\/wp-content\/uploads\/2023\/09\/Tales_from_the_Bend_oldalborito-1170x335.jpg 1170w, https:\/\/www.keddstudio.com\/wp-content\/uploads\/2023\/09\/Tales_from_the_Bend_oldalborito-370x106.jpg 370w, https:\/\/www.keddstudio.com\/wp-content\/uploads\/2023\/09\/Tales_from_the_Bend_oldalborito-870x249.jpg 870w, https:\/\/www.keddstudio.com\/wp-content\/uploads\/2023\/09\/Tales_from_the_Bend_oldalborito-390x112.jpg 390w\" sizes=\"(max-width: 1920px) 100vw, 1920px\" \/>\t\t\t\t\t\t\t\t\t\t\t\t\t\t\t<\/div>\n\t\t\t\t<\/div>\n\t\t\t\t<div class=\"elementor-element elementor-element-da3e45f elementor-widget elementor-widget-heading\" data-id=\"da3e45f\" data-element_type=\"widget\" data-widget_type=\"heading.default\">\n\t\t\t\t<div class=\"elementor-widget-container\">\n\t\t\t\t\t<h2 class=\"elementor-heading-title elementor-size-xl\">Tales From The Bend <\/h2>\t\t\t\t<\/div>\n\t\t\t\t<\/div>\n\t\t\t\t<div class=\"elementor-element elementor-element-33a92c0 elementor-widget elementor-widget-heading\" data-id=\"33a92c0\" data-element_type=\"widget\" data-widget_type=\"heading.default\">\n\t\t\t\t<div class=\"elementor-widget-container\">\n\t\t\t\t\t<h2 class=\"elementor-heading-title elementor-size-large\">Stimulated Economy<\/h2>\t\t\t\t<\/div>\n\t\t\t\t<\/div>\n\t\t\t\t\t<\/div>\n\t\t<\/div>\n\t\t\t\t\t<\/div>\n\t\t<\/section>\n\t\t\t\t<section class=\"elementor-section elementor-top-section elementor-element elementor-element-378d2c1 elementor-section-boxed elementor-section-height-default elementor-section-height-default\" data-id=\"378d2c1\" data-element_type=\"section\">\n\t\t\t\t\t\t<div class=\"elementor-container elementor-column-gap-default\">\n\t\t\t\t\t<div class=\"elementor-column elementor-col-100 elementor-top-column elementor-element elementor-element-2e0b8b9\" data-id=\"2e0b8b9\" data-element_type=\"column\">\n\t\t\t<div class=\"elementor-widget-wrap elementor-element-populated\">\n\t\t\t\t\t\t<div class=\"elementor-element elementor-element-474fccc elementor-widget elementor-widget-spacer\" data-id=\"474fccc\" data-element_type=\"widget\" data-widget_type=\"spacer.default\">\n\t\t\t\t<div class=\"elementor-widget-container\">\n\t\t\t\t\t\t\t<div class=\"elementor-spacer\">\n\t\t\t<div class=\"elementor-spacer-inner\"><\/div>\n\t\t<\/div>\n\t\t\t\t\t\t<\/div>\n\t\t\t\t<\/div>\n\t\t\t\t\t<\/div>\n\t\t<\/div>\n\t\t\t\t\t<\/div>\n\t\t<\/section>\n\t\t\t\t<section class=\"elementor-section elementor-top-section elementor-element elementor-element-3502b55 elementor-section-full_width elementor-section-height-default elementor-section-height-default\" data-id=\"3502b55\" data-element_type=\"section\">\n\t\t\t\t\t\t<div class=\"elementor-container elementor-column-gap-narrow\">\n\t\t\t\t\t<div class=\"elementor-column elementor-col-33 elementor-top-column elementor-element elementor-element-9e7e484\" data-id=\"9e7e484\" data-element_type=\"column\">\n\t\t\t<div class=\"elementor-widget-wrap elementor-element-populated\">\n\t\t\t\t\t\t<div class=\"elementor-element elementor-element-020bb55 elementor-widget elementor-widget-image\" data-id=\"020bb55\" data-element_type=\"widget\" data-widget_type=\"image.default\">\n\t\t\t\t<div class=\"elementor-widget-container\">\n\t\t\t\t\t\t\t\t\t\t\t\t\t\t\t<img decoding=\"async\" width=\"625\" height=\"352\" src=\"https:\/\/www.keddstudio.com\/wp-content\/uploads\/2023\/09\/Tales_from_the_Bend_1.jpg\" class=\"attachment-large size-large wp-image-4378\" alt=\"\" srcset=\"https:\/\/www.keddstudio.com\/wp-content\/uploads\/2023\/09\/Tales_from_the_Bend_1.jpg 625w, https:\/\/www.keddstudio.com\/wp-content\/uploads\/2023\/09\/Tales_from_the_Bend_1-300x170.jpg 300w, https:\/\/www.keddstudio.com\/wp-content\/uploads\/2023\/09\/Tales_from_the_Bend_1-370x208.jpg 370w, https:\/\/www.keddstudio.com\/wp-content\/uploads\/2023\/09\/Tales_from_the_Bend_1-390x220.jpg 390w\" sizes=\"(max-width: 625px) 100vw, 625px\" \/>\t\t\t\t\t\t\t\t\t\t\t\t\t\t\t<\/div>\n\t\t\t\t<\/div>\n\t\t\t\t\t<\/div>\n\t\t<\/div>\n\t\t\t\t<div class=\"elementor-column elementor-col-33 elementor-top-column elementor-element elementor-element-87c45a3\" data-id=\"87c45a3\" data-element_type=\"column\">\n\t\t\t<div class=\"elementor-widget-wrap elementor-element-populated\">\n\t\t\t\t\t\t<div class=\"elementor-element elementor-element-e2007ac elementor-widget elementor-widget-video\" data-id=\"e2007ac\" data-element_type=\"widget\" data-settings=\"{&quot;youtube_url&quot;:&quot;https:\\\/\\\/youtu.be\\\/IdTiCILZ9rg&quot;,&quot;video_type&quot;:&quot;youtube&quot;,&quot;controls&quot;:&quot;yes&quot;}\" data-widget_type=\"video.default\">\n\t\t\t\t<div class=\"elementor-widget-container\">\n\t\t\t\t\t\t\t<div class=\"elementor-wrapper elementor-open-inline\">\n\t\t\t<div class=\"elementor-video\"><\/div>\t\t<\/div>\n\t\t\t\t\t\t<\/div>\n\t\t\t\t<\/div>\n\t\t\t\t\t<\/div>\n\t\t<\/div>\n\t\t\t\t<div class=\"elementor-column elementor-col-33 elementor-top-column elementor-element elementor-element-aac9ab9\" data-id=\"aac9ab9\" data-element_type=\"column\">\n\t\t\t<div class=\"elementor-widget-wrap elementor-element-populated\">\n\t\t\t\t\t\t<div class=\"elementor-element elementor-element-ef64a94 elementor-widget elementor-widget-image\" data-id=\"ef64a94\" data-element_type=\"widget\" data-widget_type=\"image.default\">\n\t\t\t\t<div class=\"elementor-widget-container\">\n\t\t\t\t\t\t\t\t\t\t\t\t\t\t\t<img decoding=\"async\" width=\"625\" height=\"352\" src=\"https:\/\/www.keddstudio.com\/wp-content\/uploads\/2023\/09\/Tales_from_the_Bend_2.jpg\" class=\"attachment-large size-large wp-image-4379\" alt=\"\" srcset=\"https:\/\/www.keddstudio.com\/wp-content\/uploads\/2023\/09\/Tales_from_the_Bend_2.jpg 625w, https:\/\/www.keddstudio.com\/wp-content\/uploads\/2023\/09\/Tales_from_the_Bend_2-300x170.jpg 300w, https:\/\/www.keddstudio.com\/wp-content\/uploads\/2023\/09\/Tales_from_the_Bend_2-370x208.jpg 370w, https:\/\/www.keddstudio.com\/wp-content\/uploads\/2023\/09\/Tales_from_the_Bend_2-390x220.jpg 390w\" sizes=\"(max-width: 625px) 100vw, 625px\" \/>\t\t\t\t\t\t\t\t\t\t\t\t\t\t\t<\/div>\n\t\t\t\t<\/div>\n\t\t\t\t\t<\/div>\n\t\t<\/div>\n\t\t\t\t\t<\/div>\n\t\t<\/section>\n\t\t\t\t<section class=\"elementor-section elementor-top-section elementor-element elementor-element-3981b9c elementor-section-boxed elementor-section-height-default elementor-section-height-default\" data-id=\"3981b9c\" data-element_type=\"section\">\n\t\t\t\t\t\t<div class=\"elementor-container elementor-column-gap-default\">\n\t\t\t\t\t<div class=\"elementor-column elementor-col-100 elementor-top-column elementor-element elementor-element-569373b\" data-id=\"569373b\" data-element_type=\"column\">\n\t\t\t<div class=\"elementor-widget-wrap elementor-element-populated\">\n\t\t\t\t\t\t<div class=\"elementor-element elementor-element-b004dbb elementor-widget elementor-widget-spacer\" data-id=\"b004dbb\" data-element_type=\"widget\" data-widget_type=\"spacer.default\">\n\t\t\t\t<div class=\"elementor-widget-container\">\n\t\t\t\t\t\t\t<div class=\"elementor-spacer\">\n\t\t\t<div class=\"elementor-spacer-inner\"><\/div>\n\t\t<\/div>\n\t\t\t\t\t\t<\/div>\n\t\t\t\t<\/div>\n\t\t\t\t\t<\/div>\n\t\t<\/div>\n\t\t\t\t\t<\/div>\n\t\t<\/section>\n\t\t\t\t<section class=\"elementor-section elementor-top-section elementor-element elementor-element-c3248cc elementor-section-boxed elementor-section-height-default elementor-section-height-default\" data-id=\"c3248cc\" data-element_type=\"section\" data-settings=\"{&quot;background_background&quot;:&quot;classic&quot;}\">\n\t\t\t\t\t\t\t<div class=\"elementor-background-overlay\"><\/div>\n\t\t\t\t\t\t\t<div class=\"elementor-container elementor-column-gap-default\">\n\t\t\t\t\t<div class=\"elementor-column elementor-col-100 elementor-top-column elementor-element elementor-element-5b7495e\" data-id=\"5b7495e\" data-element_type=\"column\">\n\t\t\t<div class=\"elementor-widget-wrap elementor-element-populated\">\n\t\t\t\t\t\t<div class=\"elementor-element elementor-element-81a1730 elementor-widget elementor-widget-heading\" data-id=\"81a1730\" data-element_type=\"widget\" data-widget_type=\"heading.default\">\n\t\t\t\t<div class=\"elementor-widget-container\">\n\t\t\t\t\t<h2 class=\"elementor-heading-title elementor-size-large\">Synopsis<\/h2>\t\t\t\t<\/div>\n\t\t\t\t<\/div>\n\t\t\t\t<div class=\"elementor-element elementor-element-feb6d67 elementor-widget elementor-widget-text-editor\" data-id=\"feb6d67\" data-element_type=\"widget\" data-widget_type=\"text-editor.default\">\n\t\t\t\t<div class=\"elementor-widget-container\">\n\t\t\t\t\t\t\t\t\t<p>A global place where taboo has no space. An elderly couple, Izabella and Ferdinand live in a village called The Bend. Their everyday life is turned upside down in each episode by uninvited guests who represent a typical issue of the modern world. The issues at the heart of the story are given new light in the two main characters&#8217; milieu.\u00a0<\/p>\t\t\t\t\t\t\t\t<\/div>\n\t\t\t\t<\/div>\n\t\t\t\t<div class=\"elementor-element elementor-element-d042cb5 elementor-widget elementor-widget-heading\" data-id=\"d042cb5\" data-element_type=\"widget\" data-widget_type=\"heading.default\">\n\t\t\t\t<div class=\"elementor-widget-container\">\n\t\t\t\t\t<h2 class=\"elementor-heading-title elementor-size-large\">Technical information<\/h2>\t\t\t\t<\/div>\n\t\t\t\t<\/div>\n\t\t\t\t<div class=\"elementor-element elementor-element-705af0b elementor-widget elementor-widget-text-editor\" data-id=\"705af0b\" data-element_type=\"widget\" data-widget_type=\"text-editor.default\">\n\t\t\t\t<div class=\"elementor-widget-container\">\n\t\t\t\t\t\t\t\t\t<p>Format: Puppets, SD \u2013 1\u00d725\u2019<br \/>Genre: Comedy<br \/>Target: Young Adults, Family<br \/>Status: 1 pilot completed, further in development<br \/>Production: <strong>KEDD Animation Studio, 2009<br \/><\/strong>Directed by <strong>G\u00e9za M. T\u00f3th<br \/><\/strong>Actors: <strong>Gy\u00f6rgy Horv\u00e1th, Judit Meszl\u00e9ry<br \/><\/strong>Music by <strong>Szabolcs M\u00e1t\u00e9 (Sub Bass Monster) and <\/strong>Attila Pacsay<br \/>Produced by\u00a0<strong>G\u00e9za M. T\u00f3th<br \/><\/strong>Language: Hungarian<\/p>\t\t\t\t\t\t\t\t<\/div>\n\t\t\t\t<\/div>\n\t\t\t\t\t<\/div>\n\t\t<\/div>\n\t\t\t\t\t<\/div>\n\t\t<\/section>\n\t\t\t\t<\/div>\n\t\t","protected":false},"excerpt":{"rendered":"<p>Tales From The Bend Stimulated Economy Synopsis A global place where taboo has no space. An elderly couple, Izabella and Ferdinand live in a village called The Bend. Their everyday life is turned upside down in each episode by uninvited guests who represent a typical issue of the modern world. The issues at the heart [&hellip;]<\/p>\n","protected":false},"author":2,"featured_media":0,"parent":0,"menu_order":0,"comment_status":"closed","ping_status":"closed","template":"","meta":{"footnotes":""},"class_list":["post-1782","page","type-page","status-publish","hentry"],"_links":{"self":[{"href":"https:\/\/www.keddstudio.com\/index.php\/wp-json\/wp\/v2\/pages\/1782","targetHints":{"allow":["GET"]}}],"collection":[{"href":"https:\/\/www.keddstudio.com\/index.php\/wp-json\/wp\/v2\/pages"}],"about":[{"href":"https:\/\/www.keddstudio.com\/index.php\/wp-json\/wp\/v2\/types\/page"}],"author":[{"embeddable":true,"href":"https:\/\/www.keddstudio.com\/index.php\/wp-json\/wp\/v2\/users\/2"}],"replies":[{"embeddable":true,"href":"https:\/\/www.keddstudio.com\/index.php\/wp-json\/wp\/v2\/comments?post=1782"}],"version-history":[{"count":4,"href":"https:\/\/www.keddstudio.com\/index.php\/wp-json\/wp\/v2\/pages\/1782\/revisions"}],"predecessor-version":[{"id":5718,"href":"https:\/\/www.keddstudio.com\/index.php\/wp-json\/wp\/v2\/pages\/1782\/revisions\/5718"}],"wp:attachment":[{"href":"https:\/\/www.keddstudio.com\/index.php\/wp-json\/wp\/v2\/media?parent=1782"}],"curies":[{"name":"wp","href":"https:\/\/api.w.org\/{rel}","templated":true}]}}