{"id":1048,"date":"2021-12-03T21:41:22","date_gmt":"2021-12-03T21:41:22","guid":{"rendered":"http:\/\/dev.keddstudio.com\/?page_id=1048"},"modified":"2025-03-07T17:25:33","modified_gmt":"2025-03-07T17:25:33","slug":"egy-kupac-kufli","status":"publish","type":"page","link":"https:\/\/www.keddstudio.com\/index.php\/egy-kupac-kufli\/","title":{"rendered":"A mound in a meadow"},"content":{"rendered":"\t\t<div data-elementor-type=\"wp-page\" data-elementor-id=\"1048\" class=\"elementor elementor-1048\" data-elementor-post-type=\"page\">\n\t\t\t\t\t\t<section class=\"elementor-section elementor-top-section elementor-element elementor-element-e5140c9 elementor-section-full_width elementor-section-height-default elementor-section-height-default\" data-id=\"e5140c9\" data-element_type=\"section\">\n\t\t\t\t\t\t<div class=\"elementor-container elementor-column-gap-no\">\n\t\t\t\t\t<div class=\"elementor-column elementor-col-100 elementor-top-column elementor-element elementor-element-f867257\" data-id=\"f867257\" data-element_type=\"column\">\n\t\t\t<div class=\"elementor-widget-wrap elementor-element-populated\">\n\t\t\t\t\t\t<div class=\"elementor-element elementor-element-06fcf43 elementor-widget elementor-widget-image\" data-id=\"06fcf43\" data-element_type=\"widget\" data-widget_type=\"image.default\">\n\t\t\t\t<div class=\"elementor-widget-container\">\n\t\t\t\t\t\t\t\t\t\t\t\t\t\t\t<img fetchpriority=\"high\" decoding=\"async\" width=\"1920\" height=\"550\" src=\"https:\/\/www.keddstudio.com\/wp-content\/uploads\/2023\/09\/The_Kuflis_movies_oldalborito.jpg\" class=\"attachment-2048x2048 size-2048x2048 wp-image-4325\" alt=\"\" srcset=\"https:\/\/www.keddstudio.com\/wp-content\/uploads\/2023\/09\/The_Kuflis_movies_oldalborito.jpg 1920w, https:\/\/www.keddstudio.com\/wp-content\/uploads\/2023\/09\/The_Kuflis_movies_oldalborito-300x86.jpg 300w, https:\/\/www.keddstudio.com\/wp-content\/uploads\/2023\/09\/The_Kuflis_movies_oldalborito-1024x293.jpg 1024w, https:\/\/www.keddstudio.com\/wp-content\/uploads\/2023\/09\/The_Kuflis_movies_oldalborito-768x220.jpg 768w, https:\/\/www.keddstudio.com\/wp-content\/uploads\/2023\/09\/The_Kuflis_movies_oldalborito-1536x440.jpg 1536w, https:\/\/www.keddstudio.com\/wp-content\/uploads\/2023\/09\/The_Kuflis_movies_oldalborito-1170x335.jpg 1170w, https:\/\/www.keddstudio.com\/wp-content\/uploads\/2023\/09\/The_Kuflis_movies_oldalborito-370x106.jpg 370w, https:\/\/www.keddstudio.com\/wp-content\/uploads\/2023\/09\/The_Kuflis_movies_oldalborito-870x249.jpg 870w, https:\/\/www.keddstudio.com\/wp-content\/uploads\/2023\/09\/The_Kuflis_movies_oldalborito-390x112.jpg 390w\" sizes=\"(max-width: 1920px) 100vw, 1920px\" \/>\t\t\t\t\t\t\t\t\t\t\t\t\t\t\t<\/div>\n\t\t\t\t<\/div>\n\t\t\t\t<div class=\"elementor-element elementor-element-b307029 elementor-widget elementor-widget-heading\" data-id=\"b307029\" data-element_type=\"widget\" data-widget_type=\"heading.default\">\n\t\t\t\t<div class=\"elementor-widget-container\">\n\t\t\t\t\t<h2 class=\"elementor-heading-title elementor-size-xl\">A mound in a meadow<\/h2>\t\t\t\t<\/div>\n\t\t\t\t<\/div>\n\t\t\t\t<div class=\"elementor-element elementor-element-e370eca elementor-widget elementor-widget-heading\" data-id=\"e370eca\" data-element_type=\"widget\" data-widget_type=\"heading.default\">\n\t\t\t\t<div class=\"elementor-widget-container\">\n\t\t\t\t\t<h2 class=\"elementor-heading-title elementor-size-large\">Crazy-lazy adventures<\/h2>\t\t\t\t<\/div>\n\t\t\t\t<\/div>\n\t\t\t\t\t<\/div>\n\t\t<\/div>\n\t\t\t\t\t<\/div>\n\t\t<\/section>\n\t\t\t\t<section class=\"elementor-section elementor-top-section elementor-element elementor-element-d77ffc6 elementor-section-full_width elementor-section-height-default elementor-section-height-default\" data-id=\"d77ffc6\" data-element_type=\"section\">\n\t\t\t\t\t\t<div class=\"elementor-container elementor-column-gap-narrow\">\n\t\t\t\t\t<div class=\"elementor-column elementor-col-33 elementor-top-column elementor-element elementor-element-af9460f\" data-id=\"af9460f\" data-element_type=\"column\">\n\t\t\t<div class=\"elementor-widget-wrap elementor-element-populated\">\n\t\t\t\t\t\t<div class=\"elementor-element elementor-element-dae18b4 elementor-widget elementor-widget-image\" data-id=\"dae18b4\" data-element_type=\"widget\" data-widget_type=\"image.default\">\n\t\t\t\t<div class=\"elementor-widget-container\">\n\t\t\t\t\t\t\t\t\t\t\t\t\t\t\t<img decoding=\"async\" width=\"625\" height=\"352\" src=\"https:\/\/www.keddstudio.com\/wp-content\/uploads\/2023\/09\/The_Kuflis_movies_1-1.jpg\" class=\"attachment-large size-large wp-image-4326\" alt=\"\" srcset=\"https:\/\/www.keddstudio.com\/wp-content\/uploads\/2023\/09\/The_Kuflis_movies_1-1.jpg 625w, https:\/\/www.keddstudio.com\/wp-content\/uploads\/2023\/09\/The_Kuflis_movies_1-1-300x170.jpg 300w, https:\/\/www.keddstudio.com\/wp-content\/uploads\/2023\/09\/The_Kuflis_movies_1-1-370x208.jpg 370w, https:\/\/www.keddstudio.com\/wp-content\/uploads\/2023\/09\/The_Kuflis_movies_1-1-390x220.jpg 390w\" sizes=\"(max-width: 625px) 100vw, 625px\" \/>\t\t\t\t\t\t\t\t\t\t\t\t\t\t\t<\/div>\n\t\t\t\t<\/div>\n\t\t\t\t\t<\/div>\n\t\t<\/div>\n\t\t\t\t<div class=\"elementor-column elementor-col-33 elementor-top-column elementor-element elementor-element-77f8480\" data-id=\"77f8480\" data-element_type=\"column\">\n\t\t\t<div class=\"elementor-widget-wrap elementor-element-populated\">\n\t\t\t\t\t\t<div class=\"elementor-element elementor-element-9bb85a6 elementor-widget elementor-widget-video\" data-id=\"9bb85a6\" data-element_type=\"widget\" data-settings=\"{&quot;youtube_url&quot;:&quot;https:\\\/\\\/youtu.be\\\/qzcDgWYcluU&quot;,&quot;video_type&quot;:&quot;youtube&quot;,&quot;controls&quot;:&quot;yes&quot;}\" data-widget_type=\"video.default\">\n\t\t\t\t<div class=\"elementor-widget-container\">\n\t\t\t\t\t\t\t<div class=\"elementor-wrapper elementor-open-inline\">\n\t\t\t<div class=\"elementor-video\"><\/div>\t\t<\/div>\n\t\t\t\t\t\t<\/div>\n\t\t\t\t<\/div>\n\t\t\t\t\t<\/div>\n\t\t<\/div>\n\t\t\t\t<div class=\"elementor-column elementor-col-33 elementor-top-column elementor-element elementor-element-eb91e20\" data-id=\"eb91e20\" data-element_type=\"column\">\n\t\t\t<div class=\"elementor-widget-wrap elementor-element-populated\">\n\t\t\t\t\t\t<div class=\"elementor-element elementor-element-0007a6e elementor-widget elementor-widget-image\" data-id=\"0007a6e\" data-element_type=\"widget\" data-widget_type=\"image.default\">\n\t\t\t\t<div class=\"elementor-widget-container\">\n\t\t\t\t\t\t\t\t\t\t\t\t\t\t\t<img decoding=\"async\" width=\"625\" height=\"352\" src=\"https:\/\/www.keddstudio.com\/wp-content\/uploads\/2023\/09\/The_Kuflis_movies_2-1.jpg\" class=\"attachment-large size-large wp-image-4327\" alt=\"\" srcset=\"https:\/\/www.keddstudio.com\/wp-content\/uploads\/2023\/09\/The_Kuflis_movies_2-1.jpg 625w, https:\/\/www.keddstudio.com\/wp-content\/uploads\/2023\/09\/The_Kuflis_movies_2-1-300x170.jpg 300w, https:\/\/www.keddstudio.com\/wp-content\/uploads\/2023\/09\/The_Kuflis_movies_2-1-370x208.jpg 370w, https:\/\/www.keddstudio.com\/wp-content\/uploads\/2023\/09\/The_Kuflis_movies_2-1-390x220.jpg 390w\" sizes=\"(max-width: 625px) 100vw, 625px\" \/>\t\t\t\t\t\t\t\t\t\t\t\t\t\t\t<\/div>\n\t\t\t\t<\/div>\n\t\t\t\t\t<\/div>\n\t\t<\/div>\n\t\t\t\t\t<\/div>\n\t\t<\/section>\n\t\t\t\t<section class=\"elementor-section elementor-top-section elementor-element elementor-element-fb6e482 elementor-section-boxed elementor-section-height-default elementor-section-height-default\" data-id=\"fb6e482\" data-element_type=\"section\">\n\t\t\t\t\t\t<div class=\"elementor-container elementor-column-gap-default\">\n\t\t\t\t\t<div class=\"elementor-column elementor-col-100 elementor-top-column elementor-element elementor-element-2aac1a7\" data-id=\"2aac1a7\" data-element_type=\"column\">\n\t\t\t<div class=\"elementor-widget-wrap elementor-element-populated\">\n\t\t\t\t\t\t<div class=\"elementor-element elementor-element-61ac976 elementor-widget elementor-widget-spacer\" data-id=\"61ac976\" data-element_type=\"widget\" data-widget_type=\"spacer.default\">\n\t\t\t\t<div class=\"elementor-widget-container\">\n\t\t\t\t\t\t\t<div class=\"elementor-spacer\">\n\t\t\t<div class=\"elementor-spacer-inner\"><\/div>\n\t\t<\/div>\n\t\t\t\t\t\t<\/div>\n\t\t\t\t<\/div>\n\t\t\t\t\t<\/div>\n\t\t<\/div>\n\t\t\t\t\t<\/div>\n\t\t<\/section>\n\t\t\t\t<section class=\"elementor-section elementor-top-section elementor-element elementor-element-d64928d elementor-section-boxed elementor-section-height-default elementor-section-height-default\" data-id=\"d64928d\" data-element_type=\"section\" data-settings=\"{&quot;background_background&quot;:&quot;slideshow&quot;,&quot;background_slideshow_gallery&quot;:[{&quot;id&quot;:1095,&quot;url&quot;:&quot;http:\\\/\\\/dev.keddstudio.com\\\/wp-content\\\/uploads\\\/2021\\\/12\\\/Textura_Valer.png&quot;}],&quot;background_slideshow_loop&quot;:&quot;yes&quot;,&quot;background_slideshow_slide_duration&quot;:5000,&quot;background_slideshow_slide_transition&quot;:&quot;fade&quot;,&quot;background_slideshow_transition_duration&quot;:500}\">\n\t\t\t\t\t\t\t<div class=\"elementor-background-overlay\"><\/div>\n\t\t\t\t\t\t\t<div class=\"elementor-container elementor-column-gap-default\">\n\t\t\t\t\t<div class=\"elementor-column elementor-col-50 elementor-top-column elementor-element elementor-element-babaf34\" data-id=\"babaf34\" data-element_type=\"column\">\n\t\t\t<div class=\"elementor-widget-wrap elementor-element-populated\">\n\t\t\t\t\t\t<div class=\"elementor-element elementor-element-f888f52 elementor-widget elementor-widget-image\" data-id=\"f888f52\" data-element_type=\"widget\" data-widget_type=\"image.default\">\n\t\t\t\t<div class=\"elementor-widget-container\">\n\t\t\t\t\t\t\t\t\t\t\t\t\t\t\t<img loading=\"lazy\" decoding=\"async\" width=\"427\" height=\"455\" src=\"https:\/\/www.keddstudio.com\/wp-content\/uploads\/2022\/08\/kuflik_csoportkep_05.png\" class=\"attachment-large size-large wp-image-1903\" alt=\"\" srcset=\"https:\/\/www.keddstudio.com\/wp-content\/uploads\/2022\/08\/kuflik_csoportkep_05.png 427w, https:\/\/www.keddstudio.com\/wp-content\/uploads\/2022\/08\/kuflik_csoportkep_05-282x300.png 282w, https:\/\/www.keddstudio.com\/wp-content\/uploads\/2022\/08\/kuflik_csoportkep_05-370x394.png 370w, https:\/\/www.keddstudio.com\/wp-content\/uploads\/2022\/08\/kuflik_csoportkep_05-390x416.png 390w, https:\/\/www.keddstudio.com\/wp-content\/uploads\/2022\/08\/kuflik_csoportkep_05-300x320.png 300w\" sizes=\"(max-width: 427px) 100vw, 427px\" \/>\t\t\t\t\t\t\t\t\t\t\t\t\t\t\t<\/div>\n\t\t\t\t<\/div>\n\t\t\t\t\t<\/div>\n\t\t<\/div>\n\t\t\t\t<div class=\"elementor-column elementor-col-50 elementor-top-column elementor-element elementor-element-4403180\" data-id=\"4403180\" data-element_type=\"column\">\n\t\t\t<div class=\"elementor-widget-wrap elementor-element-populated\">\n\t\t\t\t\t\t<div class=\"elementor-element elementor-element-5dfd6bc elementor-widget elementor-widget-heading\" data-id=\"5dfd6bc\" data-element_type=\"widget\" data-widget_type=\"heading.default\">\n\t\t\t\t<div class=\"elementor-widget-container\">\n\t\t\t\t\t<h2 class=\"elementor-heading-title elementor-size-large\">Synopsis<\/h2>\t\t\t\t<\/div>\n\t\t\t\t<\/div>\n\t\t\t\t<div class=\"elementor-element elementor-element-161efc1 elementor-widget elementor-widget-text-editor\" data-id=\"161efc1\" data-element_type=\"widget\" data-widget_type=\"text-editor.default\">\n\t\t\t\t<div class=\"elementor-widget-container\">\n\t\t\t\t\t\t\t\t\t<p>The movie reveals how the Kuflis spend World Hide and Seek Day, what they dress up as when they are invited to a New Year&#8217;s Eve costume party in the summer, what they do when flood waters wash them out of their home, and what happens when their tiny pet suddenly grows to be huge. And there&#8217;s much, much more, because life with the Kuflis is full of surprises and weirdness!<\/p>\t\t\t\t\t\t\t\t<\/div>\n\t\t\t\t<\/div>\n\t\t\t\t<div class=\"elementor-element elementor-element-75327c7 elementor-widget elementor-widget-heading\" data-id=\"75327c7\" data-element_type=\"widget\" data-widget_type=\"heading.default\">\n\t\t\t\t<div class=\"elementor-widget-container\">\n\t\t\t\t\t<h2 class=\"elementor-heading-title elementor-size-large\">Technical information<\/h2>\t\t\t\t<\/div>\n\t\t\t\t<\/div>\n\t\t\t\t<div class=\"elementor-element elementor-element-c87c095 elementor-widget elementor-widget-text-editor\" data-id=\"c87c095\" data-element_type=\"widget\" data-widget_type=\"text-editor.default\">\n\t\t\t\t<div class=\"elementor-widget-container\">\n\t\t\t\t\t\t\t\t\t<p>Format: 2D HD \u2013 1\u00d771\u2019<br \/>Genre: Comedy, Family<br \/>Target: Gradeschoolers &#8211; Tweens<br \/>Status: Completed<br \/>Production: <strong>KEDD Animation Studio, 2017<br \/><\/strong>Directed by <strong>Krist\u00f3f\u00a0 Jurik, <\/strong><strong>G\u00e9za M. T\u00f3th, Szabolcs P\u00e1lfi<br \/><\/strong>Script, design and character design:\u00a0<strong> Andr\u00e1s D\u00e1niel<br \/><\/strong>Storyteller: <strong>P\u00e9ter Scherer<br \/><\/strong>Produced by\u00a0<strong>G\u00e9za M. T\u00f3th<br \/><\/strong>Music by <strong>Bal\u00e1zs Alp\u00e1r<\/strong><br \/>Languages: Hungarian with English subtitles<\/p>\t\t\t\t\t\t\t\t<\/div>\n\t\t\t\t<\/div>\n\t\t\t\t\t<\/div>\n\t\t<\/div>\n\t\t\t\t\t<\/div>\n\t\t<\/section>\n\t\t\t\t<\/div>\n\t\t","protected":false},"excerpt":{"rendered":"<p>A mound in a meadow Crazy-lazy adventures Synopsis The movie reveals how the Kuflis spend World Hide and Seek Day, what they dress up as when they are invited to a New Year&#8217;s Eve costume party in the summer, what they do when flood waters wash them out of their home, and what happens when [&hellip;]<\/p>\n","protected":false},"author":2,"featured_media":0,"parent":0,"menu_order":0,"comment_status":"closed","ping_status":"closed","template":"","meta":{"footnotes":""},"class_list":["post-1048","page","type-page","status-publish","hentry"],"_links":{"self":[{"href":"https:\/\/www.keddstudio.com\/index.php\/wp-json\/wp\/v2\/pages\/1048","targetHints":{"allow":["GET"]}}],"collection":[{"href":"https:\/\/www.keddstudio.com\/index.php\/wp-json\/wp\/v2\/pages"}],"about":[{"href":"https:\/\/www.keddstudio.com\/index.php\/wp-json\/wp\/v2\/types\/page"}],"author":[{"embeddable":true,"href":"https:\/\/www.keddstudio.com\/index.php\/wp-json\/wp\/v2\/users\/2"}],"replies":[{"embeddable":true,"href":"https:\/\/www.keddstudio.com\/index.php\/wp-json\/wp\/v2\/comments?post=1048"}],"version-history":[{"count":4,"href":"https:\/\/www.keddstudio.com\/index.php\/wp-json\/wp\/v2\/pages\/1048\/revisions"}],"predecessor-version":[{"id":5662,"href":"https:\/\/www.keddstudio.com\/index.php\/wp-json\/wp\/v2\/pages\/1048\/revisions\/5662"}],"wp:attachment":[{"href":"https:\/\/www.keddstudio.com\/index.php\/wp-json\/wp\/v2\/media?parent=1048"}],"curies":[{"name":"wp","href":"https:\/\/api.w.org\/{rel}","templated":true}]}}