{"id":1044,"date":"2021-12-03T21:39:09","date_gmt":"2021-12-03T21:39:09","guid":{"rendered":"http:\/\/dev.keddstudio.com\/?page_id=1044"},"modified":"2025-09-11T09:10:33","modified_gmt":"2025-09-11T09:10:33","slug":"bogyo-es-baboca-3-jatszotarsak","status":"publish","type":"page","link":"https:\/\/www.keddstudio.com\/index.php\/bogyo-es-baboca-3-jatszotarsak\/","title":{"rendered":"Berry and Dolly 3 &#8211; Playmates"},"content":{"rendered":"\t\t<div data-elementor-type=\"wp-page\" data-elementor-id=\"1044\" class=\"elementor elementor-1044\" data-elementor-post-type=\"page\">\n\t\t\t\t\t\t<section class=\"elementor-section elementor-top-section elementor-element elementor-element-fc0f21f elementor-section-full_width elementor-section-height-default elementor-section-height-default\" data-id=\"fc0f21f\" data-element_type=\"section\">\n\t\t\t\t\t\t<div class=\"elementor-container elementor-column-gap-no\">\n\t\t\t\t\t<div class=\"elementor-column elementor-col-100 elementor-top-column elementor-element elementor-element-569ed20\" data-id=\"569ed20\" data-element_type=\"column\">\n\t\t\t<div class=\"elementor-widget-wrap elementor-element-populated\">\n\t\t\t\t\t\t<div class=\"elementor-element elementor-element-d0513ef elementor-widget elementor-widget-image\" data-id=\"d0513ef\" data-element_type=\"widget\" data-widget_type=\"image.default\">\n\t\t\t\t<div class=\"elementor-widget-container\">\n\t\t\t\t\t\t\t\t\t\t\t\t\t\t\t<img fetchpriority=\"high\" decoding=\"async\" width=\"1920\" height=\"550\" src=\"https:\/\/www.keddstudio.com\/wp-content\/uploads\/2025\/09\/BB3_HEADER_1920x550.jpg\" class=\"attachment-2048x2048 size-2048x2048 wp-image-6113\" alt=\"\" srcset=\"https:\/\/www.keddstudio.com\/wp-content\/uploads\/2025\/09\/BB3_HEADER_1920x550.jpg 1920w, https:\/\/www.keddstudio.com\/wp-content\/uploads\/2025\/09\/BB3_HEADER_1920x550-300x86.jpg 300w, https:\/\/www.keddstudio.com\/wp-content\/uploads\/2025\/09\/BB3_HEADER_1920x550-1024x293.jpg 1024w, https:\/\/www.keddstudio.com\/wp-content\/uploads\/2025\/09\/BB3_HEADER_1920x550-768x220.jpg 768w, https:\/\/www.keddstudio.com\/wp-content\/uploads\/2025\/09\/BB3_HEADER_1920x550-1536x440.jpg 1536w, https:\/\/www.keddstudio.com\/wp-content\/uploads\/2025\/09\/BB3_HEADER_1920x550-1170x335.jpg 1170w, https:\/\/www.keddstudio.com\/wp-content\/uploads\/2025\/09\/BB3_HEADER_1920x550-370x106.jpg 370w, https:\/\/www.keddstudio.com\/wp-content\/uploads\/2025\/09\/BB3_HEADER_1920x550-870x249.jpg 870w, https:\/\/www.keddstudio.com\/wp-content\/uploads\/2025\/09\/BB3_HEADER_1920x550-390x112.jpg 390w\" sizes=\"(max-width: 1920px) 100vw, 1920px\" \/>\t\t\t\t\t\t\t\t\t\t\t\t\t\t\t<\/div>\n\t\t\t\t<\/div>\n\t\t\t\t<div class=\"elementor-element elementor-element-a690124 elementor-widget elementor-widget-heading\" data-id=\"a690124\" data-element_type=\"widget\" data-widget_type=\"heading.default\">\n\t\t\t\t<div class=\"elementor-widget-container\">\n\t\t\t\t\t<h2 class=\"elementor-heading-title elementor-size-xl\">Berry and Dolly 3 - Playmates<\/h2>\t\t\t\t<\/div>\n\t\t\t\t<\/div>\n\t\t\t\t<div class=\"elementor-element elementor-element-f14dcf0 elementor-widget elementor-widget-heading\" data-id=\"f14dcf0\" data-element_type=\"widget\" data-widget_type=\"heading.default\">\n\t\t\t\t<div class=\"elementor-widget-container\">\n\t\t\t\t\t<h2 class=\"elementor-heading-title elementor-size-large\">We all belong together<\/h2>\t\t\t\t<\/div>\n\t\t\t\t<\/div>\n\t\t\t\t\t<\/div>\n\t\t<\/div>\n\t\t\t\t\t<\/div>\n\t\t<\/section>\n\t\t\t\t<section class=\"elementor-section elementor-top-section elementor-element elementor-element-53804ec elementor-section-full_width elementor-section-height-default elementor-section-height-default\" data-id=\"53804ec\" data-element_type=\"section\">\n\t\t\t\t\t\t<div class=\"elementor-container elementor-column-gap-default\">\n\t\t\t\t\t<div class=\"elementor-column elementor-col-33 elementor-top-column elementor-element elementor-element-f897f8d\" data-id=\"f897f8d\" data-element_type=\"column\">\n\t\t\t<div class=\"elementor-widget-wrap elementor-element-populated\">\n\t\t\t\t\t\t<div class=\"elementor-element elementor-element-701c53b elementor-widget elementor-widget-image\" data-id=\"701c53b\" data-element_type=\"widget\" data-widget_type=\"image.default\">\n\t\t\t\t<div class=\"elementor-widget-container\">\n\t\t\t\t\t\t\t\t\t\t\t\t\t\t\t<img decoding=\"async\" width=\"625\" height=\"352\" src=\"https:\/\/www.keddstudio.com\/wp-content\/uploads\/2023\/09\/BB_PLAYMATES_1.jpg\" class=\"attachment-large size-large wp-image-4142\" alt=\"\" srcset=\"https:\/\/www.keddstudio.com\/wp-content\/uploads\/2023\/09\/BB_PLAYMATES_1.jpg 625w, https:\/\/www.keddstudio.com\/wp-content\/uploads\/2023\/09\/BB_PLAYMATES_1-300x170.jpg 300w, https:\/\/www.keddstudio.com\/wp-content\/uploads\/2023\/09\/BB_PLAYMATES_1-370x208.jpg 370w, https:\/\/www.keddstudio.com\/wp-content\/uploads\/2023\/09\/BB_PLAYMATES_1-390x220.jpg 390w\" sizes=\"(max-width: 625px) 100vw, 625px\" \/>\t\t\t\t\t\t\t\t\t\t\t\t\t\t\t<\/div>\n\t\t\t\t<\/div>\n\t\t\t\t\t<\/div>\n\t\t<\/div>\n\t\t\t\t<div class=\"elementor-column elementor-col-33 elementor-top-column elementor-element elementor-element-6a4169c\" data-id=\"6a4169c\" data-element_type=\"column\">\n\t\t\t<div class=\"elementor-widget-wrap elementor-element-populated\">\n\t\t\t\t\t\t<div class=\"elementor-element elementor-element-a63d7d7 elementor-widget elementor-widget-video\" data-id=\"a63d7d7\" data-element_type=\"widget\" data-settings=\"{&quot;video_type&quot;:&quot;vimeo&quot;}\" data-widget_type=\"video.default\">\n\t\t\t\t<div class=\"elementor-widget-container\">\n\t\t\t\t\t\t\t<div class=\"elementor-wrapper elementor-open-inline\">\n\t\t\t<iframe class=\"elementor-video-iframe\" allowfullscreen allow=\"clipboard-write\" title=\"vimeo vide\u00f3 lej\u00e1tsz\u00f3\" src=\"https:\/\/player.vimeo.com\/video\/990570160?color&amp;autopause=0&amp;loop=0&amp;muted=0&amp;title=1&amp;portrait=1&amp;byline=1#t=\"><\/iframe>\t\t<\/div>\n\t\t\t\t\t\t<\/div>\n\t\t\t\t<\/div>\n\t\t\t\t\t<\/div>\n\t\t<\/div>\n\t\t\t\t<div class=\"elementor-column elementor-col-33 elementor-top-column elementor-element elementor-element-77a3fb7\" data-id=\"77a3fb7\" data-element_type=\"column\">\n\t\t\t<div class=\"elementor-widget-wrap elementor-element-populated\">\n\t\t\t\t\t\t<div class=\"elementor-element elementor-element-451d252 elementor-widget elementor-widget-image\" data-id=\"451d252\" data-element_type=\"widget\" data-widget_type=\"image.default\">\n\t\t\t\t<div class=\"elementor-widget-container\">\n\t\t\t\t\t\t\t\t\t\t\t\t\t\t\t<img decoding=\"async\" width=\"1024\" height=\"576\" src=\"https:\/\/www.keddstudio.com\/wp-content\/uploads\/2025\/09\/BOGYO_ES_BABOCA_S03E11_Gombocok_THUMB-1-1024x576.jpg\" class=\"attachment-large size-large wp-image-5987\" alt=\"\" srcset=\"https:\/\/www.keddstudio.com\/wp-content\/uploads\/2025\/09\/BOGYO_ES_BABOCA_S03E11_Gombocok_THUMB-1-1024x576.jpg 1024w, https:\/\/www.keddstudio.com\/wp-content\/uploads\/2025\/09\/BOGYO_ES_BABOCA_S03E11_Gombocok_THUMB-1-300x170.jpg 300w, https:\/\/www.keddstudio.com\/wp-content\/uploads\/2025\/09\/BOGYO_ES_BABOCA_S03E11_Gombocok_THUMB-1-768x432.jpg 768w, https:\/\/www.keddstudio.com\/wp-content\/uploads\/2025\/09\/BOGYO_ES_BABOCA_S03E11_Gombocok_THUMB-1-1536x864.jpg 1536w, https:\/\/www.keddstudio.com\/wp-content\/uploads\/2025\/09\/BOGYO_ES_BABOCA_S03E11_Gombocok_THUMB-1-1170x659.jpg 1170w, https:\/\/www.keddstudio.com\/wp-content\/uploads\/2025\/09\/BOGYO_ES_BABOCA_S03E11_Gombocok_THUMB-1-370x208.jpg 370w, https:\/\/www.keddstudio.com\/wp-content\/uploads\/2025\/09\/BOGYO_ES_BABOCA_S03E11_Gombocok_THUMB-1-870x490.jpg 870w, https:\/\/www.keddstudio.com\/wp-content\/uploads\/2025\/09\/BOGYO_ES_BABOCA_S03E11_Gombocok_THUMB-1-390x220.jpg 390w, https:\/\/www.keddstudio.com\/wp-content\/uploads\/2025\/09\/BOGYO_ES_BABOCA_S03E11_Gombocok_THUMB-1.jpg 1920w\" sizes=\"(max-width: 1024px) 100vw, 1024px\" \/>\t\t\t\t\t\t\t\t\t\t\t\t\t\t\t<\/div>\n\t\t\t\t<\/div>\n\t\t\t\t\t<\/div>\n\t\t<\/div>\n\t\t\t\t\t<\/div>\n\t\t<\/section>\n\t\t\t\t<section class=\"elementor-section elementor-top-section elementor-element elementor-element-3628e73 elementor-section-boxed elementor-section-height-default elementor-section-height-default\" data-id=\"3628e73\" data-element_type=\"section\">\n\t\t\t\t\t\t<div class=\"elementor-container elementor-column-gap-default\">\n\t\t\t\t\t<div class=\"elementor-column elementor-col-100 elementor-top-column elementor-element elementor-element-bcf5e2c\" data-id=\"bcf5e2c\" data-element_type=\"column\">\n\t\t\t<div class=\"elementor-widget-wrap elementor-element-populated\">\n\t\t\t\t\t\t<div class=\"elementor-element elementor-element-91ebee3 elementor-widget elementor-widget-spacer\" data-id=\"91ebee3\" data-element_type=\"widget\" data-widget_type=\"spacer.default\">\n\t\t\t\t<div class=\"elementor-widget-container\">\n\t\t\t\t\t\t\t<div class=\"elementor-spacer\">\n\t\t\t<div class=\"elementor-spacer-inner\"><\/div>\n\t\t<\/div>\n\t\t\t\t\t\t<\/div>\n\t\t\t\t<\/div>\n\t\t\t\t\t<\/div>\n\t\t<\/div>\n\t\t\t\t\t<\/div>\n\t\t<\/section>\n\t\t\t\t<section class=\"elementor-section elementor-top-section elementor-element elementor-element-80216ef elementor-section-boxed elementor-section-height-default elementor-section-height-default\" data-id=\"80216ef\" data-element_type=\"section\">\n\t\t\t\t\t\t\t<div class=\"elementor-background-overlay\"><\/div>\n\t\t\t\t\t\t\t<div class=\"elementor-container elementor-column-gap-default\">\n\t\t\t\t\t<div class=\"elementor-column elementor-col-50 elementor-top-column elementor-element elementor-element-0d39fa2\" data-id=\"0d39fa2\" data-element_type=\"column\">\n\t\t\t<div class=\"elementor-widget-wrap elementor-element-populated\">\n\t\t\t\t\t\t<div class=\"elementor-element elementor-element-82955a1 e-transform elementor-widget elementor-widget-image\" data-id=\"82955a1\" data-element_type=\"widget\" data-settings=\"{&quot;_transform_scale_effect&quot;:{&quot;unit&quot;:&quot;px&quot;,&quot;size&quot;:1.02,&quot;sizes&quot;:[]},&quot;_transform_scale_effect_tablet&quot;:{&quot;unit&quot;:&quot;px&quot;,&quot;size&quot;:&quot;&quot;,&quot;sizes&quot;:[]},&quot;_transform_scale_effect_mobile&quot;:{&quot;unit&quot;:&quot;px&quot;,&quot;size&quot;:&quot;&quot;,&quot;sizes&quot;:[]}}\" data-widget_type=\"image.default\">\n\t\t\t\t<div class=\"elementor-widget-container\">\n\t\t\t\t\t\t\t\t\t\t\t\t\t\t\t<img loading=\"lazy\" decoding=\"async\" width=\"1024\" height=\"1024\" src=\"https:\/\/www.keddstudio.com\/wp-content\/uploads\/2025\/09\/BB3_mozi_technical_PNG-1024x1024.png\" class=\"attachment-large size-large wp-image-5988\" alt=\"\" srcset=\"https:\/\/www.keddstudio.com\/wp-content\/uploads\/2025\/09\/BB3_mozi_technical_PNG-1024x1024.png 1024w, https:\/\/www.keddstudio.com\/wp-content\/uploads\/2025\/09\/BB3_mozi_technical_PNG-300x300.png 300w, https:\/\/www.keddstudio.com\/wp-content\/uploads\/2025\/09\/BB3_mozi_technical_PNG-150x150.png 150w, https:\/\/www.keddstudio.com\/wp-content\/uploads\/2025\/09\/BB3_mozi_technical_PNG-768x768.png 768w, https:\/\/www.keddstudio.com\/wp-content\/uploads\/2025\/09\/BB3_mozi_technical_PNG-370x370.png 370w, https:\/\/www.keddstudio.com\/wp-content\/uploads\/2025\/09\/BB3_mozi_technical_PNG-870x870.png 870w, https:\/\/www.keddstudio.com\/wp-content\/uploads\/2025\/09\/BB3_mozi_technical_PNG-390x390.png 390w, https:\/\/www.keddstudio.com\/wp-content\/uploads\/2025\/09\/BB3_mozi_technical_PNG-75x75.png 75w, https:\/\/www.keddstudio.com\/wp-content\/uploads\/2025\/09\/BB3_mozi_technical_PNG.png 1080w\" sizes=\"(max-width: 1024px) 100vw, 1024px\" \/>\t\t\t\t\t\t\t\t\t\t\t\t\t\t\t<\/div>\n\t\t\t\t<\/div>\n\t\t\t\t\t<\/div>\n\t\t<\/div>\n\t\t\t\t<div class=\"elementor-column elementor-col-50 elementor-top-column elementor-element elementor-element-51c267b\" data-id=\"51c267b\" data-element_type=\"column\">\n\t\t\t<div class=\"elementor-widget-wrap elementor-element-populated\">\n\t\t\t\t\t\t<div class=\"elementor-element elementor-element-3afd57d elementor-widget elementor-widget-heading\" data-id=\"3afd57d\" data-element_type=\"widget\" data-widget_type=\"heading.default\">\n\t\t\t\t<div class=\"elementor-widget-container\">\n\t\t\t\t\t<h2 class=\"elementor-heading-title elementor-size-large\">Synopsis<\/h2>\t\t\t\t<\/div>\n\t\t\t\t<\/div>\n\t\t\t\t<div class=\"elementor-element elementor-element-e34dd31 elementor-widget elementor-widget-text-editor\" data-id=\"e34dd31\" data-element_type=\"widget\" data-widget_type=\"text-editor.default\">\n\t\t\t\t<div class=\"elementor-widget-container\">\n\t\t\t\t\t\t\t\t\t<p>Berry and Dolly try out different games with their friends: puppeteering, playing football, board games or painting eggs. The stories focus on values such as helpfulness, altruism and sportsmanship.<\/p>\t\t\t\t\t\t\t\t<\/div>\n\t\t\t\t<\/div>\n\t\t\t\t<div class=\"elementor-element elementor-element-0b60cfa elementor-widget elementor-widget-heading\" data-id=\"0b60cfa\" data-element_type=\"widget\" data-widget_type=\"heading.default\">\n\t\t\t\t<div class=\"elementor-widget-container\">\n\t\t\t\t\t<h2 class=\"elementor-heading-title elementor-size-large\">Technical information<\/h2>\t\t\t\t<\/div>\n\t\t\t\t<\/div>\n\t\t\t\t<div class=\"elementor-element elementor-element-d3a0687 elementor-widget elementor-widget-text-editor\" data-id=\"d3a0687\" data-element_type=\"widget\" data-widget_type=\"text-editor.default\">\n\t\t\t\t<div class=\"elementor-widget-container\">\n\t\t\t\t\t\t\t\t\t<p>Format:\u00a0<strong>Full HD 1080p<\/strong><br \/>Full Length Of the Series:\u00a0<strong>2D HD &#8211; 1&#215;70&#8242;<\/strong><br \/>Genre:\u00a0<strong>Edutainment<br \/><\/strong>Target Age:\u00a0<strong>Preschooler<\/strong><br \/>Status:\u00a0<strong>Completed<\/strong><br \/>Production:\u00a0<strong>KEDD Animation Studio, 2014<br \/><\/strong>Directed by\u00a0<strong>Antonin Krizsanics, G\u00e9za M. T\u00f3th,<br \/><\/strong>Script, design and character design:\u00a0<strong>\u00a0Erika Bartos<\/strong><br \/>Storyteller in Hungarian version:\u00a0<strong>Judit Pog\u00e1ny<br \/><\/strong>Produced by\u00a0<strong>G\u00e9za M. T\u00f3th<br \/><\/strong>Music by\u00a0<strong>Tibor Szab\u00f3<\/strong><strong><br \/><\/strong>Languages:\u00a0<strong>Hungarian, English, Russian, Hebrew, Arabic, Polish, Portuguese, Romanian, Serbian, Slovenian, Czech, Lithuanian, Slovakian<\/strong><\/p>\t\t\t\t\t\t\t\t<\/div>\n\t\t\t\t<\/div>\n\t\t\t\t\t<\/div>\n\t\t<\/div>\n\t\t\t\t\t<\/div>\n\t\t<\/section>\n\t\t\t\t<\/div>\n\t\t","protected":false},"excerpt":{"rendered":"<p>Berry and Dolly 3 &#8211; Playmates We all belong together Synopsis Berry and Dolly try out different games with their friends: puppeteering, playing football, board games or painting eggs. The stories focus on values such as helpfulness, altruism and sportsmanship. Technical information Format:\u00a0Full HD 1080pFull Length Of the Series:\u00a02D HD &#8211; 1&#215;70&#8242;Genre:\u00a0EdutainmentTarget Age:\u00a0PreschoolerStatus:\u00a0CompletedProduction:\u00a0KEDD Animation Studio, [&hellip;]<\/p>\n","protected":false},"author":2,"featured_media":0,"parent":0,"menu_order":0,"comment_status":"closed","ping_status":"closed","template":"","meta":{"footnotes":""},"class_list":["post-1044","page","type-page","status-publish","hentry"],"_links":{"self":[{"href":"https:\/\/www.keddstudio.com\/index.php\/wp-json\/wp\/v2\/pages\/1044","targetHints":{"allow":["GET"]}}],"collection":[{"href":"https:\/\/www.keddstudio.com\/index.php\/wp-json\/wp\/v2\/pages"}],"about":[{"href":"https:\/\/www.keddstudio.com\/index.php\/wp-json\/wp\/v2\/types\/page"}],"author":[{"embeddable":true,"href":"https:\/\/www.keddstudio.com\/index.php\/wp-json\/wp\/v2\/users\/2"}],"replies":[{"embeddable":true,"href":"https:\/\/www.keddstudio.com\/index.php\/wp-json\/wp\/v2\/comments?post=1044"}],"version-history":[{"count":27,"href":"https:\/\/www.keddstudio.com\/index.php\/wp-json\/wp\/v2\/pages\/1044\/revisions"}],"predecessor-version":[{"id":6129,"href":"https:\/\/www.keddstudio.com\/index.php\/wp-json\/wp\/v2\/pages\/1044\/revisions\/6129"}],"wp:attachment":[{"href":"https:\/\/www.keddstudio.com\/index.php\/wp-json\/wp\/v2\/media?parent=1044"}],"curies":[{"name":"wp","href":"https:\/\/api.w.org\/{rel}","templated":true}]}}