{"id":1042,"date":"2021-12-03T21:38:43","date_gmt":"2021-12-03T21:38:43","guid":{"rendered":"http:\/\/dev.keddstudio.com\/?page_id=1042"},"modified":"2025-09-11T09:09:59","modified_gmt":"2025-09-11T09:09:59","slug":"bogyo-es-baboca-2-13-uj-mese","status":"publish","type":"page","link":"https:\/\/www.keddstudio.com\/index.php\/bogyo-es-baboca-2-13-uj-mese\/","title":{"rendered":"Berry and Dolly 2 &#8211; Gingerbread"},"content":{"rendered":"\t\t<div data-elementor-type=\"wp-page\" data-elementor-id=\"1042\" class=\"elementor elementor-1042\" data-elementor-post-type=\"page\">\n\t\t\t\t\t\t<section class=\"elementor-section elementor-top-section elementor-element elementor-element-26401fb elementor-section-full_width elementor-section-height-default elementor-section-height-default\" data-id=\"26401fb\" data-element_type=\"section\">\n\t\t\t\t\t\t<div class=\"elementor-container elementor-column-gap-no\">\n\t\t\t\t\t<div class=\"elementor-column elementor-col-100 elementor-top-column elementor-element elementor-element-f1bf60b\" data-id=\"f1bf60b\" data-element_type=\"column\">\n\t\t\t<div class=\"elementor-widget-wrap elementor-element-populated\">\n\t\t\t\t\t\t<div class=\"elementor-element elementor-element-32ff35c elementor-widget elementor-widget-image\" data-id=\"32ff35c\" data-element_type=\"widget\" data-widget_type=\"image.default\">\n\t\t\t\t<div class=\"elementor-widget-container\">\n\t\t\t\t\t\t\t\t\t\t\t\t\t\t\t<img fetchpriority=\"high\" decoding=\"async\" width=\"1920\" height=\"550\" src=\"https:\/\/www.keddstudio.com\/wp-content\/uploads\/2025\/09\/BB2_HEADER_1920x550.jpg\" class=\"attachment-2048x2048 size-2048x2048 wp-image-6117\" alt=\"\" srcset=\"https:\/\/www.keddstudio.com\/wp-content\/uploads\/2025\/09\/BB2_HEADER_1920x550.jpg 1920w, https:\/\/www.keddstudio.com\/wp-content\/uploads\/2025\/09\/BB2_HEADER_1920x550-300x86.jpg 300w, https:\/\/www.keddstudio.com\/wp-content\/uploads\/2025\/09\/BB2_HEADER_1920x550-1024x293.jpg 1024w, https:\/\/www.keddstudio.com\/wp-content\/uploads\/2025\/09\/BB2_HEADER_1920x550-768x220.jpg 768w, https:\/\/www.keddstudio.com\/wp-content\/uploads\/2025\/09\/BB2_HEADER_1920x550-1536x440.jpg 1536w, https:\/\/www.keddstudio.com\/wp-content\/uploads\/2025\/09\/BB2_HEADER_1920x550-1170x335.jpg 1170w, https:\/\/www.keddstudio.com\/wp-content\/uploads\/2025\/09\/BB2_HEADER_1920x550-370x106.jpg 370w, https:\/\/www.keddstudio.com\/wp-content\/uploads\/2025\/09\/BB2_HEADER_1920x550-870x249.jpg 870w, https:\/\/www.keddstudio.com\/wp-content\/uploads\/2025\/09\/BB2_HEADER_1920x550-390x112.jpg 390w\" sizes=\"(max-width: 1920px) 100vw, 1920px\" \/>\t\t\t\t\t\t\t\t\t\t\t\t\t\t\t<\/div>\n\t\t\t\t<\/div>\n\t\t\t\t<div class=\"elementor-element elementor-element-2abb35d elementor-widget elementor-widget-heading\" data-id=\"2abb35d\" data-element_type=\"widget\" data-widget_type=\"heading.default\">\n\t\t\t\t<div class=\"elementor-widget-container\">\n\t\t\t\t\t<h2 class=\"elementor-heading-title elementor-size-xl\">Berry and Dolly 2 - Gingerbread<\/h2>\t\t\t\t<\/div>\n\t\t\t\t<\/div>\n\t\t\t\t<div class=\"elementor-element elementor-element-700406d elementor-widget elementor-widget-heading\" data-id=\"700406d\" data-element_type=\"widget\" data-widget_type=\"heading.default\">\n\t\t\t\t<div class=\"elementor-widget-container\">\n\t\t\t\t\t<h2 class=\"elementor-heading-title elementor-size-large\">We all belong together<\/h2>\t\t\t\t<\/div>\n\t\t\t\t<\/div>\n\t\t\t\t\t<\/div>\n\t\t<\/div>\n\t\t\t\t\t<\/div>\n\t\t<\/section>\n\t\t\t\t<section class=\"elementor-section elementor-top-section elementor-element elementor-element-cb845c8 elementor-section-full_width elementor-section-height-default elementor-section-height-default\" data-id=\"cb845c8\" data-element_type=\"section\">\n\t\t\t\t\t\t<div class=\"elementor-container elementor-column-gap-default\">\n\t\t\t\t\t<div class=\"elementor-column elementor-col-33 elementor-top-column elementor-element elementor-element-98d3175\" data-id=\"98d3175\" data-element_type=\"column\">\n\t\t\t<div class=\"elementor-widget-wrap elementor-element-populated\">\n\t\t\t\t\t\t<div class=\"elementor-element elementor-element-aea3dbf elementor-widget elementor-widget-image\" data-id=\"aea3dbf\" data-element_type=\"widget\" data-widget_type=\"image.default\">\n\t\t\t\t<div class=\"elementor-widget-container\">\n\t\t\t\t\t\t\t\t\t\t\t\t\t\t\t<img decoding=\"async\" width=\"1024\" height=\"576\" src=\"https:\/\/www.keddstudio.com\/wp-content\/uploads\/2025\/09\/BOGYO_ES_BABOCA_S02E01_A_sarga_katica_THUMB-1024x576.jpg\" class=\"attachment-large size-large wp-image-5967\" alt=\"\" srcset=\"https:\/\/www.keddstudio.com\/wp-content\/uploads\/2025\/09\/BOGYO_ES_BABOCA_S02E01_A_sarga_katica_THUMB-1024x576.jpg 1024w, https:\/\/www.keddstudio.com\/wp-content\/uploads\/2025\/09\/BOGYO_ES_BABOCA_S02E01_A_sarga_katica_THUMB-300x170.jpg 300w, https:\/\/www.keddstudio.com\/wp-content\/uploads\/2025\/09\/BOGYO_ES_BABOCA_S02E01_A_sarga_katica_THUMB-768x432.jpg 768w, https:\/\/www.keddstudio.com\/wp-content\/uploads\/2025\/09\/BOGYO_ES_BABOCA_S02E01_A_sarga_katica_THUMB-1536x864.jpg 1536w, https:\/\/www.keddstudio.com\/wp-content\/uploads\/2025\/09\/BOGYO_ES_BABOCA_S02E01_A_sarga_katica_THUMB-1170x659.jpg 1170w, https:\/\/www.keddstudio.com\/wp-content\/uploads\/2025\/09\/BOGYO_ES_BABOCA_S02E01_A_sarga_katica_THUMB-370x208.jpg 370w, https:\/\/www.keddstudio.com\/wp-content\/uploads\/2025\/09\/BOGYO_ES_BABOCA_S02E01_A_sarga_katica_THUMB-870x490.jpg 870w, https:\/\/www.keddstudio.com\/wp-content\/uploads\/2025\/09\/BOGYO_ES_BABOCA_S02E01_A_sarga_katica_THUMB-390x220.jpg 390w, https:\/\/www.keddstudio.com\/wp-content\/uploads\/2025\/09\/BOGYO_ES_BABOCA_S02E01_A_sarga_katica_THUMB.jpg 1920w\" sizes=\"(max-width: 1024px) 100vw, 1024px\" \/>\t\t\t\t\t\t\t\t\t\t\t\t\t\t\t<\/div>\n\t\t\t\t<\/div>\n\t\t\t\t\t<\/div>\n\t\t<\/div>\n\t\t\t\t<div class=\"elementor-column elementor-col-33 elementor-top-column elementor-element elementor-element-e7fbada\" data-id=\"e7fbada\" data-element_type=\"column\">\n\t\t\t<div class=\"elementor-widget-wrap elementor-element-populated\">\n\t\t\t\t\t\t<div class=\"elementor-element elementor-element-8b57d78 elementor-widget elementor-widget-video\" data-id=\"8b57d78\" data-element_type=\"widget\" data-settings=\"{&quot;video_type&quot;:&quot;vimeo&quot;}\" data-widget_type=\"video.default\">\n\t\t\t\t<div class=\"elementor-widget-container\">\n\t\t\t\t\t\t\t<div class=\"elementor-wrapper elementor-open-inline\">\n\t\t\t<iframe class=\"elementor-video-iframe\" allowfullscreen allow=\"clipboard-write\" title=\"vimeo vide\u00f3 lej\u00e1tsz\u00f3\" src=\"https:\/\/player.vimeo.com\/video\/990569827?color&amp;autopause=0&amp;loop=0&amp;muted=0&amp;title=1&amp;portrait=1&amp;byline=1#t=\"><\/iframe>\t\t<\/div>\n\t\t\t\t\t\t<\/div>\n\t\t\t\t<\/div>\n\t\t\t\t\t<\/div>\n\t\t<\/div>\n\t\t\t\t<div class=\"elementor-column elementor-col-33 elementor-top-column elementor-element elementor-element-ee85dd0\" data-id=\"ee85dd0\" data-element_type=\"column\">\n\t\t\t<div class=\"elementor-widget-wrap elementor-element-populated\">\n\t\t\t\t\t\t<div class=\"elementor-element elementor-element-cd8e435 elementor-widget elementor-widget-image\" data-id=\"cd8e435\" data-element_type=\"widget\" data-widget_type=\"image.default\">\n\t\t\t\t<div class=\"elementor-widget-container\">\n\t\t\t\t\t\t\t\t\t\t\t\t\t\t\t<img decoding=\"async\" width=\"1024\" height=\"576\" src=\"https:\/\/www.keddstudio.com\/wp-content\/uploads\/2025\/09\/BOGYO_ES_BABOCA_S02E09_A_Kanarifiokak_THUMB-1024x576.jpg\" class=\"attachment-large size-large wp-image-5966\" alt=\"\" srcset=\"https:\/\/www.keddstudio.com\/wp-content\/uploads\/2025\/09\/BOGYO_ES_BABOCA_S02E09_A_Kanarifiokak_THUMB-1024x576.jpg 1024w, https:\/\/www.keddstudio.com\/wp-content\/uploads\/2025\/09\/BOGYO_ES_BABOCA_S02E09_A_Kanarifiokak_THUMB-300x170.jpg 300w, https:\/\/www.keddstudio.com\/wp-content\/uploads\/2025\/09\/BOGYO_ES_BABOCA_S02E09_A_Kanarifiokak_THUMB-768x432.jpg 768w, https:\/\/www.keddstudio.com\/wp-content\/uploads\/2025\/09\/BOGYO_ES_BABOCA_S02E09_A_Kanarifiokak_THUMB-1536x864.jpg 1536w, https:\/\/www.keddstudio.com\/wp-content\/uploads\/2025\/09\/BOGYO_ES_BABOCA_S02E09_A_Kanarifiokak_THUMB-1170x659.jpg 1170w, https:\/\/www.keddstudio.com\/wp-content\/uploads\/2025\/09\/BOGYO_ES_BABOCA_S02E09_A_Kanarifiokak_THUMB-370x208.jpg 370w, https:\/\/www.keddstudio.com\/wp-content\/uploads\/2025\/09\/BOGYO_ES_BABOCA_S02E09_A_Kanarifiokak_THUMB-870x490.jpg 870w, https:\/\/www.keddstudio.com\/wp-content\/uploads\/2025\/09\/BOGYO_ES_BABOCA_S02E09_A_Kanarifiokak_THUMB-390x220.jpg 390w, https:\/\/www.keddstudio.com\/wp-content\/uploads\/2025\/09\/BOGYO_ES_BABOCA_S02E09_A_Kanarifiokak_THUMB.jpg 1920w\" sizes=\"(max-width: 1024px) 100vw, 1024px\" \/>\t\t\t\t\t\t\t\t\t\t\t\t\t\t\t<\/div>\n\t\t\t\t<\/div>\n\t\t\t\t\t<\/div>\n\t\t<\/div>\n\t\t\t\t\t<\/div>\n\t\t<\/section>\n\t\t\t\t<section class=\"elementor-section elementor-top-section elementor-element elementor-element-fdcf308 elementor-section-boxed elementor-section-height-default elementor-section-height-default\" data-id=\"fdcf308\" data-element_type=\"section\">\n\t\t\t\t\t\t<div class=\"elementor-container elementor-column-gap-default\">\n\t\t\t\t\t<div class=\"elementor-column elementor-col-100 elementor-top-column elementor-element elementor-element-97e2ab2\" data-id=\"97e2ab2\" data-element_type=\"column\">\n\t\t\t<div class=\"elementor-widget-wrap elementor-element-populated\">\n\t\t\t\t\t\t<div class=\"elementor-element elementor-element-63c1c9c elementor-widget elementor-widget-spacer\" data-id=\"63c1c9c\" data-element_type=\"widget\" data-widget_type=\"spacer.default\">\n\t\t\t\t<div class=\"elementor-widget-container\">\n\t\t\t\t\t\t\t<div class=\"elementor-spacer\">\n\t\t\t<div class=\"elementor-spacer-inner\"><\/div>\n\t\t<\/div>\n\t\t\t\t\t\t<\/div>\n\t\t\t\t<\/div>\n\t\t\t\t\t<\/div>\n\t\t<\/div>\n\t\t\t\t\t<\/div>\n\t\t<\/section>\n\t\t\t\t<section class=\"elementor-section elementor-top-section elementor-element elementor-element-74b9c9b elementor-section-boxed elementor-section-height-default elementor-section-height-default\" data-id=\"74b9c9b\" data-element_type=\"section\">\n\t\t\t\t\t\t\t<div class=\"elementor-background-overlay\"><\/div>\n\t\t\t\t\t\t\t<div class=\"elementor-container elementor-column-gap-default\">\n\t\t\t\t\t<div class=\"elementor-column elementor-col-50 elementor-top-column elementor-element elementor-element-7756aba\" data-id=\"7756aba\" data-element_type=\"column\">\n\t\t\t<div class=\"elementor-widget-wrap elementor-element-populated\">\n\t\t\t\t\t\t<div class=\"elementor-element elementor-element-20ad484 elementor-widget elementor-widget-image\" data-id=\"20ad484\" data-element_type=\"widget\" data-widget_type=\"image.default\">\n\t\t\t\t<div class=\"elementor-widget-container\">\n\t\t\t\t\t\t\t\t\t\t\t\t\t\t\t<img loading=\"lazy\" decoding=\"async\" width=\"1024\" height=\"1024\" src=\"https:\/\/www.keddstudio.com\/wp-content\/uploads\/2025\/09\/BB2_mozi_technical_PNG-1-1024x1024.png\" class=\"attachment-large size-large wp-image-5970\" alt=\"\" srcset=\"https:\/\/www.keddstudio.com\/wp-content\/uploads\/2025\/09\/BB2_mozi_technical_PNG-1-1024x1024.png 1024w, https:\/\/www.keddstudio.com\/wp-content\/uploads\/2025\/09\/BB2_mozi_technical_PNG-1-300x300.png 300w, https:\/\/www.keddstudio.com\/wp-content\/uploads\/2025\/09\/BB2_mozi_technical_PNG-1-150x150.png 150w, https:\/\/www.keddstudio.com\/wp-content\/uploads\/2025\/09\/BB2_mozi_technical_PNG-1-768x768.png 768w, https:\/\/www.keddstudio.com\/wp-content\/uploads\/2025\/09\/BB2_mozi_technical_PNG-1-370x370.png 370w, https:\/\/www.keddstudio.com\/wp-content\/uploads\/2025\/09\/BB2_mozi_technical_PNG-1-870x870.png 870w, https:\/\/www.keddstudio.com\/wp-content\/uploads\/2025\/09\/BB2_mozi_technical_PNG-1-390x390.png 390w, https:\/\/www.keddstudio.com\/wp-content\/uploads\/2025\/09\/BB2_mozi_technical_PNG-1-75x75.png 75w, https:\/\/www.keddstudio.com\/wp-content\/uploads\/2025\/09\/BB2_mozi_technical_PNG-1.png 1080w\" sizes=\"(max-width: 1024px) 100vw, 1024px\" \/>\t\t\t\t\t\t\t\t\t\t\t\t\t\t\t<\/div>\n\t\t\t\t<\/div>\n\t\t\t\t\t<\/div>\n\t\t<\/div>\n\t\t\t\t<div class=\"elementor-column elementor-col-50 elementor-top-column elementor-element elementor-element-83d9fda\" data-id=\"83d9fda\" data-element_type=\"column\">\n\t\t\t<div class=\"elementor-widget-wrap elementor-element-populated\">\n\t\t\t\t\t\t<div class=\"elementor-element elementor-element-cc81d8d elementor-widget elementor-widget-heading\" data-id=\"cc81d8d\" data-element_type=\"widget\" data-widget_type=\"heading.default\">\n\t\t\t\t<div class=\"elementor-widget-container\">\n\t\t\t\t\t<h2 class=\"elementor-heading-title elementor-size-large\">Synopsis<\/h2>\t\t\t\t<\/div>\n\t\t\t\t<\/div>\n\t\t\t\t<div class=\"elementor-element elementor-element-2de0cac elementor-widget elementor-widget-text-editor\" data-id=\"2de0cac\" data-element_type=\"widget\" data-widget_type=\"text-editor.default\">\n\t\t\t\t<div class=\"elementor-widget-container\">\n\t\t\t\t\t\t\t\t\t<p>This time, Berry and Dolly will travel through forests, fields and waters, and even conquer the skies in a balloon.<\/p>\t\t\t\t\t\t\t\t<\/div>\n\t\t\t\t<\/div>\n\t\t\t\t<div class=\"elementor-element elementor-element-74e6272 elementor-widget elementor-widget-heading\" data-id=\"74e6272\" data-element_type=\"widget\" data-widget_type=\"heading.default\">\n\t\t\t\t<div class=\"elementor-widget-container\">\n\t\t\t\t\t<h2 class=\"elementor-heading-title elementor-size-large\">Technical information<\/h2>\t\t\t\t<\/div>\n\t\t\t\t<\/div>\n\t\t\t\t<div class=\"elementor-element elementor-element-44b1143 elementor-widget elementor-widget-text-editor\" data-id=\"44b1143\" data-element_type=\"widget\" data-widget_type=\"text-editor.default\">\n\t\t\t\t<div class=\"elementor-widget-container\">\n\t\t\t\t\t\t\t\t\t<p>Format: <strong>2D HD &#8211; 1&#215;70\u2019<\/strong><br \/>Genre: <strong>Edutainment<\/strong><br \/>Target:\u00a0 <strong>Preschool<\/strong><br \/>Status: <strong>Completed<\/strong><br \/>Production: <strong>KEDD Animation Studio, 2012<br \/><\/strong>Directed by <strong>Antonin Krizsanics, G\u00e9za M. T\u00f3th,<br \/><\/strong>Script, design and character design:<strong>\u00a0Erika Bartos<br \/><\/strong>Storyteller in Hungarian version:<strong>Judit Pog\u00e1ny<br \/><\/strong>Produced by <strong>G\u00e9za M. T\u00f3th<br \/><\/strong>Music by <strong>Alma Band<br \/><\/strong>Languages: <strong>Hungarian,\u00a0English, Russian, Hebrew, Arabic, Polish, Portuguese,\u00a0 Romanian, Serbian, Slovenian, Czech, Lithuanian, Slovakian<\/strong><\/p>\t\t\t\t\t\t\t\t<\/div>\n\t\t\t\t<\/div>\n\t\t\t\t\t<\/div>\n\t\t<\/div>\n\t\t\t\t\t<\/div>\n\t\t<\/section>\n\t\t\t\t<\/div>\n\t\t","protected":false},"excerpt":{"rendered":"<p>Berry and Dolly 2 &#8211; Gingerbread We all belong together Synopsis This time, Berry and Dolly will travel through forests, fields and waters, and even conquer the skies in a balloon. Technical information Format: 2D HD &#8211; 1&#215;70\u2019Genre: EdutainmentTarget:\u00a0 PreschoolStatus: CompletedProduction: KEDD Animation Studio, 2012Directed by Antonin Krizsanics, G\u00e9za M. T\u00f3th,Script, design and character design:\u00a0Erika [&hellip;]<\/p>\n","protected":false},"author":2,"featured_media":0,"parent":0,"menu_order":0,"comment_status":"closed","ping_status":"closed","template":"","meta":{"footnotes":""},"class_list":["post-1042","page","type-page","status-publish","hentry"],"_links":{"self":[{"href":"https:\/\/www.keddstudio.com\/index.php\/wp-json\/wp\/v2\/pages\/1042","targetHints":{"allow":["GET"]}}],"collection":[{"href":"https:\/\/www.keddstudio.com\/index.php\/wp-json\/wp\/v2\/pages"}],"about":[{"href":"https:\/\/www.keddstudio.com\/index.php\/wp-json\/wp\/v2\/types\/page"}],"author":[{"embeddable":true,"href":"https:\/\/www.keddstudio.com\/index.php\/wp-json\/wp\/v2\/users\/2"}],"replies":[{"embeddable":true,"href":"https:\/\/www.keddstudio.com\/index.php\/wp-json\/wp\/v2\/comments?post=1042"}],"version-history":[{"count":30,"href":"https:\/\/www.keddstudio.com\/index.php\/wp-json\/wp\/v2\/pages\/1042\/revisions"}],"predecessor-version":[{"id":6125,"href":"https:\/\/www.keddstudio.com\/index.php\/wp-json\/wp\/v2\/pages\/1042\/revisions\/6125"}],"wp:attachment":[{"href":"https:\/\/www.keddstudio.com\/index.php\/wp-json\/wp\/v2\/media?parent=1042"}],"curies":[{"name":"wp","href":"https:\/\/api.w.org\/{rel}","templated":true}]}}