{"id":1040,"date":"2021-12-03T21:37:58","date_gmt":"2021-12-03T21:37:58","guid":{"rendered":"http:\/\/dev.keddstudio.com\/?page_id=1040"},"modified":"2025-09-11T09:08:51","modified_gmt":"2025-09-11T09:08:51","slug":"bogyo-es-baboca-13-mese","status":"publish","type":"page","link":"https:\/\/www.keddstudio.com\/index.php\/bogyo-es-baboca-13-mese\/","title":{"rendered":"Berry and Dolly 1 &#8211; Friends"},"content":{"rendered":"\t\t<div data-elementor-type=\"wp-page\" data-elementor-id=\"1040\" class=\"elementor elementor-1040\" data-elementor-post-type=\"page\">\n\t\t\t\t\t\t<section class=\"elementor-section elementor-top-section elementor-element elementor-element-fff54cc elementor-section-full_width elementor-section-height-default elementor-section-height-default\" data-id=\"fff54cc\" data-element_type=\"section\">\n\t\t\t\t\t\t<div class=\"elementor-container elementor-column-gap-no\">\n\t\t\t\t\t<div class=\"elementor-column elementor-col-100 elementor-top-column elementor-element elementor-element-c83209b\" data-id=\"c83209b\" data-element_type=\"column\">\n\t\t\t<div class=\"elementor-widget-wrap elementor-element-populated\">\n\t\t\t\t\t\t<div class=\"elementor-element elementor-element-aec7893 elementor-widget elementor-widget-image\" data-id=\"aec7893\" data-element_type=\"widget\" data-widget_type=\"image.default\">\n\t\t\t\t<div class=\"elementor-widget-container\">\n\t\t\t\t\t\t\t\t\t\t\t\t\t\t\t<img fetchpriority=\"high\" decoding=\"async\" width=\"1920\" height=\"550\" src=\"https:\/\/www.keddstudio.com\/wp-content\/uploads\/2025\/09\/BB1_HEADER_1920x550.jpg\" class=\"attachment-2048x2048 size-2048x2048 wp-image-6116\" alt=\"\" srcset=\"https:\/\/www.keddstudio.com\/wp-content\/uploads\/2025\/09\/BB1_HEADER_1920x550.jpg 1920w, https:\/\/www.keddstudio.com\/wp-content\/uploads\/2025\/09\/BB1_HEADER_1920x550-300x86.jpg 300w, https:\/\/www.keddstudio.com\/wp-content\/uploads\/2025\/09\/BB1_HEADER_1920x550-1024x293.jpg 1024w, https:\/\/www.keddstudio.com\/wp-content\/uploads\/2025\/09\/BB1_HEADER_1920x550-768x220.jpg 768w, https:\/\/www.keddstudio.com\/wp-content\/uploads\/2025\/09\/BB1_HEADER_1920x550-1536x440.jpg 1536w, https:\/\/www.keddstudio.com\/wp-content\/uploads\/2025\/09\/BB1_HEADER_1920x550-1170x335.jpg 1170w, https:\/\/www.keddstudio.com\/wp-content\/uploads\/2025\/09\/BB1_HEADER_1920x550-370x106.jpg 370w, https:\/\/www.keddstudio.com\/wp-content\/uploads\/2025\/09\/BB1_HEADER_1920x550-870x249.jpg 870w, https:\/\/www.keddstudio.com\/wp-content\/uploads\/2025\/09\/BB1_HEADER_1920x550-390x112.jpg 390w\" sizes=\"(max-width: 1920px) 100vw, 1920px\" \/>\t\t\t\t\t\t\t\t\t\t\t\t\t\t\t<\/div>\n\t\t\t\t<\/div>\n\t\t\t\t<div class=\"elementor-element elementor-element-780b343 elementor-widget elementor-widget-heading\" data-id=\"780b343\" data-element_type=\"widget\" data-widget_type=\"heading.default\">\n\t\t\t\t<div class=\"elementor-widget-container\">\n\t\t\t\t\t<h2 class=\"elementor-heading-title elementor-size-xl\">Berry and Dolly 1 - Friends<\/h2>\t\t\t\t<\/div>\n\t\t\t\t<\/div>\n\t\t\t\t<div class=\"elementor-element elementor-element-67e9fd6 elementor-widget elementor-widget-heading\" data-id=\"67e9fd6\" data-element_type=\"widget\" data-widget_type=\"heading.default\">\n\t\t\t\t<div class=\"elementor-widget-container\">\n\t\t\t\t\t<h2 class=\"elementor-heading-title elementor-size-large\">We all belong together<\/h2>\t\t\t\t<\/div>\n\t\t\t\t<\/div>\n\t\t\t\t\t<\/div>\n\t\t<\/div>\n\t\t\t\t\t<\/div>\n\t\t<\/section>\n\t\t\t\t<section class=\"elementor-section elementor-top-section elementor-element elementor-element-c75d2b5 elementor-section-full_width elementor-section-height-default elementor-section-height-default\" data-id=\"c75d2b5\" data-element_type=\"section\">\n\t\t\t\t\t\t<div class=\"elementor-container elementor-column-gap-default\">\n\t\t\t\t\t<div class=\"elementor-column elementor-col-33 elementor-top-column elementor-element elementor-element-77d8537\" data-id=\"77d8537\" data-element_type=\"column\">\n\t\t\t<div class=\"elementor-widget-wrap elementor-element-populated\">\n\t\t\t\t\t\t<div class=\"elementor-element elementor-element-61284ba elementor-widget elementor-widget-image\" data-id=\"61284ba\" data-element_type=\"widget\" data-widget_type=\"image.default\">\n\t\t\t\t<div class=\"elementor-widget-container\">\n\t\t\t\t\t\t\t\t\t\t\t\t\t\t\t<img decoding=\"async\" width=\"625\" height=\"352\" src=\"https:\/\/www.keddstudio.com\/wp-content\/uploads\/2023\/09\/BB_FRIENDS_1.jpg\" class=\"attachment-large size-large wp-image-4119\" alt=\"\" srcset=\"https:\/\/www.keddstudio.com\/wp-content\/uploads\/2023\/09\/BB_FRIENDS_1.jpg 625w, https:\/\/www.keddstudio.com\/wp-content\/uploads\/2023\/09\/BB_FRIENDS_1-300x170.jpg 300w, https:\/\/www.keddstudio.com\/wp-content\/uploads\/2023\/09\/BB_FRIENDS_1-370x208.jpg 370w, https:\/\/www.keddstudio.com\/wp-content\/uploads\/2023\/09\/BB_FRIENDS_1-390x220.jpg 390w\" sizes=\"(max-width: 625px) 100vw, 625px\" \/>\t\t\t\t\t\t\t\t\t\t\t\t\t\t\t<\/div>\n\t\t\t\t<\/div>\n\t\t\t\t\t<\/div>\n\t\t<\/div>\n\t\t\t\t<div class=\"elementor-column elementor-col-33 elementor-top-column elementor-element elementor-element-11ecfa0\" data-id=\"11ecfa0\" data-element_type=\"column\">\n\t\t\t<div class=\"elementor-widget-wrap elementor-element-populated\">\n\t\t\t\t\t\t<div class=\"elementor-element elementor-element-6ac7a63 elementor-widget elementor-widget-video\" data-id=\"6ac7a63\" data-element_type=\"widget\" data-settings=\"{&quot;video_type&quot;:&quot;vimeo&quot;}\" data-widget_type=\"video.default\">\n\t\t\t\t<div class=\"elementor-widget-container\">\n\t\t\t\t\t\t\t<div class=\"elementor-wrapper elementor-open-inline\">\n\t\t\t<iframe class=\"elementor-video-iframe\" allowfullscreen allow=\"clipboard-write\" title=\"vimeo vide\u00f3 lej\u00e1tsz\u00f3\" src=\"https:\/\/player.vimeo.com\/video\/990566621?color&amp;autopause=0&amp;loop=0&amp;muted=0&amp;title=1&amp;portrait=1&amp;byline=1#t=\"><\/iframe>\t\t<\/div>\n\t\t\t\t\t\t<\/div>\n\t\t\t\t<\/div>\n\t\t\t\t\t<\/div>\n\t\t<\/div>\n\t\t\t\t<div class=\"elementor-column elementor-col-33 elementor-top-column elementor-element elementor-element-40747e7\" data-id=\"40747e7\" data-element_type=\"column\">\n\t\t\t<div class=\"elementor-widget-wrap elementor-element-populated\">\n\t\t\t\t\t\t<div class=\"elementor-element elementor-element-3e6bb02 elementor-widget elementor-widget-image\" data-id=\"3e6bb02\" data-element_type=\"widget\" data-widget_type=\"image.default\">\n\t\t\t\t<div class=\"elementor-widget-container\">\n\t\t\t\t\t\t\t\t\t\t\t\t\t\t\t<img decoding=\"async\" width=\"1024\" height=\"576\" src=\"https:\/\/www.keddstudio.com\/wp-content\/uploads\/2025\/09\/BB_S01E10_The_Bumblebee_THUMB-1024x576.jpg\" class=\"attachment-large size-large wp-image-6012\" alt=\"\" srcset=\"https:\/\/www.keddstudio.com\/wp-content\/uploads\/2025\/09\/BB_S01E10_The_Bumblebee_THUMB-1024x576.jpg 1024w, https:\/\/www.keddstudio.com\/wp-content\/uploads\/2025\/09\/BB_S01E10_The_Bumblebee_THUMB-300x170.jpg 300w, https:\/\/www.keddstudio.com\/wp-content\/uploads\/2025\/09\/BB_S01E10_The_Bumblebee_THUMB-768x432.jpg 768w, https:\/\/www.keddstudio.com\/wp-content\/uploads\/2025\/09\/BB_S01E10_The_Bumblebee_THUMB-1536x864.jpg 1536w, https:\/\/www.keddstudio.com\/wp-content\/uploads\/2025\/09\/BB_S01E10_The_Bumblebee_THUMB-1170x659.jpg 1170w, https:\/\/www.keddstudio.com\/wp-content\/uploads\/2025\/09\/BB_S01E10_The_Bumblebee_THUMB-370x208.jpg 370w, https:\/\/www.keddstudio.com\/wp-content\/uploads\/2025\/09\/BB_S01E10_The_Bumblebee_THUMB-870x490.jpg 870w, https:\/\/www.keddstudio.com\/wp-content\/uploads\/2025\/09\/BB_S01E10_The_Bumblebee_THUMB-390x220.jpg 390w, https:\/\/www.keddstudio.com\/wp-content\/uploads\/2025\/09\/BB_S01E10_The_Bumblebee_THUMB.jpg 1920w\" sizes=\"(max-width: 1024px) 100vw, 1024px\" \/>\t\t\t\t\t\t\t\t\t\t\t\t\t\t\t<\/div>\n\t\t\t\t<\/div>\n\t\t\t\t\t<\/div>\n\t\t<\/div>\n\t\t\t\t\t<\/div>\n\t\t<\/section>\n\t\t\t\t<section class=\"elementor-section elementor-top-section elementor-element elementor-element-4ff710d elementor-section-boxed elementor-section-height-default elementor-section-height-default\" data-id=\"4ff710d\" data-element_type=\"section\">\n\t\t\t\t\t\t<div class=\"elementor-container elementor-column-gap-default\">\n\t\t\t\t\t<div class=\"elementor-column elementor-col-100 elementor-top-column elementor-element elementor-element-a1d6fad\" data-id=\"a1d6fad\" data-element_type=\"column\">\n\t\t\t<div class=\"elementor-widget-wrap elementor-element-populated\">\n\t\t\t\t\t\t<div class=\"elementor-element elementor-element-f8100e2 elementor-widget elementor-widget-spacer\" data-id=\"f8100e2\" data-element_type=\"widget\" data-widget_type=\"spacer.default\">\n\t\t\t\t<div class=\"elementor-widget-container\">\n\t\t\t\t\t\t\t<div class=\"elementor-spacer\">\n\t\t\t<div class=\"elementor-spacer-inner\"><\/div>\n\t\t<\/div>\n\t\t\t\t\t\t<\/div>\n\t\t\t\t<\/div>\n\t\t\t\t\t<\/div>\n\t\t<\/div>\n\t\t\t\t\t<\/div>\n\t\t<\/section>\n\t\t\t\t<section class=\"elementor-section elementor-top-section elementor-element elementor-element-c4aa20e elementor-section-boxed elementor-section-height-default elementor-section-height-default\" data-id=\"c4aa20e\" data-element_type=\"section\" data-settings=\"{&quot;background_background&quot;:&quot;classic&quot;}\">\n\t\t\t\t\t\t\t<div class=\"elementor-background-overlay\"><\/div>\n\t\t\t\t\t\t\t<div class=\"elementor-container elementor-column-gap-default\">\n\t\t\t\t\t<div class=\"elementor-column elementor-col-50 elementor-top-column elementor-element elementor-element-928c771\" data-id=\"928c771\" data-element_type=\"column\">\n\t\t\t<div class=\"elementor-widget-wrap elementor-element-populated\">\n\t\t\t\t\t\t<div class=\"elementor-element elementor-element-1fd3d49 elementor-widget elementor-widget-image\" data-id=\"1fd3d49\" data-element_type=\"widget\" data-widget_type=\"image.default\">\n\t\t\t\t<div class=\"elementor-widget-container\">\n\t\t\t\t\t\t\t\t\t\t\t\t\t\t\t<img loading=\"lazy\" decoding=\"async\" width=\"580\" height=\"580\" src=\"https:\/\/www.keddstudio.com\/wp-content\/uploads\/2023\/09\/kezenfogva_small.png\" class=\"attachment-medium_large size-medium_large wp-image-4025\" alt=\"\" srcset=\"https:\/\/www.keddstudio.com\/wp-content\/uploads\/2023\/09\/kezenfogva_small.png 580w, https:\/\/www.keddstudio.com\/wp-content\/uploads\/2023\/09\/kezenfogva_small-300x300.png 300w, https:\/\/www.keddstudio.com\/wp-content\/uploads\/2023\/09\/kezenfogva_small-150x150.png 150w, https:\/\/www.keddstudio.com\/wp-content\/uploads\/2023\/09\/kezenfogva_small-370x370.png 370w, https:\/\/www.keddstudio.com\/wp-content\/uploads\/2023\/09\/kezenfogva_small-390x390.png 390w, https:\/\/www.keddstudio.com\/wp-content\/uploads\/2023\/09\/kezenfogva_small-75x75.png 75w\" sizes=\"(max-width: 580px) 100vw, 580px\" \/>\t\t\t\t\t\t\t\t\t\t\t\t\t\t\t<\/div>\n\t\t\t\t<\/div>\n\t\t\t\t\t<\/div>\n\t\t<\/div>\n\t\t\t\t<div class=\"elementor-column elementor-col-50 elementor-top-column elementor-element elementor-element-b792f87\" data-id=\"b792f87\" data-element_type=\"column\">\n\t\t\t<div class=\"elementor-widget-wrap elementor-element-populated\">\n\t\t\t\t\t\t<div class=\"elementor-element elementor-element-bf83a82 elementor-widget elementor-widget-heading\" data-id=\"bf83a82\" data-element_type=\"widget\" data-widget_type=\"heading.default\">\n\t\t\t\t<div class=\"elementor-widget-container\">\n\t\t\t\t\t<h2 class=\"elementor-heading-title elementor-size-large\">Synopsis<\/h2>\t\t\t\t<\/div>\n\t\t\t\t<\/div>\n\t\t\t\t<div class=\"elementor-element elementor-element-e22c31c elementor-widget elementor-widget-text-editor\" data-id=\"e22c31c\" data-element_type=\"widget\" data-widget_type=\"text-editor.default\">\n\t\t\t\t<div class=\"elementor-widget-container\">\n\t\t\t\t\t\t\t\t\t<p>Berry the snail boy and Dolly, the ladybird are inseparable friends. Their charming, instructive and non-violent stories illustrate the everyday life of preschoolers and the world around them. With their pals, they build a rainbow slide, fly through the air on a kite and meet Santa Claus, among other things.<\/p>\t\t\t\t\t\t\t\t<\/div>\n\t\t\t\t<\/div>\n\t\t\t\t<div class=\"elementor-element elementor-element-949b57f elementor-widget elementor-widget-heading\" data-id=\"949b57f\" data-element_type=\"widget\" data-widget_type=\"heading.default\">\n\t\t\t\t<div class=\"elementor-widget-container\">\n\t\t\t\t\t<h2 class=\"elementor-heading-title elementor-size-large\">Technical information<\/h2>\t\t\t\t<\/div>\n\t\t\t\t<\/div>\n\t\t\t\t<div class=\"elementor-element elementor-element-d63b613 elementor-widget elementor-widget-text-editor\" data-id=\"d63b613\" data-element_type=\"widget\" data-widget_type=\"text-editor.default\">\n\t\t\t\t<div class=\"elementor-widget-container\">\n\t\t\t\t\t\t\t\t\t<p>Format: <strong>2D HD \u2013 1&#215;70\u2019<\/strong><br \/>Genre: <strong>Edutainment<\/strong><br \/>Target: <strong>Preschool<\/strong><br \/>Status: <strong>Completed<\/strong><br \/>Production: <strong>KEDD Animation Studio, 2010<br \/><\/strong>Directed by <strong>Antonin Krizsanics, G\u00e9za M. T\u00f3th,<br \/><\/strong>Script, design and character design:\u00a0<strong> Erika Bartos<\/strong><br \/>Storyteller in Hungarian version: <strong>Judit Pog\u00e1ny<br \/><\/strong>Produced by\u00a0<strong>G\u00e9za M. T\u00f3th<br \/><\/strong>Music by <strong>Alma Ensemble<br \/><\/strong>Languages: <strong>English, Hungarian, Russian, Hebrew, Portuguese, Arabic, Czech, Polish, Romanian, Serbian, Slovenian, Lithuanian, Slovakian<\/strong><\/p>\t\t\t\t\t\t\t\t<\/div>\n\t\t\t\t<\/div>\n\t\t\t\t\t<\/div>\n\t\t<\/div>\n\t\t\t\t\t<\/div>\n\t\t<\/section>\n\t\t\t\t<\/div>\n\t\t","protected":false},"excerpt":{"rendered":"<p>Berry and Dolly 1 &#8211; Friends We all belong together Synopsis Berry the snail boy and Dolly, the ladybird are inseparable friends. Their charming, instructive and non-violent stories illustrate the everyday life of preschoolers and the world around them. With their pals, they build a rainbow slide, fly through the air on a kite and [&hellip;]<\/p>\n","protected":false},"author":2,"featured_media":0,"parent":0,"menu_order":0,"comment_status":"closed","ping_status":"closed","template":"","meta":{"footnotes":""},"class_list":["post-1040","page","type-page","status-publish","hentry"],"_links":{"self":[{"href":"https:\/\/www.keddstudio.com\/index.php\/wp-json\/wp\/v2\/pages\/1040","targetHints":{"allow":["GET"]}}],"collection":[{"href":"https:\/\/www.keddstudio.com\/index.php\/wp-json\/wp\/v2\/pages"}],"about":[{"href":"https:\/\/www.keddstudio.com\/index.php\/wp-json\/wp\/v2\/types\/page"}],"author":[{"embeddable":true,"href":"https:\/\/www.keddstudio.com\/index.php\/wp-json\/wp\/v2\/users\/2"}],"replies":[{"embeddable":true,"href":"https:\/\/www.keddstudio.com\/index.php\/wp-json\/wp\/v2\/comments?post=1040"}],"version-history":[{"count":41,"href":"https:\/\/www.keddstudio.com\/index.php\/wp-json\/wp\/v2\/pages\/1040\/revisions"}],"predecessor-version":[{"id":6121,"href":"https:\/\/www.keddstudio.com\/index.php\/wp-json\/wp\/v2\/pages\/1040\/revisions\/6121"}],"wp:attachment":[{"href":"https:\/\/www.keddstudio.com\/index.php\/wp-json\/wp\/v2\/media?parent=1040"}],"curies":[{"name":"wp","href":"https:\/\/api.w.org\/{rel}","templated":true}]}}