{"id":1038,"date":"2021-12-03T21:35:04","date_gmt":"2021-12-03T21:35:04","guid":{"rendered":"http:\/\/dev.keddstudio.com\/?page_id=1038"},"modified":"2025-03-07T17:20:37","modified_gmt":"2025-03-07T17:20:37","slug":"keddmese","status":"publish","type":"page","link":"https:\/\/www.keddstudio.com\/index.php\/keddmese\/","title":{"rendered":"KEDDTale"},"content":{"rendered":"\t\t<div data-elementor-type=\"wp-page\" data-elementor-id=\"1038\" class=\"elementor elementor-1038\" data-elementor-post-type=\"page\">\n\t\t\t\t\t\t<section class=\"elementor-section elementor-top-section elementor-element elementor-element-6c20f74 elementor-section-full_width elementor-section-height-default elementor-section-height-default\" data-id=\"6c20f74\" data-element_type=\"section\">\n\t\t\t\t\t\t<div class=\"elementor-container elementor-column-gap-no\">\n\t\t\t\t\t<div class=\"elementor-column elementor-col-100 elementor-top-column elementor-element elementor-element-d99bf16\" data-id=\"d99bf16\" data-element_type=\"column\">\n\t\t\t<div class=\"elementor-widget-wrap elementor-element-populated\">\n\t\t\t\t\t\t<div class=\"elementor-element elementor-element-d1af36c elementor-widget elementor-widget-image\" data-id=\"d1af36c\" data-element_type=\"widget\" data-widget_type=\"image.default\">\n\t\t\t\t<div class=\"elementor-widget-container\">\n\t\t\t\t\t\t\t\t\t\t\t\t\t\t\t<img fetchpriority=\"high\" decoding=\"async\" width=\"1920\" height=\"359\" src=\"https:\/\/www.keddstudio.com\/wp-content\/uploads\/2023\/09\/Keddmese_oldalborito.jpg\" class=\"attachment-2048x2048 size-2048x2048 wp-image-4244\" alt=\"\" srcset=\"https:\/\/www.keddstudio.com\/wp-content\/uploads\/2023\/09\/Keddmese_oldalborito.jpg 1920w, https:\/\/www.keddstudio.com\/wp-content\/uploads\/2023\/09\/Keddmese_oldalborito-300x56.jpg 300w, https:\/\/www.keddstudio.com\/wp-content\/uploads\/2023\/09\/Keddmese_oldalborito-1024x191.jpg 1024w, https:\/\/www.keddstudio.com\/wp-content\/uploads\/2023\/09\/Keddmese_oldalborito-768x144.jpg 768w, https:\/\/www.keddstudio.com\/wp-content\/uploads\/2023\/09\/Keddmese_oldalborito-1536x287.jpg 1536w, https:\/\/www.keddstudio.com\/wp-content\/uploads\/2023\/09\/Keddmese_oldalborito-1170x219.jpg 1170w, https:\/\/www.keddstudio.com\/wp-content\/uploads\/2023\/09\/Keddmese_oldalborito-370x69.jpg 370w, https:\/\/www.keddstudio.com\/wp-content\/uploads\/2023\/09\/Keddmese_oldalborito-870x163.jpg 870w, https:\/\/www.keddstudio.com\/wp-content\/uploads\/2023\/09\/Keddmese_oldalborito-390x73.jpg 390w\" sizes=\"(max-width: 1920px) 100vw, 1920px\" \/>\t\t\t\t\t\t\t\t\t\t\t\t\t\t\t<\/div>\n\t\t\t\t<\/div>\n\t\t\t\t<div class=\"elementor-element elementor-element-3ae86a6 elementor-widget elementor-widget-heading\" data-id=\"3ae86a6\" data-element_type=\"widget\" data-widget_type=\"heading.default\">\n\t\t\t\t<div class=\"elementor-widget-container\">\n\t\t\t\t\t<h2 class=\"elementor-heading-title elementor-size-xl\">KEDDTale<\/h2>\t\t\t\t<\/div>\n\t\t\t\t<\/div>\n\t\t\t\t<div class=\"elementor-element elementor-element-2848678 elementor-widget elementor-widget-heading\" data-id=\"2848678\" data-element_type=\"widget\" data-widget_type=\"heading.default\">\n\t\t\t\t<div class=\"elementor-widget-container\">\n\t\t\t\t\t<h2 class=\"elementor-heading-title elementor-size-large\">You write it, we tell it!<\/h2>\t\t\t\t<\/div>\n\t\t\t\t<\/div>\n\t\t\t\t\t<\/div>\n\t\t<\/div>\n\t\t\t\t\t<\/div>\n\t\t<\/section>\n\t\t\t\t<section class=\"elementor-section elementor-top-section elementor-element elementor-element-e30788d elementor-section-full_width elementor-section-height-default elementor-section-height-default\" data-id=\"e30788d\" data-element_type=\"section\">\n\t\t\t\t\t\t<div class=\"elementor-container elementor-column-gap-narrow\">\n\t\t\t\t\t<div class=\"elementor-column elementor-col-33 elementor-top-column elementor-element elementor-element-15163f7\" data-id=\"15163f7\" data-element_type=\"column\">\n\t\t\t<div class=\"elementor-widget-wrap elementor-element-populated\">\n\t\t\t\t\t\t<div class=\"elementor-element elementor-element-16da72a elementor-widget elementor-widget-video\" data-id=\"16da72a\" data-element_type=\"widget\" data-settings=\"{&quot;youtube_url&quot;:&quot;https:\\\/\\\/youtu.be\\\/5uUieONUlPo&quot;,&quot;video_type&quot;:&quot;youtube&quot;,&quot;controls&quot;:&quot;yes&quot;}\" data-widget_type=\"video.default\">\n\t\t\t\t<div class=\"elementor-widget-container\">\n\t\t\t\t\t\t\t<div class=\"elementor-wrapper elementor-open-inline\">\n\t\t\t<div class=\"elementor-video\"><\/div>\t\t<\/div>\n\t\t\t\t\t\t<\/div>\n\t\t\t\t<\/div>\n\t\t\t\t\t<\/div>\n\t\t<\/div>\n\t\t\t\t<div class=\"elementor-column elementor-col-33 elementor-top-column elementor-element elementor-element-7db0df5\" data-id=\"7db0df5\" data-element_type=\"column\">\n\t\t\t<div class=\"elementor-widget-wrap elementor-element-populated\">\n\t\t\t\t\t\t<div class=\"elementor-element elementor-element-29ee0f2 elementor-widget elementor-widget-video\" data-id=\"29ee0f2\" data-element_type=\"widget\" data-settings=\"{&quot;youtube_url&quot;:&quot;https:\\\/\\\/youtu.be\\\/wbUTvVo2UFc&quot;,&quot;video_type&quot;:&quot;youtube&quot;,&quot;controls&quot;:&quot;yes&quot;}\" data-widget_type=\"video.default\">\n\t\t\t\t<div class=\"elementor-widget-container\">\n\t\t\t\t\t\t\t<div class=\"elementor-wrapper elementor-open-inline\">\n\t\t\t<div class=\"elementor-video\"><\/div>\t\t<\/div>\n\t\t\t\t\t\t<\/div>\n\t\t\t\t<\/div>\n\t\t\t\t\t<\/div>\n\t\t<\/div>\n\t\t\t\t<div class=\"elementor-column elementor-col-33 elementor-top-column elementor-element elementor-element-07bea8a\" data-id=\"07bea8a\" data-element_type=\"column\">\n\t\t\t<div class=\"elementor-widget-wrap elementor-element-populated\">\n\t\t\t\t\t\t<div class=\"elementor-element elementor-element-0c52742 elementor-widget elementor-widget-video\" data-id=\"0c52742\" data-element_type=\"widget\" data-settings=\"{&quot;youtube_url&quot;:&quot;https:\\\/\\\/youtu.be\\\/ipeHvXM0kSU&quot;,&quot;video_type&quot;:&quot;youtube&quot;,&quot;controls&quot;:&quot;yes&quot;}\" data-widget_type=\"video.default\">\n\t\t\t\t<div class=\"elementor-widget-container\">\n\t\t\t\t\t\t\t<div class=\"elementor-wrapper elementor-open-inline\">\n\t\t\t<div class=\"elementor-video\"><\/div>\t\t<\/div>\n\t\t\t\t\t\t<\/div>\n\t\t\t\t<\/div>\n\t\t\t\t\t<\/div>\n\t\t<\/div>\n\t\t\t\t\t<\/div>\n\t\t<\/section>\n\t\t\t\t<section class=\"elementor-section elementor-top-section elementor-element elementor-element-b4330b8 elementor-section-boxed elementor-section-height-default elementor-section-height-default\" data-id=\"b4330b8\" data-element_type=\"section\">\n\t\t\t\t\t\t<div class=\"elementor-container elementor-column-gap-default\">\n\t\t\t\t\t<div class=\"elementor-column elementor-col-100 elementor-top-column elementor-element elementor-element-0ef0abf\" data-id=\"0ef0abf\" data-element_type=\"column\">\n\t\t\t<div class=\"elementor-widget-wrap elementor-element-populated\">\n\t\t\t\t\t\t<div class=\"elementor-element elementor-element-ebac08a elementor-widget elementor-widget-spacer\" data-id=\"ebac08a\" data-element_type=\"widget\" data-widget_type=\"spacer.default\">\n\t\t\t\t<div class=\"elementor-widget-container\">\n\t\t\t\t\t\t\t<div class=\"elementor-spacer\">\n\t\t\t<div class=\"elementor-spacer-inner\"><\/div>\n\t\t<\/div>\n\t\t\t\t\t\t<\/div>\n\t\t\t\t<\/div>\n\t\t\t\t\t<\/div>\n\t\t<\/div>\n\t\t\t\t\t<\/div>\n\t\t<\/section>\n\t\t\t\t<section class=\"elementor-section elementor-top-section elementor-element elementor-element-5e3a114 elementor-section-boxed elementor-section-height-default elementor-section-height-default\" data-id=\"5e3a114\" data-element_type=\"section\" data-settings=\"{&quot;background_background&quot;:&quot;classic&quot;}\">\n\t\t\t\t\t\t<div class=\"elementor-container elementor-column-gap-default\">\n\t\t\t\t\t<div class=\"elementor-column elementor-col-100 elementor-top-column elementor-element elementor-element-ee4a48e\" data-id=\"ee4a48e\" data-element_type=\"column\">\n\t\t\t<div class=\"elementor-widget-wrap elementor-element-populated\">\n\t\t\t\t\t\t<div class=\"elementor-element elementor-element-f42c8e8 elementor-widget elementor-widget-heading\" data-id=\"f42c8e8\" data-element_type=\"widget\" data-widget_type=\"heading.default\">\n\t\t\t\t<div class=\"elementor-widget-container\">\n\t\t\t\t\t<h2 class=\"elementor-heading-title elementor-size-large\">Synopsis<\/h2>\t\t\t\t<\/div>\n\t\t\t\t<\/div>\n\t\t\t\t<div class=\"elementor-element elementor-element-ba9c774 elementor-widget elementor-widget-text-editor\" data-id=\"ba9c774\" data-element_type=\"widget\" data-widget_type=\"text-editor.default\">\n\t\t\t\t<div class=\"elementor-widget-container\">\n\t\t\t\t\t\t\t\t\t<p>Tales written by children, performed by well-known Hungarian artists and personalities.<\/p>\t\t\t\t\t\t\t\t<\/div>\n\t\t\t\t<\/div>\n\t\t\t\t<div class=\"elementor-element elementor-element-5d0417e elementor-widget elementor-widget-heading\" data-id=\"5d0417e\" data-element_type=\"widget\" data-widget_type=\"heading.default\">\n\t\t\t\t<div class=\"elementor-widget-container\">\n\t\t\t\t\t<h2 class=\"elementor-heading-title elementor-size-large\">Technical information<\/h2>\t\t\t\t<\/div>\n\t\t\t\t<\/div>\n\t\t\t\t<div class=\"elementor-element elementor-element-3417cef elementor-widget elementor-widget-text-editor\" data-id=\"3417cef\" data-element_type=\"widget\" data-widget_type=\"text-editor.default\">\n\t\t\t\t<div class=\"elementor-widget-container\">\n\t\t\t\t\t\t\t\t\t<p>Format: HD \u2013 52&#215;5\u2019<br \/>Genre: Edutainment<br \/>Target: Preschool<br \/>Status: Completed<br \/>Production : <strong>KEDD Animation Studio, 2015<br \/><\/strong>Directed by <strong>Gy\u00f6rgy P\u00e9chy<br \/><\/strong>Written by <strong>Doraya Bouandel<br \/><\/strong>Art director: <strong>Bogl\u00e1rka Udvardy<br \/><\/strong>Produced by\u00a0<strong>G\u00e9za M. T\u00f3th<br \/><\/strong>Music and sound by <strong>Bal\u00e1zs Alp\u00e1r<br \/><\/strong>Puppet Actor:<strong> Anita Baranyai<\/strong><br \/>Language: Hungarian<\/p>\t\t\t\t\t\t\t\t<\/div>\n\t\t\t\t<\/div>\n\t\t\t\t\t<\/div>\n\t\t<\/div>\n\t\t\t\t\t<\/div>\n\t\t<\/section>\n\t\t\t\t<\/div>\n\t\t","protected":false},"excerpt":{"rendered":"<p>KEDDTale You write it, we tell it! https:\/\/youtu.be\/5uUieONUlPohttps:\/\/youtu.be\/wbUTvVo2UFchttps:\/\/youtu.be\/ipeHvXM0kSU Synopsis Tales written by children, performed by well-known Hungarian artists and personalities. Technical information Format: HD \u2013 52&#215;5\u2019Genre: EdutainmentTarget: PreschoolStatus: CompletedProduction : KEDD Animation Studio, 2015Directed by Gy\u00f6rgy P\u00e9chyWritten by Doraya BouandelArt director: Bogl\u00e1rka UdvardyProduced by\u00a0G\u00e9za M. T\u00f3thMusic and sound by Bal\u00e1zs Alp\u00e1rPuppet Actor: Anita BaranyaiLanguage: Hungarian<\/p>\n","protected":false},"author":2,"featured_media":0,"parent":0,"menu_order":0,"comment_status":"closed","ping_status":"closed","template":"","meta":{"footnotes":""},"class_list":["post-1038","page","type-page","status-publish","hentry"],"_links":{"self":[{"href":"https:\/\/www.keddstudio.com\/index.php\/wp-json\/wp\/v2\/pages\/1038","targetHints":{"allow":["GET"]}}],"collection":[{"href":"https:\/\/www.keddstudio.com\/index.php\/wp-json\/wp\/v2\/pages"}],"about":[{"href":"https:\/\/www.keddstudio.com\/index.php\/wp-json\/wp\/v2\/types\/page"}],"author":[{"embeddable":true,"href":"https:\/\/www.keddstudio.com\/index.php\/wp-json\/wp\/v2\/users\/2"}],"replies":[{"embeddable":true,"href":"https:\/\/www.keddstudio.com\/index.php\/wp-json\/wp\/v2\/comments?post=1038"}],"version-history":[{"count":4,"href":"https:\/\/www.keddstudio.com\/index.php\/wp-json\/wp\/v2\/pages\/1038\/revisions"}],"predecessor-version":[{"id":5630,"href":"https:\/\/www.keddstudio.com\/index.php\/wp-json\/wp\/v2\/pages\/1038\/revisions\/5630"}],"wp:attachment":[{"href":"https:\/\/www.keddstudio.com\/index.php\/wp-json\/wp\/v2\/media?parent=1038"}],"curies":[{"name":"wp","href":"https:\/\/api.w.org\/{rel}","templated":true}]}}